{"id":318,"date":"2021-07-31T01:28:15","date_gmt":"2021-07-31T01:28:15","guid":{"rendered":"https:\/\/z.commonsupport.com\/acuasafe\/?page_id=318"},"modified":"2024-09-12T21:48:33","modified_gmt":"2024-09-12T21:48:33","slug":"about-us","status":"publish","type":"page","link":"https:\/\/priofiltersalbania.al\/index.php\/about-us\/","title":{"rendered":"Rreth Nesh"},"content":{"rendered":"\t\t<div data-elementor-type=\"wp-page\" data-elementor-id=\"318\" class=\"elementor elementor-318\">\n\t\t\t\t\t\t<section class=\"elementor-section elementor-top-section elementor-element elementor-element-755e9f7 elementor-section-boxed elementor-section-height-default elementor-section-height-default\" data-id=\"755e9f7\" data-element_type=\"section\">\n\t\t\t\t\t\t<div class=\"elementor-container elementor-column-gap-no\">\n\t\t\t\t\t<div class=\"elementor-column elementor-col-50 elementor-top-column elementor-element elementor-element-9e533ab\" data-id=\"9e533ab\" data-element_type=\"column\">\n\t\t\t<div class=\"elementor-widget-wrap elementor-element-populated\">\n\t\t\t\t\t\t<div class=\"elementor-element elementor-element-3e1ecda elementor-widget elementor-widget-acuasafe_h1_about_left\" data-id=\"3e1ecda\" data-element_type=\"widget\" data-widget_type=\"acuasafe_h1_about_left.default\">\n\t\t\t\t<div class=\"elementor-widget-container\">\n\t\t\t        \n\t\t<section class=\"about-section one\">\n\t\t\t<div class=\"auto-container\">\n\t\t\t\t<div class=\"row align-items-center clearfix\">\n\t\t\t\t\t<div class=\"col-lg-12 col-md-12 col-sm-12 image-column\">\n\t\t\t\t\t\t<figure class=\"image-box clearfix wow fadeInLeft animated\" data-wow-delay=\"00ms\" data-wow-duration=\"1500ms\">\n\t\t\t\t\t\t   \n\t\t\t\t\t\t<img decoding=\"async\" src=\"https:\/\/priofiltersalbania.al\/wp-content\/uploads\/2024\/09\/WhatsApp-Image-2024-08-27-at-12.41.36-e1725880444107.jpeg\" alt=\"\"\/>\n\t\t\t\t\t\t\t\t\t\t\t\t<\/figure>\n\t\t\t\t\t<\/div>\n\t\t\t\t<\/div>\n\t\t\t<\/div>\n\t\t<\/section>\n             \n\t\t\t\t<\/div>\n\t\t\t\t<\/div>\n\t\t\t\t\t<\/div>\n\t\t<\/div>\n\t\t\t\t<div class=\"elementor-column elementor-col-50 elementor-top-column elementor-element elementor-element-ebd51c9\" data-id=\"ebd51c9\" data-element_type=\"column\">\n\t\t\t<div class=\"elementor-widget-wrap elementor-element-populated\">\n\t\t\t\t\t\t<div class=\"elementor-element elementor-element-989e469 elementor-widget elementor-widget-acuasafe_h1_about_right\" data-id=\"989e469\" data-element_type=\"widget\" data-widget_type=\"acuasafe_h1_about_right.default\">\n\t\t\t\t<div class=\"elementor-widget-container\">\n\t\t\t        \n\t\t<section class=\"about-section two\">\n\t\t\t<div class=\"auto-container\">\n\t\t\t\t<div class=\"row align-items-center clearfix\">\n\t\t\t\t\t<div class=\"col-lg-12 col-md-12 col-sm-12 content-column\">\n\t\t\t\t\t\t<div class=\"content_block_1\">\n\t\t\t\t\t\t\t<div class=\"content-box wow fadeInRight animated\" data-wow-delay=\"00ms\" data-wow-duration=\"1500ms\">\n\t\t\t\t\t\t\t\t<div class=\"sec-title\">\n\t\t\t\t\t\t\t\t\t<h2>Ne duam gjithmon\u00eb uj\u00eb t\u00eb sigurt dhe t\u00eb sh\u00ebndetsh\u00ebm p\u00ebr nj\u00eb jet\u00eb t\u00eb sh\u00ebndetshme.<\/h2>\n\t\t\t\t\t\t\t\t<\/div>\n\t\t\t\t\t\t\t\t<div class=\"text\">\n\t\t\t\t\t\t\t\t\t<p>N\u00eb Prio Filters Albania, ne jemi t\u00eb p\u00ebrkushtuar p\u00ebr t\u00eb ofruar solucione t\u00eb avancuara p\u00ebr filtrimin e ujit, t\u00eb cilat garantojn\u00eb cil\u00ebsi dhe siguri t\u00eb lart\u00eb p\u00ebr \u00e7do p\u00ebrdorim. Duke ndjekur tradit\u00ebn dhe ekspertiz\u00ebn e mark\u00ebs s\u00eb njohur gjermane Prio\u00ae, ne sjellim teknologjin\u00eb m\u00eb t\u00eb fundit dhe produktet m\u00eb t\u00eb avancuara n\u00eb tregun shqiptar.<\/p>\n\t\t\t\t\t\t\t\t\t<p><\/p>\n\t\t\t\t\t\t\t\t<\/div>\n\t\t\t\t\t\t\t\t\t\t\t\t\t\t\t\t<div class=\"btn-box\">\n\t\t\t\t\t\t\t\t\t<a href=\"tel:+355682028282%20\" class=\"theme-btn btn-one\">Na kontakto<\/a>\n\t\t\t\t\t\t\t\t<\/div>\n\t\t\t\t\t\t\t\t\t\t\t\t\t\t\t<\/div>\n\t\t\t\t\t\t<\/div>\n\t\t\t\t\t<\/div>\n\t\t\t\t<\/div>\n\t\t\t<\/div>\n\t\t<\/section>\n             \n\t\t\t\t<\/div>\n\t\t\t\t<\/div>\n\t\t\t\t\t<\/div>\n\t\t<\/div>\n\t\t\t\t\t<\/div>\n\t\t<\/section>\n\t\t\t\t<section class=\"elementor-section elementor-top-section elementor-element elementor-element-cd2d603 elementor-section-boxed elementor-section-height-default elementor-section-height-default\" data-id=\"cd2d603\" data-element_type=\"section\" data-settings=\"{&quot;background_background&quot;:&quot;classic&quot;}\">\n\t\t\t\t\t\t<div class=\"elementor-container elementor-column-gap-no\">\n\t\t\t\t\t<div class=\"elementor-column elementor-col-50 elementor-top-column elementor-element elementor-element-8b0b42e\" data-id=\"8b0b42e\" data-element_type=\"column\">\n\t\t\t<div class=\"elementor-widget-wrap elementor-element-populated\">\n\t\t\t\t\t\t<div class=\"elementor-element elementor-element-0d528b6 elementor-widget elementor-widget-acuasafe_h1_about_right\" data-id=\"0d528b6\" data-element_type=\"widget\" data-widget_type=\"acuasafe_h1_about_right.default\">\n\t\t\t\t<div class=\"elementor-widget-container\">\n\t\t\t        \n\t\t<section class=\"about-section two\">\n\t\t\t<div class=\"auto-container\">\n\t\t\t\t<div class=\"row align-items-center clearfix\">\n\t\t\t\t\t<div class=\"col-lg-12 col-md-12 col-sm-12 content-column\">\n\t\t\t\t\t\t<div class=\"content_block_1\">\n\t\t\t\t\t\t\t<div class=\"content-box wow fadeInRight animated\" data-wow-delay=\"00ms\" data-wow-duration=\"1500ms\">\n\t\t\t\t\t\t\t\t<div class=\"sec-title\">\n\t\t\t\t\t\t\t\t\t<h2>Ne jemi an\u00ebtare e Shoqat\u00ebs p\u00ebr \nCil\u00ebsin\u00eb e Ujit (WQA) q\u00eb nga viti \n2006. Ne mbajm\u00eb dhjet\u00ebra \npatenta dhe aplikime p\u00ebr patenta \nnga SHBA, BE, etj. n\u00eb fush\u00ebn ton\u00eb \nt\u00eb ekspertiz\u00ebs<\/h2>\n\t\t\t\t\t\t\t\t<\/div>\n\t\t\t\t\t\t\t\t<div class=\"text\">\n\t\t\t\t\t\t\t\t\t<p><\/p>\n\t\t\t\t\t\t\t\t\t<p><\/p>\n\t\t\t\t\t\t\t\t<\/div>\n\t\t\t\t\t\t\t\t\t\t\t\t\t\t\t<\/div>\n\t\t\t\t\t\t<\/div>\n\t\t\t\t\t<\/div>\n\t\t\t\t<\/div>\n\t\t\t<\/div>\n\t\t<\/section>\n             \n\t\t\t\t<\/div>\n\t\t\t\t<\/div>\n\t\t\t\t\t<\/div>\n\t\t<\/div>\n\t\t\t\t<div class=\"elementor-column elementor-col-50 elementor-top-column elementor-element elementor-element-8249626\" data-id=\"8249626\" data-element_type=\"column\">\n\t\t\t<div class=\"elementor-widget-wrap elementor-element-populated\">\n\t\t\t\t\t\t<div class=\"elementor-element elementor-element-3e8716f elementor-widget elementor-widget-acuasafe_h1_about_left\" data-id=\"3e8716f\" data-element_type=\"widget\" data-widget_type=\"acuasafe_h1_about_left.default\">\n\t\t\t\t<div class=\"elementor-widget-container\">\n\t\t\t        \n\t\t<section class=\"about-section one\">\n\t\t\t<div class=\"auto-container\">\n\t\t\t\t<div class=\"row align-items-center clearfix\">\n\t\t\t\t\t<div class=\"col-lg-12 col-md-12 col-sm-12 image-column\">\n\t\t\t\t\t\t<figure class=\"image-box clearfix wow fadeInLeft animated\" data-wow-delay=\"00ms\" data-wow-duration=\"1500ms\">\n\t\t\t\t\t\t   \n\t\t\t\t\t\t<img decoding=\"async\" src=\"https:\/\/priofiltersalbania.al\/wp-content\/uploads\/2024\/09\/Screenshot_2511-e1725998485714.png\" alt=\"\"\/>\n\t\t\t\t\t\t\t\t\t\t\t\t<\/figure>\n\t\t\t\t\t<\/div>\n\t\t\t\t<\/div>\n\t\t\t<\/div>\n\t\t<\/section>\n             \n\t\t\t\t<\/div>\n\t\t\t\t<\/div>\n\t\t\t\t\t<\/div>\n\t\t<\/div>\n\t\t\t\t\t<\/div>\n\t\t<\/section>\n\t\t\t\t<section class=\"elementor-section elementor-top-section elementor-element elementor-element-37fc4e8 elementor-section-full_width elementor-section-height-default elementor-section-height-default\" data-id=\"37fc4e8\" data-element_type=\"section\">\n\t\t\t\t\t\t<div class=\"elementor-container elementor-column-gap-default\">\n\t\t\t\t\t<div class=\"elementor-column elementor-col-100 elementor-top-column elementor-element elementor-element-1fcdeb6\" data-id=\"1fcdeb6\" data-element_type=\"column\">\n\t\t\t<div class=\"elementor-widget-wrap elementor-element-populated\">\n\t\t\t\t\t\t<div class=\"elementor-element elementor-element-270c62d elementor-arrows-position-inside elementor-pagination-position-outside elementor-widget elementor-widget-image-carousel\" data-id=\"270c62d\" data-element_type=\"widget\" data-settings=\"{&quot;slides_to_show&quot;:&quot;5&quot;,&quot;navigation&quot;:&quot;both&quot;,&quot;autoplay&quot;:&quot;yes&quot;,&quot;pause_on_hover&quot;:&quot;yes&quot;,&quot;pause_on_interaction&quot;:&quot;yes&quot;,&quot;autoplay_speed&quot;:5000,&quot;infinite&quot;:&quot;yes&quot;,&quot;speed&quot;:500}\" data-widget_type=\"image-carousel.default\">\n\t\t\t\t<div class=\"elementor-widget-container\">\n\t\t\t<style>\/*! elementor - v3.23.0 - 05-08-2024 *\/\n.elementor-widget-image-carousel .swiper,.elementor-widget-image-carousel .swiper-container{position:static}.elementor-widget-image-carousel .swiper-container .swiper-slide figure,.elementor-widget-image-carousel .swiper .swiper-slide figure{line-height:inherit}.elementor-widget-image-carousel .swiper-slide{text-align:center}.elementor-image-carousel-wrapper:not(.swiper-container-initialized):not(.swiper-initialized) .swiper-slide{max-width:calc(100% \/ var(--e-image-carousel-slides-to-show, 3))}<\/style>\t\t<div class=\"elementor-image-carousel-wrapper swiper\" dir=\"ltr\">\n\t\t\t<div class=\"elementor-image-carousel swiper-wrapper\" aria-live=\"off\">\n\t\t\t\t\t\t\t\t<div class=\"swiper-slide\" role=\"group\" aria-roledescription=\"slide\" aria-label=\"1 of 7\"><figure class=\"swiper-slide-inner\"><img decoding=\"async\" class=\"swiper-slide-image\" src=\"https:\/\/priofiltersalbania.al\/wp-content\/uploads\/2024\/09\/Screenshot_251.png\" alt=\"Screenshot_251\" \/><\/figure><\/div><div class=\"swiper-slide\" role=\"group\" aria-roledescription=\"slide\" aria-label=\"2 of 7\"><figure class=\"swiper-slide-inner\"><img decoding=\"async\" class=\"swiper-slide-image\" src=\"https:\/\/priofiltersalbania.al\/wp-content\/uploads\/2024\/09\/Screenshot_252.png\" alt=\"Screenshot_252\" \/><\/figure><\/div><div class=\"swiper-slide\" role=\"group\" aria-roledescription=\"slide\" aria-label=\"3 of 7\"><figure class=\"swiper-slide-inner\"><img decoding=\"async\" class=\"swiper-slide-image\" src=\"https:\/\/priofiltersalbania.al\/wp-content\/uploads\/2024\/09\/Screenshot_253.png\" alt=\"Screenshot_253\" \/><\/figure><\/div><div class=\"swiper-slide\" role=\"group\" aria-roledescription=\"slide\" aria-label=\"4 of 7\"><figure class=\"swiper-slide-inner\"><img decoding=\"async\" class=\"swiper-slide-image\" src=\"https:\/\/priofiltersalbania.al\/wp-content\/uploads\/2024\/09\/Screenshot_256.png\" alt=\"Screenshot_256\" \/><\/figure><\/div><div class=\"swiper-slide\" role=\"group\" aria-roledescription=\"slide\" aria-label=\"5 of 7\"><figure class=\"swiper-slide-inner\"><img decoding=\"async\" class=\"swiper-slide-image\" src=\"https:\/\/priofiltersalbania.al\/wp-content\/uploads\/2024\/09\/Screenshot_255.png\" alt=\"Screenshot_255\" \/><\/figure><\/div><div class=\"swiper-slide\" role=\"group\" aria-roledescription=\"slide\" aria-label=\"6 of 7\"><figure class=\"swiper-slide-inner\"><img decoding=\"async\" class=\"swiper-slide-image\" src=\"https:\/\/priofiltersalbania.al\/wp-content\/uploads\/2024\/09\/Screenshot_254.png\" alt=\"Screenshot_254\" \/><\/figure><\/div><div class=\"swiper-slide\" role=\"group\" aria-roledescription=\"slide\" aria-label=\"7 of 7\"><figure class=\"swiper-slide-inner\"><img decoding=\"async\" class=\"swiper-slide-image\" src=\"https:\/\/priofiltersalbania.al\/wp-content\/uploads\/2024\/09\/ddddd-300x179.png\" alt=\"ddddd\" \/><\/figure><\/div>\t\t\t<\/div>\n\t\t\t\t\t\t\t\t\t\t\t\t<div class=\"elementor-swiper-button elementor-swiper-button-prev\" role=\"button\" tabindex=\"0\">\n\t\t\t\t\t\t<i aria-hidden=\"true\" class=\"eicon-chevron-left\"><\/i>\t\t\t\t\t<\/div>\n\t\t\t\t\t<div class=\"elementor-swiper-button elementor-swiper-button-next\" role=\"button\" tabindex=\"0\">\n\t\t\t\t\t\t<i aria-hidden=\"true\" class=\"eicon-chevron-right\"><\/i>\t\t\t\t\t<\/div>\n\t\t\t\t\n\t\t\t\t\t\t\t\t\t<div class=\"swiper-pagination\"><\/div>\n\t\t\t\t\t\t\t\t\t<\/div>\n\t\t\t\t<\/div>\n\t\t\t\t<\/div>\n\t\t\t\t\t<\/div>\n\t\t<\/div>\n\t\t\t\t\t<\/div>\n\t\t<\/section>\n\t\t\t\t<section class=\"elementor-section elementor-top-section elementor-element elementor-element-df50746 elementor-section-full_width elementor-section-height-default elementor-section-height-default\" data-id=\"df50746\" data-element_type=\"section\">\n\t\t\t\t\t\t<div class=\"elementor-container elementor-column-gap-no\">\n\t\t\t\t\t<div class=\"elementor-column elementor-col-100 elementor-top-column elementor-element elementor-element-67dc219\" data-id=\"67dc219\" data-element_type=\"column\">\n\t\t\t<div class=\"elementor-widget-wrap elementor-element-populated\">\n\t\t\t\t\t\t<div class=\"elementor-element elementor-element-3ea8210 elementor-widget elementor-widget-acuasafe_h1_feature\" data-id=\"3ea8210\" data-element_type=\"widget\" data-widget_type=\"acuasafe_h1_feature.default\">\n\t\t\t\t<div class=\"elementor-widget-container\">\n\t\t\t        \n\t\t<section class=\"feature-section centred alternat-2 centred pt-0\">\n            <div class=\"auto-container\">\n                <div class=\"inner-container wow fadeInLeft animated\" data-wow-delay=\"00ms\" data-wow-duration=\"1500ms\">\n\t\t\t\t\t                    <div class=\"title-text\">\n                        <h2>\nPrio Filters Albania ofron nj\u00eb gam\u00eb t\u00eb plot\u00eb produktesh dhe sh\u00ebrbimesh p\u00ebr filtrimin e ujit<\/h2>\n                    <\/div>\n\t\t\t\t\t                    <div class=\"row clearfix\">\n\t\t\t\t\t\t                        <div class=\"col-lg-3 col-md-6 col-sm-12 feature-block\">\n                            <div class=\"feature-block-one\">\n                                <div class=\"inner-box\">\n                                    <div class=\"shape\" style=\"background-image: url(https:\/\/priofiltersalbania.al\/wp-content\/uploads\/2021\/07\/shape-3.png);\"><\/div>\n                                    <div class=\"icon-box\"><i class=\"\"><\/i><\/div>\n                                    <h4>Analiz\u00eb t\u00eb Problematikave t\u00eb Ujit<\/h4>\n                                    <p>Identifikojm\u00eb \u00e7\u00ebshtjet e ujit dhe ofrojm\u00eb zgjidhje t\u00eb personalizuara.<\/p>\n                                <\/div>\n                            <\/div>\n                        <\/div>\n\t\t\t\t\t\t                        <div class=\"col-lg-3 col-md-6 col-sm-12 feature-block\">\n                            <div class=\"feature-block-one\">\n                                <div class=\"inner-box\">\n                                    <div class=\"shape\" style=\"background-image: url(https:\/\/priofiltersalbania.al\/wp-content\/uploads\/2021\/07\/shape-3.png);\"><\/div>\n                                    <div class=\"icon-box\"><i class=\"\"><\/i><\/div>\n                                    <h4>Diskutime dhe Konsulenc\u00eb<\/h4>\n                                    <p>Diskutime dhe Konsulenc\u00eb<\/p>\n                                <\/div>\n                            <\/div>\n                        <\/div>\n\t\t\t\t\t\t                        <div class=\"col-lg-3 col-md-6 col-sm-12 feature-block\">\n                            <div class=\"feature-block-one\">\n                                <div class=\"inner-box\">\n                                    <div class=\"shape\" style=\"background-image: url(https:\/\/priofiltersalbania.al\/wp-content\/uploads\/2021\/07\/shape-3.png);\"><\/div>\n                                    <div class=\"icon-box\"><i class=\"\"><\/i><\/div>\n                                    <h4>Montim dhe Asistenc\u00eb Teknike<\/h4>\n                                    <p>Instalojm\u00eb dhe mir\u00ebmbajm\u00eb sistemet tona p\u00ebr t\u00eb siguruar funksionimin e tyre t\u00eb p\u00ebrsosur.<\/p>\n                                <\/div>\n                            <\/div>\n                        <\/div>\n\t\t\t\t\t\t                        <div class=\"col-lg-3 col-md-6 col-sm-12 feature-block\">\n                            <div class=\"feature-block-one\">\n                                <div class=\"inner-box\">\n                                    <div class=\"shape\" style=\"background-image: url();\"><\/div>\n                                    <div class=\"icon-box\"><i class=\"\"><\/i><\/div>\n                                    <h4>Sh\u00ebrbim Pas Shitjes<\/h4>\n                                    <p> Sigurojm\u00eb mb\u00ebshtetje dhe mir\u00ebmbajtje p\u00ebr sistemet e filtrimit pas instalimit, duke ndihmuar n\u00eb zgjidhjen e \u00e7do problemi q\u00eb mund t\u00eb shfaqet dhe duke garantuar performanc\u00ebn optimale t\u00eb produkteve tona.<\/p>\n                                <\/div>\n                            <\/div>\n                        <\/div>\n\t\t\t\t\t\t                    <\/div>\n                <\/div>\n            <\/div>\n        <\/section>\n             \n\t\t\t\t<\/div>\n\t\t\t\t<\/div>\n\t\t\t\t\t<\/div>\n\t\t<\/div>\n\t\t\t\t\t<\/div>\n\t\t<\/section>\n\t\t\t\t<section class=\"elementor-section elementor-top-section elementor-element elementor-element-dbd6558 elementor-section-full_width elementor-section-height-default elementor-section-height-default\" data-id=\"dbd6558\" data-element_type=\"section\">\n\t\t\t\t\t\t<div class=\"elementor-container elementor-column-gap-no\">\n\t\t\t\t\t<div class=\"elementor-column elementor-col-100 elementor-top-column elementor-element elementor-element-0c937de\" data-id=\"0c937de\" data-element_type=\"column\">\n\t\t\t<div class=\"elementor-widget-wrap elementor-element-populated\">\n\t\t\t\t\t\t<div class=\"elementor-element elementor-element-6199f36 elementor-widget elementor-widget-acuasafe_h1_chooseus\" data-id=\"6199f36\" data-element_type=\"widget\" data-widget_type=\"acuasafe_h1_chooseus.default\">\n\t\t\t\t<div class=\"elementor-widget-container\">\n\t\t\t        \n\t\t<section class=\"chooseus-section \">\n\t\t\t            <div class=\"bg-layer\" style=\"background-image: url(https:\/\/priofiltersalbania.al\/wp-content\/uploads\/2021\/07\/shape-5.png);\">\n\t\t\t\t\t\t<\/div>\n\t\t\t\n            <div class=\"shape-layer\">\n\t\t\t\t                <div class=\"shape-1\" style=\"background-image: url(https:\/\/priofiltersalbania.al\/wp-content\/uploads\/2021\/07\/shape-6.png);\">\n\t\t\t\t\t\t\t\t<\/div>\n                <div class=\"shape-2\"><\/div>\n                <div class=\"shape-3\"><\/div>\n\t\t\t\t                <div class=\"shape-4\" style=\"background-image: url(https:\/\/priofiltersalbania.al\/wp-content\/uploads\/2021\/07\/shape-37.png);\">\n\t\t\t\t\t\t\t\t<\/div>\n            <\/div>\n            <div class=\"auto-container\">\n                <div class=\"row clearfix\">\n                    <div class=\"col-lg-6 col-md-12 col-sm-12 content-column\">\n                        <div class=\"content_block_2\">\n                            <div class=\"content-box\">\n\t\t\t\t\t\t\t\t                                <div class=\"sec-title light\">\n                                    <h2> Per cilat biznese eshte e aplikuar ky produkt<\/h2>\n                                <\/div>\n\t\t\t\t\t\t\t\t                                <div class=\"inner-box\">\n\t\t\t\t\t\t\t\t\t                                    <div class=\"single-item\">\n                                        <div class=\"icon-box\"><i class=\"far fa-check-circle\"><\/i><\/div>\n                                        <div class=\"text\">\n                                            <h4>Bizneset<\/h4>\n                                            <p>Ofrojm\u00eb produkte p\u00ebr trajtimin e ujit t\u00eb rrjetit, pusit, lumit per biznese (fast foode, pasticeri, bare, restorante, sh\u00ebrbime Kateringu, hoteleri), si dhe p\u00ebr p\u00ebrdorim familjar\/sht\u00ebpiak. <\/p>\n                                        <\/div>\n                                    <\/div>\n\t\t\t\t\t\t\t\t\t                                    <div class=\"single-item\">\n                                        <div class=\"icon-box\"><i class=\"far fa-check-circle\"><\/i><\/div>\n                                        <div class=\"text\">\n                                            <h4>Kursim dhe Efi\u00e7enc\u00eb<\/h4>\n                                            <p>Sistemet ofrojn\u00eb nj\u00eb sasi pothuajse t\u00eb pakufizuar t\u00eb ujit t\u00eb sigurt, t\u00eb past\u00ebr dhe t\u00eb shijsh\u00ebm pik\u00ebrisht n\u00eb lavamanin tuaj, \u00e7do dit\u00eb. <\/p>\n                                        <\/div>\n                                    <\/div>\n\t\t\t\t\t\t\t\t\t                                    <div class=\"single-item\">\n                                        <div class=\"icon-box\"><i class=\"far fa-check-circle\"><\/i><\/div>\n                                        <div class=\"text\">\n                                            <h4>Rrjedhje e Lart\u00eb dhe Freski e P\u00ebrhershme e Ujit t\u00eb Filtruar<\/h4>\n                                            <p>Sistemet ofrojn\u00eb rrjedhje t\u00eb lart\u00eb, t\u00eb disponueshme menj\u00ebher\u00eb dhe t\u00eb q\u00ebndrueshme t\u00eb ujit si dhe freski t\u00eb dallueshme t\u00eb ujit t\u00eb filtruar n\u00eb koh\u00eb reale. Sistemet e osmoz\u00ebs s\u00eb kund\u00ebrt jan\u00eb me dhe pa rezervuar.<\/p>\n                                        <\/div>\n                                    <\/div>\n\t\t\t\t\t\t\t\t\t                                    <div class=\"single-item\">\n                                        <div class=\"icon-box\"><i class=\"\"><\/i><\/div>\n                                        <div class=\"text\">\n                                            <h4>Sisteme Osmoze e Kund\u00ebrt me dhe pa Rezervuar p\u00ebr Uj\u00eb t\u00eb Past\u00ebr<\/h4>\n                                            <p>Membrana gjysm\u00eb e p\u00ebrshkueshme lejon q\u00eb vet\u00ebm uji t\u00eb kaloj\u00eb dhe refuzon gjith\u00e7ka tjet\u00ebr. R.O. Uji i trajtuar nuk p\u00ebrmban klor, metale t\u00eb r\u00ebnda, l\u00ebnd\u00eb t\u00eb ngurta dhe jone t\u00eb tjera t\u00eb tretura, baktere dhe viruse. Ky uj\u00eb \u00ebsht\u00eb i sigurt dhe freskues, nuk k\u00ebrkon zierje dhe \u00ebsht\u00eb nj\u00eb zgjedhje e mir\u00eb p\u00ebr t\u00eb gjitha llojet e p\u00ebrdorimit duke p\u00ebrfshir\u00eb ushqimin e foshnj\u00ebs s\u00eb porsalindur.<\/p>\n                                        <\/div>\n                                    <\/div>\n\t\t\t\t\t\t\t\t\t                                <\/div>\n                            <\/div>\n                        <\/div>\n                    <\/div>\n                    <div class=\"col-lg-6 col-md-12 col-sm-12 image-column\">\n                        <div class=\"image-box wow fadeInRight animated\" data-wow-delay=\"00ms\" data-wow-duration=\"1500ms\">\n                            <figure class=\"image\">\n\t\t\t\t\t\t\t\t   \n\t\t\t\t\t\t\t\t<img decoding=\"async\" src=\"https:\/\/priofiltersalbania.al\/wp-content\/uploads\/2024\/09\/mo530-580.png\" alt=\"\"\/>\n\t\t\t\t\t\t\t\t\t\t\t\t\t\t\t<\/figure>\n                        <\/div>\n                    <\/div>\n                <\/div>\n            <\/div>\n        <\/section>\n             \n\t\t\t\t<\/div>\n\t\t\t\t<\/div>\n\t\t\t\t\t<\/div>\n\t\t<\/div>\n\t\t\t\t\t<\/div>\n\t\t<\/section>\n\t\t\t\t<section class=\"elementor-section elementor-top-section elementor-element elementor-element-4f39302 elementor-section-full_width elementor-section-height-default elementor-section-height-default\" data-id=\"4f39302\" data-element_type=\"section\">\n\t\t\t\t\t\t<div class=\"elementor-container elementor-column-gap-no\">\n\t\t\t\t\t<div class=\"elementor-column elementor-col-100 elementor-top-column elementor-element elementor-element-e2ca8ac\" data-id=\"e2ca8ac\" data-element_type=\"column\">\n\t\t\t<div class=\"elementor-widget-wrap\">\n\t\t\t\t\t\t\t<\/div>\n\t\t<\/div>\n\t\t\t\t\t<\/div>\n\t\t<\/section>\n\t\t\t\t<\/div>\n\t\t","protected":false},"excerpt":{"rendered":"<p>Ne duam gjithmon\u00eb uj\u00eb t\u00eb sigurt dhe t\u00eb sh\u00ebndetsh\u00ebm p\u00ebr nj\u00eb jet\u00eb t\u00eb sh\u00ebndetshme. N\u00eb Prio Filters Albania, ne jemi t\u00eb p\u00ebrkushtuar p\u00ebr t\u00eb ofruar solucione t\u00eb avancuara p\u00ebr filtrimin e ujit, t\u00eb cilat garantojn\u00eb cil\u00ebsi dhe siguri t\u00eb lart\u00eb p\u00ebr \u00e7do p\u00ebrdorim. Duke ndjekur tradit\u00ebn dhe ekspertiz\u00ebn e mark\u00ebs s\u00eb njohur gjermane Prio\u00ae, ne [&hellip;]<\/p>\n","protected":false},"author":1,"featured_media":0,"parent":0,"menu_order":0,"comment_status":"closed","ping_status":"closed","template":"tpl-default-elementor.php","meta":{"footnotes":""},"class_list":["post-318","page","type-page","status-publish","hentry"],"_links":{"self":[{"href":"https:\/\/priofiltersalbania.al\/index.php\/wp-json\/wp\/v2\/pages\/318","targetHints":{"allow":["GET"]}}],"collection":[{"href":"https:\/\/priofiltersalbania.al\/index.php\/wp-json\/wp\/v2\/pages"}],"about":[{"href":"https:\/\/priofiltersalbania.al\/index.php\/wp-json\/wp\/v2\/types\/page"}],"author":[{"embeddable":true,"href":"https:\/\/priofiltersalbania.al\/index.php\/wp-json\/wp\/v2\/users\/1"}],"replies":[{"embeddable":true,"href":"https:\/\/priofiltersalbania.al\/index.php\/wp-json\/wp\/v2\/comments?post=318"}],"version-history":[{"count":58,"href":"https:\/\/priofiltersalbania.al\/index.php\/wp-json\/wp\/v2\/pages\/318\/revisions"}],"predecessor-version":[{"id":3040,"href":"https:\/\/priofiltersalbania.al\/index.php\/wp-json\/wp\/v2\/pages\/318\/revisions\/3040"}],"wp:attachment":[{"href":"https:\/\/priofiltersalbania.al\/index.php\/wp-json\/wp\/v2\/media?parent=318"}],"curies":[{"name":"wp","href":"https:\/\/api.w.org\/{rel}","templated":true}]}}