{"id":430,"date":"2021-07-31T03:50:17","date_gmt":"2021-07-31T03:50:17","guid":{"rendered":"https:\/\/z.commonsupport.com\/acuasafe\/?page_id=430"},"modified":"2024-09-17T09:11:40","modified_gmt":"2024-09-17T09:11:40","slug":"our-services","status":"publish","type":"page","link":"https:\/\/priofiltersalbania.al\/index.php\/our-services\/","title":{"rendered":"Sherbimet Tona"},"content":{"rendered":"\t\t<div data-elementor-type=\"wp-page\" data-elementor-id=\"430\" class=\"elementor elementor-430\">\n\t\t\t\t\t\t<section class=\"elementor-section elementor-top-section elementor-element elementor-element-61baf2f elementor-section-boxed elementor-section-height-default elementor-section-height-default\" data-id=\"61baf2f\" data-element_type=\"section\" data-settings=\"{&quot;background_background&quot;:&quot;classic&quot;,&quot;shape_divider_top&quot;:&quot;mountains&quot;}\">\n\t\t\t\t\t<div class=\"elementor-shape elementor-shape-top\" data-negative=\"false\">\n\t\t\t<svg xmlns=\"http:\/\/www.w3.org\/2000\/svg\" viewBox=\"0 0 1000 100\" preserveAspectRatio=\"none\">\n\t<path class=\"elementor-shape-fill\" opacity=\"0.33\" d=\"M473,67.3c-203.9,88.3-263.1-34-320.3,0C66,119.1,0,59.7,0,59.7V0h1000v59.7 c0,0-62.1,26.1-94.9,29.3c-32.8,3.3-62.8-12.3-75.8-22.1C806,49.6,745.3,8.7,694.9,4.7S492.4,59,473,67.3z\"\/>\n\t<path class=\"elementor-shape-fill\" opacity=\"0.66\" d=\"M734,67.3c-45.5,0-77.2-23.2-129.1-39.1c-28.6-8.7-150.3-10.1-254,39.1 s-91.7-34.4-149.2,0C115.7,118.3,0,39.8,0,39.8V0h1000v36.5c0,0-28.2-18.5-92.1-18.5C810.2,18.1,775.7,67.3,734,67.3z\"\/>\n\t<path class=\"elementor-shape-fill\" d=\"M766.1,28.9c-200-57.5-266,65.5-395.1,19.5C242,1.8,242,5.4,184.8,20.6C128,35.8,132.3,44.9,89.9,52.5C28.6,63.7,0,0,0,0 h1000c0,0-9.9,40.9-83.6,48.1S829.6,47,766.1,28.9z\"\/>\n<\/svg>\t\t<\/div>\n\t\t\t\t\t<div class=\"elementor-container elementor-column-gap-default\">\n\t\t\t\t\t<div class=\"elementor-column elementor-col-50 elementor-top-column elementor-element elementor-element-57fe59b\" data-id=\"57fe59b\" data-element_type=\"column\">\n\t\t\t<div class=\"elementor-widget-wrap elementor-element-populated\">\n\t\t\t\t\t\t<div class=\"elementor-element elementor-element-36b2c1d elementor-widget elementor-widget-text-editor\" data-id=\"36b2c1d\" data-element_type=\"widget\" data-widget_type=\"text-editor.default\">\n\t\t\t\t<div class=\"elementor-widget-container\">\n\t\t\t<style>\/*! elementor - v3.23.0 - 05-08-2024 *\/\n.elementor-widget-text-editor.elementor-drop-cap-view-stacked .elementor-drop-cap{background-color:#69727d;color:#fff}.elementor-widget-text-editor.elementor-drop-cap-view-framed .elementor-drop-cap{color:#69727d;border:3px solid;background-color:transparent}.elementor-widget-text-editor:not(.elementor-drop-cap-view-default) .elementor-drop-cap{margin-top:8px}.elementor-widget-text-editor:not(.elementor-drop-cap-view-default) .elementor-drop-cap-letter{width:1em;height:1em}.elementor-widget-text-editor .elementor-drop-cap{float:left;text-align:center;line-height:1;font-size:50px}.elementor-widget-text-editor .elementor-drop-cap-letter{display:inline-block}<\/style>\t\t\t\t<p><span style=\"color: #000000;\">N\u00ebp\u00ebrmjet sistemeve tona mund te trajtoni ujin p\u00ebr familjen apo biznesin tuaj, direkt n\u00eb lavamanin e kuzhin\u00ebs suaj, duke e kthyer ujin n\u00eb nj\u00eb burim jete t\u00eb gatsh\u00ebm p\u00ebr p\u00ebrdorim t\u00eb menj\u00ebhersh\u00ebm.\u00a0<\/span><\/p><p><span style=\"color: #000000;\">Sistemet tona ofrojn\u00eb uj\u00eb t\u00eb pijsh\u00ebm t\u00eb past\u00ebr dhe t\u00eb sigurt pik\u00ebrisht n\u00eb lavamanin tuaj. Nuk ka m\u00eb nevoj\u00eb p\u00ebr t\u00eb transportuar dhe vendosur ujin n\u00eb shishe.<\/span><\/p><p><span style=\"color: #000000;\">Ulni shpenzimet tuaja p\u00ebr faturat e sh\u00ebrbimeve dhe kurseni burimet ujore t\u00eb planetit Tok\u00eb! Kursimet mund t\u00eb b\u00ebhen aq t\u00eb r\u00ebnd\u00ebsishme sa q\u00eb vet\u00ebm kjo arsye mund t\u00eb ndryshoj\u00eb loj\u00ebn p\u00ebr qytete t\u00eb t\u00ebra, p\u00ebr t\u00eb mos th\u00ebn\u00eb p\u00ebr nj\u00eb familje t\u00eb vetme.<\/span><\/p>\t\t\t\t\t\t<\/div>\n\t\t\t\t<\/div>\n\t\t\t\t\t<\/div>\n\t\t<\/div>\n\t\t\t\t<div class=\"elementor-column elementor-col-50 elementor-top-column elementor-element elementor-element-9d173ac\" data-id=\"9d173ac\" data-element_type=\"column\">\n\t\t\t<div class=\"elementor-widget-wrap elementor-element-populated\">\n\t\t\t\t\t\t<div class=\"elementor-element elementor-element-92a9331 elementor-widget elementor-widget-image\" data-id=\"92a9331\" data-element_type=\"widget\" data-widget_type=\"image.default\">\n\t\t\t\t<div class=\"elementor-widget-container\">\n\t\t\t<style>\/*! elementor - v3.23.0 - 05-08-2024 *\/\n.elementor-widget-image{text-align:center}.elementor-widget-image a{display:inline-block}.elementor-widget-image a img[src$=\".svg\"]{width:48px}.elementor-widget-image img{vertical-align:middle;display:inline-block}<\/style>\t\t\t\t\t\t\t\t\t\t<img fetchpriority=\"high\" decoding=\"async\" width=\"525\" height=\"371\" src=\"https:\/\/priofiltersalbania.al\/wp-content\/uploads\/2024\/09\/skema-e-osmozes-2-1024x724.png\" class=\"attachment-large size-large wp-image-2804\" alt=\"\" srcset=\"https:\/\/priofiltersalbania.al\/wp-content\/uploads\/2024\/09\/skema-e-osmozes-2-1024x724.png 1024w, https:\/\/priofiltersalbania.al\/wp-content\/uploads\/2024\/09\/skema-e-osmozes-2-600x424.png 600w, https:\/\/priofiltersalbania.al\/wp-content\/uploads\/2024\/09\/skema-e-osmozes-2-300x212.png 300w, https:\/\/priofiltersalbania.al\/wp-content\/uploads\/2024\/09\/skema-e-osmozes-2-768x543.png 768w, https:\/\/priofiltersalbania.al\/wp-content\/uploads\/2024\/09\/skema-e-osmozes-2-1536x1086.png 1536w, https:\/\/priofiltersalbania.al\/wp-content\/uploads\/2024\/09\/skema-e-osmozes-2-2048x1448.png 2048w, https:\/\/priofiltersalbania.al\/wp-content\/uploads\/2024\/09\/skema-e-osmozes-2-220x154.png 220w\" sizes=\"(max-width: 525px) 100vw, 525px\" \/>\t\t\t\t\t\t\t\t\t\t\t\t\t<\/div>\n\t\t\t\t<\/div>\n\t\t\t\t\t<\/div>\n\t\t<\/div>\n\t\t\t\t\t<\/div>\n\t\t<\/section>\n\t\t\t\t<section class=\"elementor-section elementor-top-section elementor-element elementor-element-7a73a5f1 elementor-section-full_width elementor-section-height-default elementor-section-height-default\" data-id=\"7a73a5f1\" data-element_type=\"section\">\n\t\t\t\t\t\t<div class=\"elementor-container elementor-column-gap-no\">\n\t\t\t\t\t<div class=\"elementor-column elementor-col-100 elementor-top-column elementor-element elementor-element-1cfad942\" data-id=\"1cfad942\" data-element_type=\"column\">\n\t\t\t<div class=\"elementor-widget-wrap elementor-element-populated\">\n\t\t\t\t\t\t<div class=\"elementor-element elementor-element-68abca15 elementor-widget elementor-widget-acuasafe_service\" data-id=\"68abca15\" data-element_type=\"widget\" data-widget_type=\"acuasafe_service.default\">\n\t\t\t\t<div class=\"elementor-widget-container\">\n\t\t\t        \n\t\t<section class=\"service-page-section centred \">\n            <div class=\"auto-container\">\n\t\t\t\t                <div class=\"sec-title\">\n                    <h2>Protect Your Family with Best Water <br \/>Filtering System Services<\/h2>\n                <\/div>\n\t\t\t\t                <div class=\"row clearfix\">\n\t\t\t\t\t                    <div class=\"col-lg-4 col-md-6 col-sm-12 service-block\">\n                        <div class=\"service-block-two wow fadeInUp animated\" data-wow-delay=\"00ms\" data-wow-duration=\"1500ms\">\n                            <div class=\"inner-box\">\n                                <div class=\"icon-box\">\n                                    <div class=\"icon\"><i class=\" flaticon-water-drop\"><\/i><\/div>\n                                <\/div>\n                                <h4><a href=\"https:\/\/wa.me\/+355682028282\">Analiz\u00eb e Ujit<\/a><\/h4>\n                                <p>Ofrimi i sh\u00ebrbimit t\u00eb analiz\u00ebs s\u00eb ujit p\u00ebr t\u00eb identifikuar ndot\u00ebsit dhe p\u00ebr t\u00eb vler\u00ebsuar cil\u00ebsin\u00eb e tij. Kjo na mund\u00ebson t\u00eb sugjerojm\u00eb zgjidhjet m\u00eb t\u00eb p\u00ebrshtatshme p\u00ebr filtrimin e ujit sipas nevojave tuaja.\n\n<\/p>\n\t\t\t\t\t\t\t\t                                <div class=\"btn-box\">\n                                    <a href=\"https:\/\/wa.me\/+355682028282\" class=\"theme-btn btn-two\">Meso me shume<\/a>\n                                <\/div>\n\t\t\t\t\t\t\t\t                            <\/div>\n                        <\/div>\n                    <\/div>\n\t\t\t\t\t                    <div class=\"col-lg-4 col-md-6 col-sm-12 service-block\">\n                        <div class=\"service-block-two wow fadeInUp animated\" data-wow-delay=\"00ms\" data-wow-duration=\"1500ms\">\n                            <div class=\"inner-box\">\n                                <div class=\"icon-box\">\n                                    <div class=\"icon\"><i class=\" flaticon-water-bottle\"><\/i><\/div>\n                                <\/div>\n                                <h4><a href=\"https:\/\/wa.me\/+355682028282\">Instalim i Sistemeve t\u00eb Filtrimit<\/a><\/h4>\n                                <p>Ekipi yn\u00eb profesionist realizon instalimin e sistemeve t\u00eb filtrimit t\u00eb ujit n\u00eb ambiente rezidenciale dhe komerciale, duke siguruar q\u00eb \u00e7do pajisje t\u00eb funksionoj\u00eb n\u00eb m\u00ebnyr\u00eb t\u00eb sigurt dhe efikase.\n<\/p>\n\t\t\t\t\t\t\t\t                                <div class=\"btn-box\">\n                                    <a href=\"https:\/\/wa.me\/+355682028282\" class=\"theme-btn btn-two\">Meso me shume<\/a>\n                                <\/div>\n\t\t\t\t\t\t\t\t                            <\/div>\n                        <\/div>\n                    <\/div>\n\t\t\t\t\t                    <div class=\"col-lg-4 col-md-6 col-sm-12 service-block\">\n                        <div class=\"service-block-two wow fadeInUp animated\" data-wow-delay=\"00ms\" data-wow-duration=\"1500ms\">\n                            <div class=\"inner-box\">\n                                <div class=\"icon-box\">\n                                    <div class=\"icon\"><i class=\" flaticon-water-drop-1\"><\/i><\/div>\n                                <\/div>\n                                <h4><a href=\"https:\/\/wa.me\/+355682028282\">Mir\u00ebmbajtje dhe Kontroll i Sistemeve<\/a><\/h4>\n                                <p>Ofrimi i sh\u00ebrbimeve t\u00eb mir\u00ebmbajtjes s\u00eb vazhdueshme p\u00ebr filtrat e ujit p\u00ebr t\u00eb garantuar performanc\u00ebn optimale dhe zgjatjen e jet\u00ebs s\u00eb pajisjeve.\n<\/p>\n\t\t\t\t\t\t\t\t                                <div class=\"btn-box\">\n                                    <a href=\"https:\/\/wa.me\/+355682028282\" class=\"theme-btn btn-two\">Meso me shume<\/a>\n                                <\/div>\n\t\t\t\t\t\t\t\t                            <\/div>\n                        <\/div>\n                    <\/div>\n\t\t\t\t\t                    <div class=\"col-lg-4 col-md-6 col-sm-12 service-block\">\n                        <div class=\"service-block-two wow fadeInUp animated\" data-wow-delay=\"00ms\" data-wow-duration=\"1500ms\">\n                            <div class=\"inner-box\">\n                                <div class=\"icon-box\">\n                                    <div class=\"icon\"><i class=\"fas fa-headphones-alt\"><\/i><\/div>\n                                <\/div>\n                                <h4><a href=\"https:\/\/wa.me\/+355682028282\">K\u00ebshillim dhe Zgjidhje t\u00eb Personalizuara\n<\/a><\/h4>\n                                <p>Ne ofrojm\u00eb konsulenc\u00eb t\u00eb specializuar dhe zgjidhje t\u00eb personalizuara p\u00ebr \u00e7do klient, duke u bazuar n\u00eb analiz\u00ebn e nevojave specifike t\u00eb ujit n\u00eb sht\u00ebpit\u00eb apo bizneset e tyre.\n<\/p>\n\t\t\t\t\t\t\t\t                                <div class=\"btn-box\">\n                                    <a href=\"https:\/\/wa.me\/+355682028282\" class=\"theme-btn btn-two\">Meso me shume<\/a>\n                                <\/div>\n\t\t\t\t\t\t\t\t                            <\/div>\n                        <\/div>\n                    <\/div>\n\t\t\t\t\t                    <div class=\"col-lg-4 col-md-6 col-sm-12 service-block\">\n                        <div class=\"service-block-two wow fadeInUp animated\" data-wow-delay=\"00ms\" data-wow-duration=\"1500ms\">\n                            <div class=\"inner-box\">\n                                <div class=\"icon-box\">\n                                    <div class=\"icon\"><i class=\" flaticon-recycle\"><\/i><\/div>\n                                <\/div>\n                                <h4><a href=\"https:\/\/wa.me\/+355682028282\">Sh\u00ebrbim Pas-Shitjes<\/a><\/h4>\n                                <p>Ne garantojm\u00eb mb\u00ebshtetje pas instalimit t\u00eb filtrave, duke ofruar asistenc\u00eb teknike, p\u00ebrgjigje p\u00ebr \u00e7do pyetje dhe ndihm\u00eb me problemet e mundshme.\n<\/p>\n\t\t\t\t\t\t\t\t                                <div class=\"btn-box\">\n                                    <a href=\"https:\/\/wa.me\/+355682028282\" class=\"theme-btn btn-two\">Meso me shume<\/a>\n                                <\/div>\n\t\t\t\t\t\t\t\t                            <\/div>\n                        <\/div>\n                    <\/div>\n\t\t\t\t\t                    <div class=\"col-lg-4 col-md-6 col-sm-12 service-block\">\n                        <div class=\"service-block-two wow fadeInUp animated\" data-wow-delay=\"00ms\" data-wow-duration=\"1500ms\">\n                            <div class=\"inner-box\">\n                                <div class=\"icon-box\">\n                                    <div class=\"icon\"><i class=\" flaticon-glass\"><\/i><\/div>\n                                <\/div>\n                                <h4><a href=\"https:\/\/wa.me\/+355682028282\">Nd\u00ebrrim i Pajisjeve dhe Filtrave<\/a><\/h4>\n                                <p>Ofrimi i sh\u00ebrbimit t\u00eb z\u00ebvend\u00ebsimit t\u00eb filtrave dhe pjes\u00ebve t\u00eb pajisjeve t\u00eb filtrimit t\u00eb ujit p\u00ebr t\u00eb siguruar funksionimin e vazhduesh\u00ebm dhe cil\u00ebsin\u00eb e lart\u00eb t\u00eb ujit.\n<\/p>\n\t\t\t\t\t\t\t\t                                <div class=\"btn-box\">\n                                    <a href=\"https:\/\/wa.me\/+355682028282\" class=\"theme-btn btn-two\">Meso me shume<\/a>\n                                <\/div>\n\t\t\t\t\t\t\t\t                            <\/div>\n                        <\/div>\n                    <\/div>\n\t\t\t\t\t                <\/div>\n            <\/div>\n        <\/section>\n             \n\t\t\t\t<\/div>\n\t\t\t\t<\/div>\n\t\t\t\t\t<\/div>\n\t\t<\/div>\n\t\t\t\t\t<\/div>\n\t\t<\/section>\n\t\t\t\t<\/div>\n\t\t","protected":false},"excerpt":{"rendered":"<p>N\u00ebp\u00ebrmjet sistemeve tona mund te trajtoni ujin p\u00ebr familjen apo biznesin tuaj, direkt n\u00eb lavamanin e kuzhin\u00ebs suaj, duke e kthyer ujin n\u00eb nj\u00eb burim jete t\u00eb gatsh\u00ebm p\u00ebr p\u00ebrdorim t\u00eb menj\u00ebhersh\u00ebm.\u00a0 Sistemet tona ofrojn\u00eb uj\u00eb t\u00eb pijsh\u00ebm t\u00eb past\u00ebr dhe t\u00eb sigurt pik\u00ebrisht n\u00eb lavamanin tuaj. Nuk ka m\u00eb nevoj\u00eb p\u00ebr t\u00eb transportuar dhe [&hellip;]<\/p>\n","protected":false},"author":1,"featured_media":0,"parent":0,"menu_order":0,"comment_status":"closed","ping_status":"closed","template":"tpl-default-elementor.php","meta":{"footnotes":""},"class_list":["post-430","page","type-page","status-publish","hentry"],"_links":{"self":[{"href":"https:\/\/priofiltersalbania.al\/index.php\/wp-json\/wp\/v2\/pages\/430","targetHints":{"allow":["GET"]}}],"collection":[{"href":"https:\/\/priofiltersalbania.al\/index.php\/wp-json\/wp\/v2\/pages"}],"about":[{"href":"https:\/\/priofiltersalbania.al\/index.php\/wp-json\/wp\/v2\/types\/page"}],"author":[{"embeddable":true,"href":"https:\/\/priofiltersalbania.al\/index.php\/wp-json\/wp\/v2\/users\/1"}],"replies":[{"embeddable":true,"href":"https:\/\/priofiltersalbania.al\/index.php\/wp-json\/wp\/v2\/comments?post=430"}],"version-history":[{"count":52,"href":"https:\/\/priofiltersalbania.al\/index.php\/wp-json\/wp\/v2\/pages\/430\/revisions"}],"predecessor-version":[{"id":3180,"href":"https:\/\/priofiltersalbania.al\/index.php\/wp-json\/wp\/v2\/pages\/430\/revisions\/3180"}],"wp:attachment":[{"href":"https:\/\/priofiltersalbania.al\/index.php\/wp-json\/wp\/v2\/media?parent=430"}],"curies":[{"name":"wp","href":"https:\/\/api.w.org\/{rel}","templated":true}]}}