{"id":2921,"date":"2024-09-09T13:10:13","date_gmt":"2024-09-09T13:10:13","guid":{"rendered":"https:\/\/priofiltersalbania.al\/?post_type=product&#038;p=2921"},"modified":"2024-10-21T11:03:47","modified_gmt":"2024-10-21T11:03:47","slug":"prio-avantgarde-sdx600","status":"publish","type":"product","link":"https:\/\/priofiltersalbania.al\/index.php\/product\/prio-avantgarde-sdx600\/","title":{"rendered":"Prio Avantgarde SDX920"},"content":{"rendered":"<p><span style=\"color: #000000;\">Sistemi i osmoz\u00ebs retroaktuale me 2 hapa Prio Avantgarde SDX600 me pomp\u00eb<\/span><\/p>\n<ul>\n<li><span style=\"color: #000000;\">Parafiltri me thithje-mekanike: 2 n\u00eb 1<\/span><\/li>\n<li><span style=\"color: #000000;\">\u00a0Membrana me performanc\u00eb t\u00eb lart\u00eb: 600 GPD.<\/span><\/li>\n<li><span style=\"color: #000000;\">\u00a0Shpejt\u00ebsia nominale e filtrimit: deri n\u00eb 2800 l\/dit\u00eb.<\/span><\/li>\n<li><span style=\"color: #000000;\">\u00a0Funksionim i q\u00ebndruesh\u00ebm n\u00eb kushte presioni t\u00eb ul\u00ebt: nga 0,5 atm.<\/span><\/li>\n<\/ul>\n<p>&nbsp;<\/p>\n<p><span style=\"color: #000000;\"><strong>Karakteristika t\u00eb ve\u00e7anta<\/strong><\/span><\/p>\n<ul>\n<li><span style=\"color: #000000;\">\u00a0Shkalla jasht\u00ebzakonisht e ul\u00ebt e shkarkimit t\u00eb ujit n\u00eb kullues: 2: 1<\/span><\/li>\n<li><span style=\"color: #000000;\">\u00a0Funksioni i shp\u00eblarjes automatike dhe t\u00eb detyruar t\u00eb membran\u00ebs.<\/span><\/li>\n<li><span style=\"color: #000000;\">\u00a0Treguesit e modalitetit aktual dhe burimi i fishek\u00ebve t\u00eb z\u00ebvend\u00ebsuesh\u00ebm.<\/span><\/li>\n<li><span style=\"color: #000000;\">\u00a0Valvula elektronike e integruar e mbrojtjes nga rrjedhjet.<\/span><\/li>\n<li><span style=\"color: #000000;\">\u00a0Mund\u00ebsia e rregullimit t\u00eb krip\u00ebs n\u00eb ujin e pijsh\u00ebm.<\/span><\/li>\n<li><span style=\"color: #000000;\">\u00a0Shky\u00e7ja automatike e pomp\u00ebs me funksionim t\u00eb vazhduesh\u00ebm p\u00ebr 1 or\u00eb.<\/span><\/li>\n<li><span style=\"color: #000000;\">\u00a0Aft\u00ebsia opsionale p\u00ebr t\u00eb lidhur rezervuarin e magazinimit (fituar ve\u00e7mas).<\/span><\/li>\n<\/ul>\n<p>&nbsp;<\/p>\n<p><span style=\"color: #000000;\">Jet\u00ebgjat\u00ebsia operative e fishek\u00ebve p\u00ebr filtrin Prio SDX600<\/span><\/p>\n<ul>\n<li><span style=\"color: #000000;\">\u00a0Sorbimi dhe parafiltri mekanik Prio K820: deri n\u00eb 15000 litra \/ deri n\u00eb 12 muaj*.<\/span><\/li>\n<li><span style=\"color: #000000;\">\u00a0Membrana me osmoz\u00eb t\u00eb kund\u00ebrt Prio K852: deri n\u00eb 50000 litra \/ deri n\u00eb 48 muaj*.<\/span><\/li>\n<\/ul>\n<p>&nbsp;<\/p>\n<p><span style=\"color: #000000;\">Si e filtron filtrin e filtrit t\u00eb filtrit Prio SDX600 me ujin me osmoz\u00eb t\u00eb kund\u00ebrt?<\/span><\/p>\n<ul>\n<li><span style=\"color: #000000;\">Faza e par\u00eb e filtrimit kryhet nga fisheku K820, i b\u00ebr\u00eb nga dy filtrat e tyre:<\/span><\/li>\n<\/ul>\n<ol>\n<li style=\"list-style-type: none;\">\n<ol>\n<li><span style=\"color: #000000;\">\u00a0Polipropileni i shkum\u00ebzuar, i cili kryen funksionin e nj\u00eb parafiltri mekanik q\u00eb largon ndotjen e patretshme m\u00eb t\u00eb madhe se 5 mikron nga uji.<\/span><\/li>\n<li><span style=\"color: #000000;\">\u00a0Blloku i qymyrit i shtypur, i cili siguron trajtim gjith\u00ebp\u00ebrfshir\u00ebs t\u00eb ujit me thithje t\u00eb klorit, l\u00ebnd\u00ebve organike dhe papast\u00ebrtive klor organike t\u00eb tretshme\/t\u00eb patretshme.<\/span><\/li>\n<\/ol>\n<\/li>\n<\/ol>\n<ul>\n<li><span style=\"color: #000000;\">N\u00eb faz\u00ebn e dyt\u00eb, kryesore, uji filtrohet me metod\u00ebn e osmoz\u00ebs s\u00eb kund\u00ebrt.<\/span><\/li>\n<\/ul>\n<ol>\n<li style=\"list-style-type: none;\">\n<ol>\n<li><span style=\"color: #000000;\">\u00a0Filtri SDX600 \u00ebsht\u00eb i pajisur me nj\u00eb membran\u00eb me osmoz\u00eb t\u00eb kund\u00ebrt K852 me p\u00ebrzgjedhje t\u00eb lart\u00eb, me performanc\u00eb t\u00eb lart\u00eb, e b\u00ebr\u00eb nga kompoziti me shtres\u00eb t\u00eb holl\u00eb nga kompania japoneze Toray.<\/span><\/li>\n<li><span style=\"color: #000000;\">\u00a0Membrana K852 heq deri n\u00eb 99% t\u00eb ndot\u00ebsve n\u00ebn mikron nga uji me nj\u00eb madh\u00ebsi molekule m\u00eb t\u00eb madhe se 0,0001, ti, t\u00eb ngjashme. viruset, bakteret, krip\u00ebrat e fort\u00ebsis\u00eb, metalet toksike, hekuri, radionuklidet dhe shum\u00eb ndot\u00ebs t\u00eb tjer\u00eb organik\u00eb dhe t\u00eb prodhuar nga njeriu.<\/span><\/li>\n<li><span style=\"color: #000000;\">\u00a0Diabratori i osmoz\u00ebs s\u00eb kund\u00ebrt K852 ju lejon t\u00eb merrni uj\u00eb t\u00eb past\u00ebr kristal dhe t\u00eb degraduar (H2O), i cili mund t\u00eb pihet n\u00eb m\u00ebnyr\u00eb t\u00eb sigurt nga rubineti n\u00eb \u00e7do mosh\u00eb.<\/span><\/li>\n<\/ol>\n<\/li>\n<\/ol>\n<p>&nbsp;<\/p>\n<p><span style=\"color: #000000;\">Burimi i nj\u00eb membrane \u00ebsht\u00eb i mjaftuesh\u00ebm p\u00ebr t\u00eb prodhuar deri n\u00eb 50,000 uj\u00eb t\u00eb pijsh\u00ebm t\u00eb filtruar. Por 4 vjet pas fillimit t\u00eb funksionimit, rekomandohet ta z\u00ebvend\u00ebsoni at\u00eb, edhe n\u00ebse burimi n\u00eb litra nuk ishte zhvilluar plot\u00ebsisht.<\/span><\/p>\n<p><span style=\"color: #000000;\">Prio New Water Avantgarde SDX600 &#8211; Set i dor\u00ebzimit<\/span><\/p>\n<ul>\n<li><span style=\"color: #000000;\">\u00a0Nj\u00ebsia e filtrimit t\u00eb mbylljes me fishek\u00eb t\u00eb para-instaluar<\/span><\/li>\n<li><span style=\"color: #000000;\">\u00a0P\u00ebrshtat\u00ebs i integruar i rrym\u00ebs s\u00eb pomp\u00ebs (i lidhur me rrjetin 220V)<\/span><\/li>\n<li><span style=\"color: #000000;\">\u00a0Rezervuari i furnizimit me uj\u00eb t\u00eb filtruar (me aksesor\u00eb p\u00ebr lidhje)<\/span><\/li>\n<li><span style=\"color: #000000;\">\u00a0P\u00ebrshtat\u00ebs p\u00ebr lidhjen e filtrit me tubin e ujit (p\u00ebr tubin 3\/8)<\/span><\/li>\n<li><span style=\"color: #000000;\">\u00a0Kanali p\u00ebr lidhjen e tubit t\u00eb kullimit me tubin e kullimit<\/span><\/li>\n<li><span style=\"color: #000000;\">\u00a0Valvula p\u00ebr bllokimin e kullimit t\u00eb shpin\u00ebs<\/span><\/li>\n<li><span style=\"color: #000000;\">\u00a0Seti p\u00ebr lidhjen e bypass-it (p\u00ebrshkrimi n\u00eb udh\u00ebzime)<\/span><\/li>\n<li><span style=\"color: #000000;\">\u00a0Set tubash fryr\u00ebs (3\/8 &#8211; 3 m, 1\/4 &#8211; 5 m)<\/span><\/li>\n<li><span style=\"color: #000000;\">\u00a0\u00c7el\u00ebs p\u00ebr t\u00eb punuar me pajisje t\u00eb kulluara shpejt<\/span><\/li>\n<\/ul>\n","protected":false},"excerpt":{"rendered":"<div class=\"flex-shrink-0 flex flex-col relative items-end\">\n<div>\n<div class=\"pt-0\">\n<div class=\"gizmo-bot-avatar flex h-8 w-8 items-center justify-center overflow-hidden rounded-full\">\n<div class=\"relative p-1 rounded-sm flex items-center justify-center bg-token-main-surface-primary text-token-text-primary h-8 w-8\"><\/div>\n<\/div>\n<\/div>\n<\/div>\n<\/div>\n<div class=\"group\/conversation-turn relative flex w-full min-w-0 flex-col agent-turn\">\n<div class=\"flex-col gap-1 md:gap-3\">\n<div class=\"flex max-w-full flex-col flex-grow\">\n<div class=\"min-h-[20px] text-message flex w-full flex-col items-end gap-2 whitespace-normal break-words [.text-message+&amp;]:mt-5\" dir=\"auto\" data-message-author-role=\"assistant\" data-message-id=\"e2642ca4-cfb4-499e-89c7-462d7db80b88\">\n<div class=\"flex w-full flex-col gap-1 empty:hidden first:pt-[3px]\">\n<div class=\"markdown prose w-full break-words dark:prose-invert light\">\n<p>Sistemi i osmoz\u00ebs s\u00eb kund\u00ebrt <strong>Prio Avantgarde SDX600<\/strong> ofron filtrimin m\u00eb t\u00eb avancuar p\u00ebr ujin tuaj. Me nj\u00eb membran\u00eb me performanc\u00eb t\u00eb lart\u00eb 600 GPD dhe kapacitet filtrimi deri n\u00eb 2800 litra\/dit\u00eb, ky sistem garanton uj\u00eb t\u00eb past\u00ebr dhe t\u00eb sigurt p\u00ebr t\u00eb gjith\u00eb familjen. Ai largon deri n\u00eb 99% t\u00eb ndot\u00ebsve, duke p\u00ebrfshir\u00eb viruset, bakteret dhe metalet e r\u00ebnda, dhe p\u00ebrmban funksione si shp\u00eblarja automatike, valvula elektronike e mbrojtjes nga rrjedhjet, dhe mund\u00ebsin\u00eb e rregullimit t\u00eb krip\u00ebs. Ideal p\u00ebr kushte me presion t\u00eb ul\u00ebt uji dhe me jet\u00ebgjat\u00ebsi deri n\u00eb 4 vje<\/p>\n<\/div>\n<\/div>\n<\/div>\n<\/div>\n<\/div>\n<\/div>\n","protected":false},"featured_media":2803,"comment_status":"open","ping_status":"closed","template":"","meta":[],"product_cat":[15],"product_tag":[],"class_list":{"0":"post-2921","1":"product","2":"type-product","3":"status-publish","4":"has-post-thumbnail","6":"product_cat-uncategorized","8":"first","9":"instock","10":"shipping-taxable","11":"product-type-simple","12":"add-to-wishlist-after_add_to_cart"},"_links":{"self":[{"href":"https:\/\/priofiltersalbania.al\/index.php\/wp-json\/wp\/v2\/product\/2921","targetHints":{"allow":["GET"]}}],"collection":[{"href":"https:\/\/priofiltersalbania.al\/index.php\/wp-json\/wp\/v2\/product"}],"about":[{"href":"https:\/\/priofiltersalbania.al\/index.php\/wp-json\/wp\/v2\/types\/product"}],"replies":[{"embeddable":true,"href":"https:\/\/priofiltersalbania.al\/index.php\/wp-json\/wp\/v2\/comments?post=2921"}],"wp:featuredmedia":[{"embeddable":true,"href":"https:\/\/priofiltersalbania.al\/index.php\/wp-json\/wp\/v2\/media\/2803"}],"wp:attachment":[{"href":"https:\/\/priofiltersalbania.al\/index.php\/wp-json\/wp\/v2\/media?parent=2921"}],"wp:term":[{"taxonomy":"product_cat","embeddable":true,"href":"https:\/\/priofiltersalbania.al\/index.php\/wp-json\/wp\/v2\/product_cat?post=2921"},{"taxonomy":"product_tag","embeddable":true,"href":"https:\/\/priofiltersalbania.al\/index.php\/wp-json\/wp\/v2\/product_tag?post=2921"}],"curies":[{"name":"wp","href":"https:\/\/api.w.org\/{rel}","templated":true}]}}