{"id":2922,"date":"2024-09-09T13:15:30","date_gmt":"2024-09-09T13:15:30","guid":{"rendered":"https:\/\/priofiltersalbania.al\/?post_type=product&#038;p=2922"},"modified":"2024-10-21T11:15:47","modified_gmt":"2024-10-21T11:15:47","slug":"prio-mod620-direct-flow-450-75-gpd-sistemi-i-filtrimit-te-ujit-me-osmoze-te-kundert-me-shpelarje-automatike","status":"publish","type":"product","link":"https:\/\/priofiltersalbania.al\/index.php\/product\/prio-mod620-direct-flow-450-75-gpd-sistemi-i-filtrimit-te-ujit-me-osmoze-te-kundert-me-shpelarje-automatike\/","title":{"rendered":"Expert AM980"},"content":{"rendered":"<p>Expert AM980 \u00ebsht\u00eb nj\u00eb pajisje unike e filtrimit t\u00eb ujit me rubinet\u00eb pa rezervuar, rubinet t\u00eb ve\u00e7ant\u00eb, nj\u00ebsi kontrolli elektronik, pomp\u00eb, teknologji japoneze, inovative, presion t\u00eb lart\u00eb, kapacitet t\u00eb lart\u00eb dhe membran\u00eb polimer filmi Toray dhe sistem ndarjeje me osmoz\u00eb t\u00eb kund\u00ebrt me rrjedhje t\u00eb drejtp\u00ebrdrejt\u00eb. AM980 \u00ebsht\u00eb nj\u00eb model me dy membrana me efikasitet t\u00eb rritur n\u00eb krahasim me MOD600!<\/p>\n<p><strong>Fuqia dhe Performanca maksimale!<\/strong><\/p>\n<p>Me dizajnin e tij elegant, kursimet maksimale t\u00eb ujit, efikasitetin e pakrahasuesh\u00ebm, dizajnin e holl\u00eb dhe q\u00eb kursen hap\u00ebsir\u00eb, dimensionet kompakte dhe filtrat e leht\u00eb p\u00ebr t&#8217;u ndryshuar, \u00ebsht\u00eb pajisja m\u00eb e mir\u00eb e filtrimit t\u00eb ujit q\u00eb mund t\u00eb blini p\u00ebr sht\u00ebpin\u00eb tuaj.<\/p>\n<p>Heqja e r\u00ebr\u00ebs, ndryshkut dhe sedimentit, zbutja, trajtimi i pesticideve t\u00eb d\u00ebmshme, tretja e molekulave t\u00eb g\u00eblqeres n\u00eb uj\u00eb, pastrimi p\u00ebrfundimtar + mineralizimi.<\/p>\n<p>AM980 ofron zgjidhjen p\u00ebrfundimtare p\u00ebr trajtimin e pothuajse t\u00eb gjitha substancave t\u00eb d\u00ebmshme dhe ndot\u00ebse t\u00eb njohura, heqjen e baktereve dhe viruseve dhe zgjidhjen p\u00ebrfundimtare t\u00eb problemit t\u00eb g\u00eblqeres. P\u00ebrfshin nj\u00ebsin\u00eb e pomp\u00ebs automatike (Jet X855) me kontroll elektronik dhe pomp\u00eb t\u00eb fuqishme p\u00ebr sistemet e osmoz\u00ebs s\u00eb kund\u00ebrt me nj\u00eb kalim. Membranat me ndryshim t\u00eb leht\u00eb dhe t\u00eb shpejt\u00eb sigurojn\u00eb efikasitet t\u00eb lart\u00eb, presion t\u00eb lart\u00eb. Ekziston nj\u00eb filt\u00ebr p\u00ebrfundimtar i kombinuar p\u00ebr remineralizim. Karakteristikat kryesore:<\/p>\n<p>Osmoz\u00eb e kund\u00ebrt<\/p>\n<p>Rrjedha e drejtp\u00ebrdrejt\u00eb<\/p>\n<p>Pomp\u00eb e fuqishme Jet X855<\/p>\n<p>Filtrimi me 8-10 faza<\/p>\n<p>Filtra t\u00eb shpejt\u00eb t\u00eb nd\u00ebrruesh\u00ebm<\/p>\n<p>Shkalla e pastrimit 1 lit\u00ebr + \/ minut\u00eb<\/p>\n<p><strong>Uji m\u00eb i past\u00ebr:<\/strong> R.O. Uji i trajtuar nuk p\u00ebrmban klor, metale t\u00eb r\u00ebnda, l\u00ebnd\u00eb t\u00eb ngurta dhe jone t\u00eb tjera t\u00eb tretura, baktere dhe viruse, madje edhe mikroplastik\u00eb.<\/p>\n<p>P\u00ebrtej ujit t\u00eb ambalazhuar: Sistemi ofron nj\u00eb sasi praktikisht t\u00eb pakufizuar t\u00eb ujit t\u00eb sigurt, t\u00eb past\u00ebr dhe t\u00eb shijsh\u00ebm pik\u00ebrisht n\u00eb lavamanin tuaj, \u00e7do dit\u00eb. Hiqni ujin nga lista juaj ushqimore!<\/p>\n<p><strong>Teknologji moderne inovative:<\/strong><\/p>\n<ul>\n<li>Rrjedha e drejtp\u00ebrdrejt\u00eb R.O. filtrim n\u00eb koh\u00eb reale, nuk k\u00ebrkohet rezervuar magazinimi<\/li>\n<li>Funksionim plot\u00ebsisht automatik<\/li>\n<li>Kompakt dhe modular<\/li>\n<\/ul>\n<p><strong>Fluks i fresk\u00ebt:<\/strong> Rrjedhje e lart\u00eb, e disponueshme menj\u00ebher\u00eb dhe e q\u00ebndrueshme e ujit dhe freski e dallueshme e ujit t\u00eb filtruar n\u00eb koh\u00eb reale. Asnj\u00ebher\u00eb mos prisni p\u00ebr nj\u00eb mbushje t\u00eb rezervuarit. Nuk ka m\u00eb uj\u00eb t\u00eb ndenjur nga nj\u00eb rezervuar.<\/p>\n<p><strong>Efikasiteti i pamposhtur:<\/strong> Deri n\u00eb tre her\u00eb m\u00eb pak mbetje uji p\u00ebr gallon uj\u00eb t\u00eb filtruar p\u00ebr shkak t\u00eb shkall\u00ebs s\u00eb rikuperimit 1:1 ose m\u00eb t\u00eb mir\u00eb. Kurseni n\u00eb \u00e7do fatur\u00eb t\u00eb sh\u00ebrbimeve publike!<\/p>\n<p><strong>Kosto m\u00eb e ul\u00ebt e p\u00ebrdorimit:<\/strong> Shkalla e lart\u00eb e efikasitetit \u00e7on n\u00eb nj\u00eb nevoj\u00eb m\u00eb pak t\u00eb shpesht\u00eb t\u00eb ndryshimit t\u00eb filtrit. Sa m\u00eb shum\u00eb t\u00eb p\u00ebrdorni R.O. makineri aq m\u00eb shum\u00eb kurseni n\u00eb mir\u00ebmbajtje!<\/p>\n<p><strong>Rreth R.O. Filtrimi:<\/strong><\/p>\n<p>Osmoza e kund\u00ebrt \u00ebsht\u00eb aktualisht metoda m\u00eb e avancuar por natyrale e pastrimit t\u00eb ujit. Membrana gjysm\u00eb e p\u00ebrshkueshme lejon q\u00eb vet\u00ebm uji t\u00eb kaloj\u00eb dhe refuzon gjith\u00e7ka tjet\u00ebr.<\/p>\n<p>R.O. Uji i trajtuar nuk p\u00ebrmban klor, metale t\u00eb r\u00ebnda, l\u00ebnd\u00eb t\u00eb ngurta dhe jone t\u00eb tjera t\u00eb tretura, baktere dhe viruse. Ky uj\u00eb \u00ebsht\u00eb i sigurt dhe freskues, nuk k\u00ebrkon zierje dhe \u00ebsht\u00eb nj\u00eb zgjedhje e mir\u00eb p\u00ebr t\u00eb gjitha llojet e p\u00ebrdorimit duke p\u00ebrfshir\u00eb ushqimin e foshnj\u00ebs s\u00eb porsalindur.<\/p>\n<p>Mos b\u00ebni gabim, ky proces osmoz\u00eb \u00ebsht\u00eb aq i natyrsh\u00ebm sa mund t\u00eb jet\u00eb, pasi n\u00eb thelb \u00ebsht\u00eb i nj\u00ebjt\u00eb me at\u00eb n\u00eb \u00e7do qeliz\u00eb t\u00eb gjall\u00eb n\u00eb Tok\u00eb. Membrana qelizore lejon vet\u00ebm at\u00eb q\u00eb duhet t\u00eb kaloj\u00eb dhe refuzon gjith\u00e7ka t\u00eb huaj.<\/p>\n<p>K\u00ebto dit\u00eb, gjeniu njer\u00ebzor e riprodhoi k\u00ebt\u00eb proces natyror n\u00eb nj\u00eb pajisje nanoteknologjike shum\u00eb t\u00eb sofistikuar pik\u00ebrisht n\u00eb lavamanin tuaj.<\/p>\n<p>Asnj\u00eb magji, pa pretendime t\u00eb paprovuara &#8211; thjesht shkenc\u00eb e past\u00ebr! Osmoza e kund\u00ebrt p\u00ebrdoret kudo kur nevojitet uj\u00eb i v\u00ebrtet\u00eb i past\u00ebr, jo pretendime: nga prodhimi farmaceutik deri te furnizimi me uj\u00eb i stacionit hap\u00ebsinor, nga impiantet komunale t\u00eb shkrip\u00ebzimit t\u00eb ujit me nj\u00eb zon\u00eb shum\u00eb milion\u00ebshe deri te kompletet e shp\u00ebtimit t\u00eb anijeve detare.<\/p>\n<p><strong>Karakteristikat kryesore:<\/strong><\/p>\n<p>Uj\u00eb t\u00eb pijsh\u00ebm t\u00eb past\u00ebr dhe t\u00eb sigurt pik\u00ebrisht n\u00eb lavamanin tuaj. Nuk ka m\u00eb nevoj\u00eb p\u00ebr t\u00eb transportuar dhe asgj\u00ebsuar ujin n\u00eb shishe<\/p>\n<p>Filtra dhe membrana t\u00eb parainstaluara nga fabrika p\u00ebr konfigurim m\u00eb t\u00eb shpejt\u00eb dhe m\u00eb t\u00eb leht\u00eb.<\/p>\n<p>Dizajn kompakt dhe i bukur.<\/p>\n<p>Funksionimi plot\u00ebsisht automatik:<\/p>\n<p>Pompa e fuqishme p\u00ebrforcuese rrit presionin e hyrjes p\u00ebr t\u00eb p\u00ebrmir\u00ebsuar rr\u00ebnj\u00ebsisht R.O. efektiviteti i procesit. Performanc\u00eb e garantuar edhe n\u00eb mjedise me presion t\u00eb ul\u00ebt uji.<\/p>\n<p>Shp\u00eblarja automatike parandalon grumbullimin e shkall\u00ebve dhe mbeturinave n\u00eb sip\u00ebrfaqen e jashtme t\u00eb membran\u00ebs: p\u00ebr performanc\u00eb maksimale dhe membran\u00eb m\u00eb t\u00eb sh\u00ebndetshme.<\/p>\n<p><strong>\u00a0Mbrojtja boshe:<\/strong> n\u00ebse harroni t\u00eb fikni rubinetin e ujit t\u00eb past\u00ebr dhe ta lini t\u00eb ndezur, t\u00eb themi, gjat\u00eb nat\u00ebs, boti i pomp\u00ebs do ta mbyll\u00eb sistemin automatikisht p\u00ebr ju.<\/p>\n<p><strong>\u00a0Treguesit LED:<\/strong> kuptoni leht\u00ebsisht se si \u00ebsht\u00eb gjendja e R.O tuaj. makina \u00ebsht\u00eb.<\/p>\n<p>Pa rr\u00ebmuj\u00eb, ndryshim i shpejt\u00eb dhe i leht\u00eb i filtrit: p\u00ebr mir\u00ebmbajtje t\u00eb rregullt t\u00eb leht\u00eb.<\/p>\n<p>Pajisje t\u00eb shpejta kudo p\u00ebr lidhje t\u00eb lehta t\u00eb tubave.<\/p>\n<p>P\u00ebrfshir\u00eb rubinet dizajneri.<\/p>\n<p>P\u00ebrfshihet Pompa e avancuar Prio\u00ae Pump Bot.<\/p>\n<p><strong>Si e re \u00e7do dit\u00eb!<\/strong><\/p>\n<p>Ndryshe nga filtrat n\u00eb linj\u00eb me shum\u00eb faza me fishek\u00eb, sistemi i osmoz\u00ebs s\u00eb kund\u00ebrt nuk thith dhe mban papast\u00ebrtit\u00eb brenda. Membrana ndan ujin e past\u00ebr nga l\u00ebnd\u00ebt e ngurta t\u00eb tretura dhe grimcat e tjera t\u00eb refuzuara q\u00eb zbresin n\u00eb kullues.<\/p>\n<p>&nbsp;<\/p>\n<p>&nbsp;<\/p>\n<p>K\u00ebshtu, R.O. sistemi \u00ebsht\u00eb &#8220;si i ri&#8221; \u00e7do dit\u00eb! Mbetet i past\u00ebr dhe jep uj\u00eb t\u00eb past\u00ebr t\u00eb sigurt pa rrezikun e ndotjes s\u00eb tij dyt\u00ebsore.<\/p>\n<p><strong>Sistemi i filtrimit me 6 faza:<\/strong><\/p>\n<p>K870<\/p>\n<p>K866<\/p>\n<p>K880<\/p>\n<p>K858<\/p>\n<p>&nbsp;<\/p>\n<p><strong>T\u00eb dh\u00ebnat teknike:<\/strong><\/p>\n<p>Presioni minimal i ujit t\u00eb furnizimit: 7,25 psi (0,05 MPa)<\/p>\n<p>Presioni maksimal i ujit t\u00eb furnizimit: 80 psi (0,55 MPa)<\/p>\n<p>Temperatura minimale e ujit: 41 \u00b0F (5 \u00b0C)<\/p>\n<p>Temperatura optimale e ujit: 59\u201377 \u00b0F (15\u201325 \u00b0C)<\/p>\n<p>Temperatura maksimale e ujit: 95 \u00b0F (35 \u00b0C) \/ deri n\u00eb 105 \u00b0F (40.5 \u00b0C) afatshkurt\u00ebr<\/p>\n<p>Temperatura e ajrit t\u00eb ambientit: 41\u2013105 \u00b0F (5\u201340,5 \u00b0C)<\/p>\n<p>Burimi i ujit: furnizimi me uj\u00eb t\u00eb rubinetit, i klorur ose jo, i sigurt bakteriologjikisht<\/p>\n<p>Gama e pH e ujit t\u00eb furnizimit: 4,0-11,0<\/p>\n<p>Turbullira e furnizimit me uj\u00eb: &lt; 1 NTU<\/p>\n<p>P\u00ebrb\u00ebr\u00ebsit e ujit t\u00eb furnizimit: Fort\u00ebsia (CaCO3) &lt;180 mg\/L (&lt;10,5 gpg), Hekur &lt;0,1 mg\/L, Mangan &lt;0,05 mg\/L, Sulfid hidrogjeni 0,00 mg\/L<\/p>\n<p>Furnizimi maksimal i ujit TDS: 1000 ppm<\/p>\n<p>Vet\u00ebm p\u00ebr p\u00ebrdorim t\u00eb brendsh\u00ebm<\/p>\n<p>Hyrja elektrike: AC 100-240V 50\/60 Hz<\/p>\n<p>Spina elektrike: US Type A \/ Europlug CEE 7\/16<\/p>\n<p>Gjat\u00ebsia maksimale e linj\u00ebs midis nj\u00ebsis\u00eb s\u00eb pomp\u00ebs dhe membran\u00ebs (&#8220;instalimi i ndar\u00eb&#8221;): 50 ft (15 m<\/p>\n<p><strong>Performanca:<\/strong><\/p>\n<p>Vler\u00ebsimi i prodhimit t\u00eb ujit t\u00eb filtruar: maksimumi 450 gpd (1650 lpd).<\/p>\n<p>Shkalla e shp\u00ebrndarjes s\u00eb ujit t\u00eb filtruar, nominale: 0,159\u20130,370 gpm (0,6\u20131,40 l\/min), tipike: 0,238\u20130,327 gpm (0,9\u20131,25 l\/min)<\/p>\n<p>Shkalla e refuzimit t\u00eb membran\u00ebs 1, tipike: \u226590%<\/p>\n<p>Shkalla e rikuperimit (efikasiteti i sistemit 2), tipike: \u226550%<\/p>\n<p>Kufizues i rrjedh\u00ebs s\u00eb ujit t\u00eb kullimit: 300 cc (ml\/min) nominale, deri n\u00eb 450 cc n\u00eb modalitetin e pun\u00ebs, rrjedhje e hapur n\u00eb modalitetin e shkarkimit.<\/p>\n<p>Koh\u00ebzgjatja e ndezjes automatike: 18\u00b15% s<\/p>\n<p>Mbrojtja n\u00eb boshe: 120 minuta<\/p>\n<p>Konsumi i energjis\u00eb: \u226460 W (modaliteti i pun\u00ebs), \u226440 W (modaliteti i ndezjes), \u22642 W (modaliteti i gatishm\u00ebris\u00eb)<\/p>\n<p>Performanca e pajisjes si shkalla e shp\u00ebrndarjes s\u00eb ujit t\u00eb filtruar, shkalla e refuzimit, etj. varet shum\u00eb nga kushtet lokale (presioni i ujit n\u00eb hyrje, temperatura, TDS dhe shkalla e ndotjes, etj.) dhe R.O. modeli i p\u00ebrdorimit t\u00eb sistemit. Performanca aktuale mund t\u00eb ndryshoj\u00eb.<\/p>\n<p><strong>\u00c7far\u00eb ka n\u00eb kuti:<\/strong><\/p>\n<p>(1) Nj\u00ebsia e kutis\u00eb s\u00eb pomp\u00ebs p\u00ebrforcuese me shp\u00eblarje automatike<\/p>\n<p>(1) R.O. nj\u00ebsi filtrimi<\/p>\n<p>(1) Valvula e topit p\u00ebrshtat\u00ebs (p\u00ebrdoruesi i konfiguruesh\u00ebm n\u00eb \u215c&#8221; x \u215c&#8221; x \u00bc&#8221;, \u00bd&#8221; x \u00bd&#8221; x \u00bc&#8221; ose \u00bd&#8221; x \u215c&#8221; x \u00bc&#8221;)<\/p>\n<p>(1) Rrotull shiriti Teflon<\/p>\n<p>(1) Rubineti (n\u00eb var\u00ebsi t\u00eb SKU dhe tregut)<\/p>\n<p>(1) Tubin e kullimit<\/p>\n<p>(1) \u00e7el\u00ebs<\/p>\n<p>(26 ft \/ 8 m) Tub uji \u00bc\u201d<\/p>\n<p>(1) Valvula e kontrollit t\u00eb bashkimit \u00bc&#8221; x \u00bc&#8221;.<\/p>\n<p>(1) \u00bc&#8221; x \u00bc&#8221; x \u00bc&#8221; montim bashkimi ose montim Y<\/p>\n<p>Udh\u00ebzuesi i p\u00ebrdoruesit<\/p>\n<p><strong>Certifikimi:<\/strong><\/p>\n<p>Plot\u00ebsisht i certifikuar CE dhe p\u00ebrputhet me Direktivat dhe Standardet 98\/83\/EC, 2006\/42\/EC, 2014\/30\/EU, 2014\/35\/EU, (EU) 2015\/1787, EN 14652:2005+A1:EN20 13443-2:2005+A1:2007, EN 14898:2006+A1:2007, etj.<\/p>\n<p><strong>Pesha dhe madh\u00ebsia:<\/strong><\/p>\n<p>Nj\u00ebsia e kutis\u00eb s\u00eb pomp\u00ebs:<\/p>\n<p>Madh\u00ebsia (WDH), vet\u00ebm trupi, duke p\u00ebrjashtuar zgjatimet: 8,74 x 4,80 x 12,44\u201d (222 x 122 x 316 mm)<\/p>\n<p>Pesha, pa uj\u00eb dhe tub: 8.6 lbs (3.9 kg)<\/p>\n<p>R.O. Nj\u00ebsia e filtrimit:<\/p>\n<p>Madh\u00ebsia (WDH), vet\u00ebm trupi, duke p\u00ebrjashtuar zgjatimet: 13,46 x 4,92 x 14,80\u201d (342 x 125 x 376 mm)<\/p>\n<p>Pesha, pa uj\u00eb dhe tub: 8.8 lbs (4.0 kg)<\/p>\n<p>Pesha e transportit: 20 lbs (9,5 kg)<\/p>\n","protected":false},"excerpt":{"rendered":"<ul>\n<li><strong>Teknologji<\/strong>: Osmoz\u00eb e kund\u00ebrt, dy membrana, teknologji japoneze<\/li>\n<li><strong>Kapacitet<\/strong>: 1 lit\u00ebr\/minut\u00eb, deri n\u00eb 450 gpd (1650 lpd)<\/li>\n<li><strong>Karakteristika<\/strong>:\n<ul>\n<li>Shp\u00eblarje automatike<\/li>\n<li>Pompa Jet X855<\/li>\n<li>Filtrim 6 faza<\/li>\n<li>Heq r\u00ebr\u00eb, ndryshk, sediment, pesticide, baktere, viruse<\/li>\n<\/ul>\n<\/li>\n<li><strong>Efikasitet<\/strong>: Deri n\u00eb 3 her\u00eb m\u00eb pak mbetje uji<\/li>\n<li><strong>Temperatura<\/strong>: 41\u201395 \u00b0F (5\u201335 \u00b0C)<\/li>\n<li><strong>Dimensionet<\/strong>:\n<ul>\n<li>Nj\u00ebsia e pomp\u00ebs: 8.74 x 4.80 x 12.44 in (222 x 122 x 316 mm)<\/li>\n<li>Nj\u00ebsia e filtrimit: 13.46 x 4.92 x 14.80 in (342 x 125 x 376 mm)<\/li>\n<\/ul>\n<\/li>\n<\/ul>\n","protected":false},"featured_media":2783,"comment_status":"open","ping_status":"closed","template":"","meta":[],"product_cat":[15,73],"product_tag":[],"class_list":{"0":"post-2922","1":"product","2":"type-product","3":"status-publish","4":"has-post-thumbnail","6":"product_cat-uncategorized","7":"product_cat-expert","9":"first","10":"instock","11":"shipping-taxable","12":"product-type-simple","13":"add-to-wishlist-after_add_to_cart"},"_links":{"self":[{"href":"https:\/\/priofiltersalbania.al\/index.php\/wp-json\/wp\/v2\/product\/2922","targetHints":{"allow":["GET"]}}],"collection":[{"href":"https:\/\/priofiltersalbania.al\/index.php\/wp-json\/wp\/v2\/product"}],"about":[{"href":"https:\/\/priofiltersalbania.al\/index.php\/wp-json\/wp\/v2\/types\/product"}],"replies":[{"embeddable":true,"href":"https:\/\/priofiltersalbania.al\/index.php\/wp-json\/wp\/v2\/comments?post=2922"}],"wp:featuredmedia":[{"embeddable":true,"href":"https:\/\/priofiltersalbania.al\/index.php\/wp-json\/wp\/v2\/media\/2783"}],"wp:attachment":[{"href":"https:\/\/priofiltersalbania.al\/index.php\/wp-json\/wp\/v2\/media?parent=2922"}],"wp:term":[{"taxonomy":"product_cat","embeddable":true,"href":"https:\/\/priofiltersalbania.al\/index.php\/wp-json\/wp\/v2\/product_cat?post=2922"},{"taxonomy":"product_tag","embeddable":true,"href":"https:\/\/priofiltersalbania.al\/index.php\/wp-json\/wp\/v2\/product_tag?post=2922"}],"curies":[{"name":"wp","href":"https:\/\/api.w.org\/{rel}","templated":true}]}}