{"id":2925,"date":"2024-09-09T13:23:24","date_gmt":"2024-09-09T13:23:24","guid":{"rendered":"https:\/\/priofiltersalbania.al\/?post_type=product&#038;p=2925"},"modified":"2026-04-11T09:32:47","modified_gmt":"2026-04-11T09:32:47","slug":"fisheku-k161","status":"publish","type":"product","link":"https:\/\/priofiltersalbania.al\/index.php\/product\/fisheku-k161\/","title":{"rendered":"Fisheku K161"},"content":{"rendered":"","protected":false},"excerpt":{"rendered":"<p>Prio K161 Sediment Block Pre-Filter, nj\u00eb parafilt\u00ebr mekanik i polipropilenit q\u00eb montohet leht\u00eb n\u00eb nj\u00eb shtres\u00eb t\u00eb tejdukshme, pastron ujin nga ndot\u00ebsit m\u00eb t\u00eb m\u00ebdhenj se 5 mikron (g\u00eblqere, ndryshk, r\u00ebr\u00eb, etj.) me past\u00ebrtin\u00eb e tij t\u00eb filtrimit 5 mikron. duke zgjatur k\u00ebshtu jet\u00ebn e membranave dhe filtrave.<\/p>\n<p>Lidhet me zorr\u00ebn midis ujit t\u00eb rrjetit dhe hyrjes s\u00eb pajisjes<\/p>\n<p>P\u00ebrmbajtja: polipropilen (rezin\u00eb) jo i endur 5 mikron<\/p>\n<p>Temperatura ideale: +2 &#8211; +35 \u043e\u0421<\/p>\n<p>Shkalla e rekomanduar e filtrimit t\u00eb ujit: deri n\u00eb 2 l\/min.<\/p>\n<p>Afati i ruajtjes (n\u00ebse nuk hapet paketimi): i pakufizuar<\/p>\n<p>Jet\u00ebgjat\u00ebsia: 6-12 muaj<\/p>\n","protected":false},"featured_media":2926,"comment_status":"open","ping_status":"closed","template":"","meta":[],"product_cat":[15,74],"product_tag":[],"class_list":{"0":"post-2925","1":"product","2":"type-product","3":"status-publish","4":"has-post-thumbnail","6":"product_cat-uncategorized","7":"product_cat-fisheku","9":"first","10":"instock","11":"shipping-taxable","12":"product-type-simple","13":"add-to-wishlist-after_add_to_cart"},"_links":{"self":[{"href":"https:\/\/priofiltersalbania.al\/index.php\/wp-json\/wp\/v2\/product\/2925","targetHints":{"allow":["GET"]}}],"collection":[{"href":"https:\/\/priofiltersalbania.al\/index.php\/wp-json\/wp\/v2\/product"}],"about":[{"href":"https:\/\/priofiltersalbania.al\/index.php\/wp-json\/wp\/v2\/types\/product"}],"replies":[{"embeddable":true,"href":"https:\/\/priofiltersalbania.al\/index.php\/wp-json\/wp\/v2\/comments?post=2925"}],"wp:featuredmedia":[{"embeddable":true,"href":"https:\/\/priofiltersalbania.al\/index.php\/wp-json\/wp\/v2\/media\/2926"}],"wp:attachment":[{"href":"https:\/\/priofiltersalbania.al\/index.php\/wp-json\/wp\/v2\/media?parent=2925"}],"wp:term":[{"taxonomy":"product_cat","embeddable":true,"href":"https:\/\/priofiltersalbania.al\/index.php\/wp-json\/wp\/v2\/product_cat?post=2925"},{"taxonomy":"product_tag","embeddable":true,"href":"https:\/\/priofiltersalbania.al\/index.php\/wp-json\/wp\/v2\/product_tag?post=2925"}],"curies":[{"name":"wp","href":"https:\/\/api.w.org\/{rel}","templated":true}]}}