{"id":2927,"date":"2024-09-09T13:24:03","date_gmt":"2024-09-09T13:24:03","guid":{"rendered":"https:\/\/priofiltersalbania.al\/?post_type=product&#038;p=2927"},"modified":"2024-09-12T22:14:27","modified_gmt":"2024-09-12T22:14:27","slug":"fisheku-k890","status":"publish","type":"product","link":"https:\/\/priofiltersalbania.al\/index.php\/product\/fisheku-k890\/","title":{"rendered":"Fisheku K890"},"content":{"rendered":"","protected":false},"excerpt":{"rendered":"<p>Fisheku i pastrimit mekanik dhe thithjes me dy faza (polipropileni + karbon aktiv i shtypur) p\u00ebr sistemet e pastrimit ExtRO<\/p>\n<p>Pastrim mekanik parafilt\u00ebr dhe thithje universale p\u00ebr sistemet e osmoz\u00ebs s\u00eb kund\u00ebrt ExtRO<\/p>\n<p>Elementi i filtrit K890 p\u00ebrdoret si faza e par\u00eb e sistemeve t\u00eb osmoz\u00ebs s\u00eb kund\u00ebrt Prio New Water ExtRO TO600.<\/p>\n<p>Pastron ujin nga papast\u00ebrtit\u00eb mekanike &#8211; r\u00ebra, llumi, ndryshku, etj., si dhe nga nj\u00eb gam\u00eb e gjer\u00eb papast\u00ebrtish t\u00eb tretura organike dhe inorganike (klor i lir\u00eb, klor organik, pesticide, herbicide, plehra bujq\u00ebsore dhe produkte t\u00eb kalbjes s\u00eb tyre, produkte t\u00eb naft\u00ebs, fenolet, metalet e r\u00ebnda, elementet radioaktive dhe komponimet inorganike, p\u00ebrmir\u00ebson er\u00ebn e tij dhe pak\u00ebson er\u00ebn e ujit.<\/p>\n<p>Z\u00ebvend\u00ebsimi i thjesht\u00eb i fishekut n\u00eb pak sekonda fal\u00eb montimit bajonet\u00eb. Gjat\u00eb z\u00ebvend\u00ebsimit, mjafton t\u00eb ktheni fishekun me dor\u00eb p\u00ebr nj\u00eb t\u00eb kat\u00ebrt\u00ebn e rrotullimit dhe ta nxirrni nga foleja (zgjidheni n\u00eb fole). Nuk k\u00ebrkohen mjete.<\/p>\n","protected":false},"featured_media":2928,"comment_status":"open","ping_status":"closed","template":"","meta":[],"product_cat":[15,74],"product_tag":[],"class_list":{"0":"post-2927","1":"product","2":"type-product","3":"status-publish","4":"has-post-thumbnail","6":"product_cat-uncategorized","7":"product_cat-fisheku","9":"first","10":"instock","11":"shipping-taxable","12":"product-type-simple","13":"add-to-wishlist-after_add_to_cart"},"_links":{"self":[{"href":"https:\/\/priofiltersalbania.al\/index.php\/wp-json\/wp\/v2\/product\/2927","targetHints":{"allow":["GET"]}}],"collection":[{"href":"https:\/\/priofiltersalbania.al\/index.php\/wp-json\/wp\/v2\/product"}],"about":[{"href":"https:\/\/priofiltersalbania.al\/index.php\/wp-json\/wp\/v2\/types\/product"}],"replies":[{"embeddable":true,"href":"https:\/\/priofiltersalbania.al\/index.php\/wp-json\/wp\/v2\/comments?post=2927"}],"wp:featuredmedia":[{"embeddable":true,"href":"https:\/\/priofiltersalbania.al\/index.php\/wp-json\/wp\/v2\/media\/2928"}],"wp:attachment":[{"href":"https:\/\/priofiltersalbania.al\/index.php\/wp-json\/wp\/v2\/media?parent=2927"}],"wp:term":[{"taxonomy":"product_cat","embeddable":true,"href":"https:\/\/priofiltersalbania.al\/index.php\/wp-json\/wp\/v2\/product_cat?post=2927"},{"taxonomy":"product_tag","embeddable":true,"href":"https:\/\/priofiltersalbania.al\/index.php\/wp-json\/wp\/v2\/product_tag?post=2927"}],"curies":[{"name":"wp","href":"https:\/\/api.w.org\/{rel}","templated":true}]}}