{"id":2929,"date":"2024-09-09T13:25:21","date_gmt":"2024-09-09T13:25:21","guid":{"rendered":"https:\/\/priofiltersalbania.al\/?post_type=product&#038;p=2929"},"modified":"2024-09-12T22:14:27","modified_gmt":"2024-09-12T22:14:27","slug":"fisheku-k860","status":"publish","type":"product","link":"https:\/\/priofiltersalbania.al\/index.php\/product\/fisheku-k860\/","title":{"rendered":"Fisheku K860"},"content":{"rendered":"<p>Fisheku me membran\u00eb osmotike t\u00eb kund\u00ebrt p\u00ebr sistemet e pastrimit ExtRO<\/p>\n<p>&nbsp;<\/p>\n<p>Nj\u00eb element filtri q\u00eb hiqet shpejt q\u00eb p\u00ebrmban gjenerat\u00ebn e fundit t\u00eb gjenerat\u00ebs s\u00eb fundit t\u00eb filmit t\u00eb p\u00ebrb\u00ebr\u00eb polimer nga Toray Industries Inc., Japoni. Cil\u00ebsi e pakrahasueshme e pastrimit: nj\u00eb p\u00ebrmbajtje tipike e krip\u00ebs s\u00eb p\u00ebrshkueshme t\u00eb mbetjeve n\u00eb daljen e membran\u00ebs n\u00eb modalitetin e vendosur prej 9 ppm (besimi 67%), 18 ppm (95%) (t\u00eb dh\u00ebna nga rezerva origjinale e qymyrit 300 ppm, presioni i hyrjes prej 0,6 MPa, temperatura e ujit 18oC).<\/p>\n<p>Mebrana \u00ebsht\u00eb i certifikuar nga NSF.<\/p>\n<ul>\n<li>Kryen pastrimin m\u00eb t\u00eb plot\u00eb t\u00eb ujit nga papast\u00ebrtit\u00eb mekanike, bakteret dhe viruset, p\u00ebrb\u00ebrjet organike dhe inorganike t\u00eb tretura (pesticidet, nitratet, hekuri i tretur, metalet e r\u00ebnda, etj.). Heq plot\u00ebsisht krip\u00ebrat e ngurt\u00ebsis\u00eb dhe zgjidh problemin e nakit n\u00eb en\u00ebt. Eliminon aromat e pak\u00ebndshme, p\u00ebrmir\u00ebson shijen e ujit.<\/li>\n<li>Z\u00ebvend\u00ebsimi i thjesht\u00eb i fishekut n\u00eb pak sekonda fal\u00eb montimit bajonet\u00eb. Gjat\u00eb z\u00ebvend\u00ebsimit, mjafton t\u00eb ktheni fishekun me dor\u00eb p\u00ebr nj\u00eb t\u00eb kat\u00ebrt\u00ebn e rrotullimit dhe ta nxirrni nga foleja (zgjidheni n\u00eb fole). Nuk k\u00ebrkohen mjete.<\/li>\n<li>P\u00ebrmban nj\u00eb membran\u00eb osmomotike t\u00eb kund\u00ebrt shum\u00eb elektive t\u00eb b\u00ebr\u00eb nga Toray Industries Inc., Japoni.<\/li>\n<li>P\u00ebrdoren vet\u00ebm filtra t\u00eb \u00e7ertifikuar dhe t\u00eb shtuar me ushqim dhe komponent\u00eb t\u00eb tjer\u00eb.<\/li>\n<\/ul>\n<p>Karakteristikat teknike dhe kushtet e funksionimit<\/p>\n<ul>\n<li>\u00a0P\u00ebrb\u00ebrja: film polimer i p\u00ebrb\u00ebr\u00eb osmotik i kund\u00ebrt Toray Industries Inc., Japoni<\/li>\n<li>\u00a0Temperatura e lejuar e ujit: +2 ? +35 ?<\/li>\n<li>\u00a0Presioni i ujit: 0,14 deri n\u00eb 0,80 MPa (nga 1,4 n\u00eb 8,0 kgf\/cm2)<\/li>\n<li>\u00a0Presioni maksimal i menj\u00ebhersh\u00ebm i hyrjes (hydro-incock): 1,6 MPa (16 kgf\/cm2)<\/li>\n<li>\u00a0Vler\u00ebsimi: 95 GPD<\/li>\n<li>\u00a0Shkalla e filtrimit* (sipas mishit): 0,2-5 p\u00ebr qind l\/min.<\/li>\n<li>\u00a0Shkat\u00ebrrimi n\u00eb modalitetin e vendosur*: deri n\u00eb 99%<\/li>\n<li>\u00a0Raporti i p\u00ebrzgjedhjes s\u00eb dep\u00ebrtimit*: nominalisht 25%<\/li>\n<li>\u00a0Mbajtja totale e krip\u00ebs s\u00eb ujit n\u00eb hyrje: jo m\u00eb shum\u00eb se 1000 mg\/l (rekomandohet deri n\u00eb 500 mg\/l)<\/li>\n<li>Burimi*: deri n\u00eb 12000 litra dep\u00ebrtim ose deri n\u00eb 720 or\u00eb n\u00eb modalitetin e filtrimit si pjes\u00eb e ExtRO TO600 ose 2 vjet (n\u00eb var\u00ebsi t\u00eb asaj q\u00eb vjen s\u00eb pari)<\/li>\n<li>\u00a0Afati i ruajtjes (para p\u00ebrdorimit): 3 vjet nga data e prodhimit<\/li>\n<li>Jet\u00ebgjat\u00ebsia: 24 muaj nga fillimi i p\u00ebrdorimit<\/li>\n<\/ul>\n<p>* Karakteristikat e funksionimit dhe jet\u00ebgjat\u00ebsia varen nga temperatura, p\u00ebrb\u00ebrja dhe shkalla e ndotjes s\u00eb ujit t\u00eb burimit, presioni n\u00eb furnizimin me uj\u00eb dhe kushtet e tjera dhe m\u00ebnyra e p\u00ebrdorimit. K\u00ebto vlera jan\u00eb arritur n\u00eb zgjidhje model. Shkalla e pastrimit dhe shkalla e filtrimit zvog\u00eblohet gjat\u00eb funksionimit. N\u00eb fund t\u00eb jet\u00ebs s\u00eb sh\u00ebrbimit (ose shterimi i burimeve), produkti duhet t\u00eb \u00e7aktivizohet.<\/p>\n<p>&nbsp;<\/p>\n<p>Kujdes! Mos e \u00e7montoni! Pas p\u00ebrdorimit, mos e rivendosni!<\/p>\n<p>Vet\u00ebm p\u00ebr p\u00ebrdorim sht\u00ebpiak n\u00eb ambiente t\u00eb mbyllura, p\u00ebr trajtimin e ujit t\u00eb ftoht\u00eb t\u00eb pijsh\u00ebm nga sistemet e centralizuara t\u00eb ujit. Mos p\u00ebrdorni uj\u00eb mikrobiologjikisht t\u00eb pasigurt ose uj\u00eb me cil\u00ebsi t\u00eb panjohur pa dezinfektimin e duhur paraprak. Mund t\u00eb ket\u00eb lag\u00ebshti brenda. Mos ngrini ose thani!<\/p>\n","protected":false},"excerpt":{"rendered":"<ul>\n<li><strong>P\u00ebrb\u00ebr\u00ebs:<\/strong> Membran\u00eb polimeri Toray\u00ae nga Japoni.<\/li>\n<li><strong>Funksioni:<\/strong> Heq papast\u00ebrtit\u00eb mekanike, bakteret, viruset, pesticidet, nitratet, dhe metalet e r\u00ebnda. P\u00ebrmir\u00ebson shijen dhe arom\u00ebn e ujit.<\/li>\n<li><strong>Specifikimet:<\/strong>\n<ul>\n<li>Temperatura e ujit: +2 \u00b0C deri n\u00eb +35 \u00b0C<\/li>\n<li>Presioni i ujit: 0,14 deri n\u00eb 0,80 MPa<\/li>\n<li>Shkalla e filtrimit: 0,2-5 l\/min<\/li>\n<li>Shkat\u00ebrrimi i ndot\u00ebsve: deri n\u00eb 99%<\/li>\n<li>Vler\u00ebsimi: 95 GPD<\/li>\n<\/ul>\n<\/li>\n<li><strong>Jet\u00ebgjat\u00ebsia:<\/strong> 24 muaj ose deri n\u00eb 12,000 litra.<\/li>\n<\/ul>\n","protected":false},"featured_media":2928,"comment_status":"open","ping_status":"closed","template":"","meta":[],"product_cat":[15,74],"product_tag":[],"class_list":{"0":"post-2929","1":"product","2":"type-product","3":"status-publish","4":"has-post-thumbnail","6":"product_cat-uncategorized","7":"product_cat-fisheku","9":"first","10":"instock","11":"shipping-taxable","12":"product-type-simple","13":"add-to-wishlist-after_add_to_cart"},"_links":{"self":[{"href":"https:\/\/priofiltersalbania.al\/index.php\/wp-json\/wp\/v2\/product\/2929","targetHints":{"allow":["GET"]}}],"collection":[{"href":"https:\/\/priofiltersalbania.al\/index.php\/wp-json\/wp\/v2\/product"}],"about":[{"href":"https:\/\/priofiltersalbania.al\/index.php\/wp-json\/wp\/v2\/types\/product"}],"replies":[{"embeddable":true,"href":"https:\/\/priofiltersalbania.al\/index.php\/wp-json\/wp\/v2\/comments?post=2929"}],"wp:featuredmedia":[{"embeddable":true,"href":"https:\/\/priofiltersalbania.al\/index.php\/wp-json\/wp\/v2\/media\/2928"}],"wp:attachment":[{"href":"https:\/\/priofiltersalbania.al\/index.php\/wp-json\/wp\/v2\/media?parent=2929"}],"wp:term":[{"taxonomy":"product_cat","embeddable":true,"href":"https:\/\/priofiltersalbania.al\/index.php\/wp-json\/wp\/v2\/product_cat?post=2929"},{"taxonomy":"product_tag","embeddable":true,"href":"https:\/\/priofiltersalbania.al\/index.php\/wp-json\/wp\/v2\/product_tag?post=2929"}],"curies":[{"name":"wp","href":"https:\/\/api.w.org\/{rel}","templated":true}]}}