{"id":2930,"date":"2024-09-09T13:26:35","date_gmt":"2024-09-09T13:26:35","guid":{"rendered":"https:\/\/priofiltersalbania.al\/?post_type=product&#038;p=2930"},"modified":"2024-09-12T22:14:27","modified_gmt":"2024-09-12T22:14:27","slug":"fisheku-k858","status":"publish","type":"product","link":"https:\/\/priofiltersalbania.al\/index.php\/product\/fisheku-k858\/","title":{"rendered":"Fisheku K858"},"content":{"rendered":"<p>Elementi i membran\u00ebs me osmoz\u00eb t\u00eb kund\u00ebrt Prio\u00ae K858 me prodhim t\u00eb lart\u00eb (450 GPD)<\/p>\n<p>R.O me prurje t\u00eb lart\u00eb. element i kapsuluar me membran\u00eb (Flet\u00eb TFC e certifikuar NSF nga Toray\u00ae).<\/p>\n<p>Vler\u00ebsimi nominal i prodhimit 400 gpd.<\/p>\n<p>Reduktimi efektiv i:<\/p>\n<p>&#8211; l\u00ebnd\u00eb t\u00eb ngurta pezull<\/p>\n<p>&#8211; jonet e tretura<\/p>\n<p>&#8211; bakteret dhe viruset<\/p>\n<p>&#8211; ndot\u00ebs t\u00eb tjer\u00eb*<\/p>\n<p>E p\u00ebrputhshme me MOD600 R.O me rrjedhje direkte. sistemi.<\/p>\n<p>P\u00ebrb\u00ebrja: film polimer i p\u00ebrb\u00ebr\u00eb me osmoz\u00eb t\u00eb kund\u00ebrt nga Toray Industries Inc., Japoni<\/p>\n<p>Temperatura e ujit operativ: +2 &#8230; +35 \u00b0 \u0421<\/p>\n<p>Presioni i ujit t\u00eb furnizimit: nga 0.3 n\u00eb 1.1 MPa<\/p>\n<p>Presioni maksimal i menj\u00ebhersh\u00ebm i hyrjes (goditja hidraulike): 1.6 MPa<\/p>\n<p>Shkalla e shp\u00ebrndarjes s\u00eb ujit t\u00eb filtruar: deri n\u00eb 1,5 l\/min<\/p>\n<p>Shkalla e refuzimit t\u00eb membran\u00ebs 1, tipike: \u226590%<\/p>\n<p>Shkalla e rikuperimit (efikasiteti i sistemit 2), tipike: \u226550%<\/p>\n<p>Furnizimi maksimal i ujit TDS: 1000 ppm<\/p>\n<p>Afati i ruajtjes (para p\u00ebrdorimit): 3 vjet nga data e prodhimit<\/p>\n<p>Jeta e sh\u00ebrbimit*: 36 muaj nga fillimi i p\u00ebrdorimit<\/p>\n<p>*Ndryshojeni elementin e membran\u00ebs s\u00eb disponueshme \u00e7do 36 muaj ose m\u00eb her\u00ebt n\u00ebse v\u00ebreni nj\u00eb reduktim t\u00eb duksh\u00ebm t\u00eb shpejt\u00ebsis\u00eb s\u00eb rrjedh\u00ebs s\u00eb ujit.<\/p>\n","protected":false},"excerpt":{"rendered":"<ul>\n<li><strong>P\u00ebrb\u00ebr\u00ebs:<\/strong> Membran\u00eb TFC e certifikuar NSF nga Toray\u00ae.<\/li>\n<li><strong>Pastrimi:<\/strong> Eliminon l\u00ebnd\u00eb t\u00eb ngurta, jone t\u00eb tretura, bakteret, viruset dhe ndot\u00ebs t\u00eb tjer\u00eb.<\/li>\n<li><strong>P\u00ebrputhshm\u00ebri:<\/strong> E p\u00ebrshtatshme p\u00ebr sistemin MOD600 R.O me rrjedhje direkte.<\/li>\n<li><strong>Kushtet Operative:<\/strong> Temperatura: +2 &#8230; +35 \u00b0C; Presioni i ujit: nga 0,3 n\u00eb 1,1 MPa; Shkalla e shp\u00ebrndarjes s\u00eb ujit: deri n\u00eb 1,5 l\/min.<\/li>\n<li><strong>Performanca:<\/strong> Shkalla e refuzimit: \u226590%; Shkalla e rikuperimit: \u226550%; Furnizimi maksimal i ujit TDS: 1000 ppm.<\/li>\n<li><strong>Afati i Sh\u00ebrbimit:<\/strong> 36 muaj ose m\u00eb her\u00ebt n\u00ebse v\u00ebreni nj\u00eb reduktim t\u00eb duksh\u00ebm t\u00eb shpejt\u00ebsis\u00eb s\u00eb rrjedh\u00ebs.<\/li>\n<\/ul>\n","protected":false},"featured_media":2752,"comment_status":"open","ping_status":"closed","template":"","meta":[],"product_cat":[15,74],"product_tag":[],"class_list":{"0":"post-2930","1":"product","2":"type-product","3":"status-publish","4":"has-post-thumbnail","6":"product_cat-uncategorized","7":"product_cat-fisheku","9":"first","10":"instock","11":"shipping-taxable","12":"product-type-simple","13":"add-to-wishlist-after_add_to_cart"},"_links":{"self":[{"href":"https:\/\/priofiltersalbania.al\/index.php\/wp-json\/wp\/v2\/product\/2930","targetHints":{"allow":["GET"]}}],"collection":[{"href":"https:\/\/priofiltersalbania.al\/index.php\/wp-json\/wp\/v2\/product"}],"about":[{"href":"https:\/\/priofiltersalbania.al\/index.php\/wp-json\/wp\/v2\/types\/product"}],"replies":[{"embeddable":true,"href":"https:\/\/priofiltersalbania.al\/index.php\/wp-json\/wp\/v2\/comments?post=2930"}],"wp:featuredmedia":[{"embeddable":true,"href":"https:\/\/priofiltersalbania.al\/index.php\/wp-json\/wp\/v2\/media\/2752"}],"wp:attachment":[{"href":"https:\/\/priofiltersalbania.al\/index.php\/wp-json\/wp\/v2\/media?parent=2930"}],"wp:term":[{"taxonomy":"product_cat","embeddable":true,"href":"https:\/\/priofiltersalbania.al\/index.php\/wp-json\/wp\/v2\/product_cat?post=2930"},{"taxonomy":"product_tag","embeddable":true,"href":"https:\/\/priofiltersalbania.al\/index.php\/wp-json\/wp\/v2\/product_tag?post=2930"}],"curies":[{"name":"wp","href":"https:\/\/api.w.org\/{rel}","templated":true}]}}