{"id":2933,"date":"2024-09-09T13:29:11","date_gmt":"2024-09-09T13:29:11","guid":{"rendered":"https:\/\/priofiltersalbania.al\/?post_type=product&#038;p=2933"},"modified":"2024-09-12T22:14:26","modified_gmt":"2024-09-12T22:14:26","slug":"fisheku-k820","status":"publish","type":"product","link":"https:\/\/priofiltersalbania.al\/index.php\/product\/fisheku-k820\/","title":{"rendered":"Fisheku K820"},"content":{"rendered":"<p>Prio\u00ae K820 Para-filtri i kombinuar i sedimentit dhe thithjes s\u00eb karbonit t\u00eb gjenerat\u00ebs s\u00eb re<\/p>\n<p>Fisheku i pastrimit dhe thithjes mekanike me dy faza (polipropileni + karbon aktiv i shtypur) p\u00ebr sistemet e trajtimit t\u00eb ujit Avantgarde<\/p>\n<p>Elementi i filtrit K820 p\u00ebrdoret si faza e par\u00eb e sistemeve t\u00eb osmoz\u00ebs s\u00eb kund\u00ebrt Prio Avantgarde SDX600.<\/p>\n<p>&nbsp;<\/p>\n<p>Pastron ujin nga papast\u00ebrtit\u00eb mekanike &#8211; r\u00ebra, llumi, ndryshku, etj., si dhe nga nj\u00eb gam\u00eb e gjer\u00eb papast\u00ebrtish t\u00eb tretura organike dhe inorganike (klor i lir\u00eb, klor organik, pesticide, herbicide, plehra bujq\u00ebsore dhe produkte t\u00eb kalbjes s\u00eb tyre, produkte t\u00eb naft\u00ebs, fenolet, metalet e r\u00ebnda, elementet radioaktive dhe komponimet inorganike, p\u00ebrmir\u00ebson er\u00ebn e tij dhe pak\u00ebson er\u00ebn e ujit.<\/p>\n<p>Z\u00ebvend\u00ebsimi i thjesht\u00eb i fishekut n\u00eb pak sekonda fal\u00eb montimit Push-and-Release si bajonet\u00eb. Kur e nd\u00ebrroni, thjesht shtypni butonin dhe nxirrni fishekun e vjet\u00ebr nga foleja dhe futni nj\u00eb t\u00eb re n\u00eb vendin ku do t\u00eb klikoni. Mjetet nuk k\u00ebrkohen.<\/p>\n<ul>\n<li>Dizajni i dyfisht\u00eb i fishekut p\u00ebrmir\u00ebson efikasitetin e pastrimit, kursen hap\u00ebsir\u00eb, thjeshton dhe ul koston e sh\u00ebrbimit.<\/li>\n<li>P\u00ebrmban polipropilen jo t\u00eb endur me past\u00ebrtin\u00eb e filtrimit 5 mikron.<\/li>\n<li>P\u00ebrmban karbon aktiv t\u00eb shtypur miq\u00ebsor ndaj mjedisit nga l\u00ebvozhga e kokosit.<\/li>\n<li>Teknologjia speciale p\u00ebr aktivizimin shtes\u00eb t\u00eb karbonit t\u00eb aktivizuar duke p\u00ebrdorur acide fosforike siguron q\u00eb t\u00eb mos ket\u00eb ndot\u00ebs t\u00eb p\u00ebrthithsh\u00ebm n\u00eb ujin e pijsh\u00ebm.<\/li>\n<\/ul>\n<p>&nbsp;<\/p>\n","protected":false},"excerpt":{"rendered":"<p><strong>Prio\u00ae K820<\/strong> \u00ebsht\u00eb nj\u00eb para-filtrues me dy faza:<\/p>\n<ul>\n<li><strong>Filtron:<\/strong> Papast\u00ebrtit\u00eb mekanike (r\u00ebra, llumi, ndryshku) dhe ndot\u00ebs t\u00eb tretura (klor, pesticide, metalet e r\u00ebnda).<\/li>\n<li><strong>P\u00ebrb\u00ebrja:<\/strong> Polipropilen (5 mikron) dhe karbon aktiv nga l\u00ebvozhga e kokosit.<\/li>\n<li><strong>Dizajn:<\/strong> Montim Push-and-Release p\u00ebr nd\u00ebrrim t\u00eb leht\u00eb.<\/li>\n<li><strong>P\u00ebrdorimi:<\/strong> E p\u00ebrshtatshme p\u00ebr sistemet e osmoz\u00ebs Prio Avantgarde SDX600.<\/li>\n<\/ul>\n","protected":false},"featured_media":2750,"comment_status":"open","ping_status":"closed","template":"","meta":[],"product_cat":[15,74],"product_tag":[],"class_list":{"0":"post-2933","1":"product","2":"type-product","3":"status-publish","4":"has-post-thumbnail","6":"product_cat-uncategorized","7":"product_cat-fisheku","9":"first","10":"instock","11":"shipping-taxable","12":"product-type-simple","13":"add-to-wishlist-after_add_to_cart"},"_links":{"self":[{"href":"https:\/\/priofiltersalbania.al\/index.php\/wp-json\/wp\/v2\/product\/2933","targetHints":{"allow":["GET"]}}],"collection":[{"href":"https:\/\/priofiltersalbania.al\/index.php\/wp-json\/wp\/v2\/product"}],"about":[{"href":"https:\/\/priofiltersalbania.al\/index.php\/wp-json\/wp\/v2\/types\/product"}],"replies":[{"embeddable":true,"href":"https:\/\/priofiltersalbania.al\/index.php\/wp-json\/wp\/v2\/comments?post=2933"}],"wp:featuredmedia":[{"embeddable":true,"href":"https:\/\/priofiltersalbania.al\/index.php\/wp-json\/wp\/v2\/media\/2750"}],"wp:attachment":[{"href":"https:\/\/priofiltersalbania.al\/index.php\/wp-json\/wp\/v2\/media?parent=2933"}],"wp:term":[{"taxonomy":"product_cat","embeddable":true,"href":"https:\/\/priofiltersalbania.al\/index.php\/wp-json\/wp\/v2\/product_cat?post=2933"},{"taxonomy":"product_tag","embeddable":true,"href":"https:\/\/priofiltersalbania.al\/index.php\/wp-json\/wp\/v2\/product_tag?post=2933"}],"curies":[{"name":"wp","href":"https:\/\/api.w.org\/{rel}","templated":true}]}}