{"id":2934,"date":"2024-09-09T13:29:51","date_gmt":"2024-09-09T13:29:51","guid":{"rendered":"https:\/\/priofiltersalbania.al\/?post_type=product&#038;p=2934"},"modified":"2024-09-12T22:14:26","modified_gmt":"2024-09-12T22:14:26","slug":"fisheku-k871","status":"publish","type":"product","link":"https:\/\/priofiltersalbania.al\/index.php\/product\/fisheku-k871\/","title":{"rendered":"Fisheku K871"},"content":{"rendered":"<p>Prio\u00ae K871 5 Micron Sediment Poly Block Para-filter<\/p>\n<p>Para-filtri i sedimentit<\/p>\n<p>Para-filt\u00ebr blloku i sedimentit 5 mikron p\u00ebr t\u00eb filtruar grimcat e pezulluara si papast\u00ebrtia, r\u00ebra, ndryshku, etj.<\/p>\n<p>Reduktimi efektiv i:<\/p>\n<p>&#8211; ndryshku, papast\u00ebrtit\u00eb, r\u00ebra dhe sedimentet<\/p>\n<p>&#8211; ndot\u00ebs t\u00eb tjer\u00eb*<\/p>\n<p>E p\u00ebrputhshme me t\u00eb gjitha serit\u00eb M-, MO-, MOD t\u00eb pastruesve t\u00eb ujit.<\/p>\n<p>P\u00ebrb\u00ebrja: polipropileni jo i endur me nj\u00eb sakt\u00ebsi filtrimi prej 5 \u00b5m<\/p>\n<p>Temperatura e ujit operativ: +2 &#8230; +35 \u00b0 \u0421<\/p>\n<p>Presioni i ujit t\u00eb furnizimit: nga 0,14 n\u00eb 0,80 MPa<\/p>\n<p>Presioni maksimal i menj\u00ebhersh\u00ebm i hyrjes (goditja hidraulike): 1.6 MPa<\/p>\n<p>Shkalla e rekomanduar e filtrimit: deri n\u00eb 2 l \/ min.<\/p>\n<p>Shkalla e pastrimit nga grimcat mekanike m\u00eb t\u00eb m\u00ebdha se 5 \u03bcm: deri n\u00eb 99%<\/p>\n<p>Afati i ruajtjes (para p\u00ebrdorimit): i pakufizuar<\/p>\n<p>Jeta e sh\u00ebrbimit*: 6 muaj nga fillimi i p\u00ebrdorimit<\/p>\n<p>*Ndryshoni parafiltrat e disponuesh\u00ebm \u00e7do 6 muaj ose m\u00eb her\u00ebt n\u00ebse v\u00ebreni nj\u00eb reduktim t\u00eb duksh\u00ebm n\u00eb shkall\u00ebn e rrjedh\u00ebs s\u00eb ujit<\/p>\n","protected":false},"excerpt":{"rendered":"<p><strong>Prio\u00ae K871<\/strong> \u00ebsht\u00eb nj\u00eb para-filtrues bllok i sedimentit me nj\u00eb sakt\u00ebsi filtrimi prej 5 mikron\u00ebsh.<\/p>\n<p><strong>Karakteristikat:<\/strong><\/p>\n<ul>\n<li><strong>Funksioni:<\/strong> Filtron grimcat e pezulluara si papast\u00ebrtit\u00eb, r\u00ebra, ndryshku, etj.<\/li>\n<li><strong>Reduktimi efektiv i:<\/strong> Ndryshkut, papast\u00ebrtive, r\u00ebr\u00ebs dhe sedimentet.<\/li>\n<li><strong>P\u00ebrb\u00ebrja:<\/strong> Polipropilen jo i endur.<\/li>\n<li><strong>Temperatura e Ujit:<\/strong> +2 &#8230; +35 \u00b0C<\/li>\n<li><strong>Presioni i Ujit:<\/strong> Nga 0,14 n\u00eb 0,80 MPa, me presion maksimal t\u00eb menj\u00ebhersh\u00ebm prej 1.6 MPa.<\/li>\n<li><strong>Shkalla e Filtrimit:<\/strong> Deri n\u00eb 2 l \/ min.<\/li>\n<li><strong>Shkalla e Pastrimit:<\/strong> Deri n\u00eb 99% p\u00ebr grimcat m\u00eb t\u00eb m\u00ebdha se 5 \u03bcm.<\/li>\n<li><strong>Afati i Ruajtjes:<\/strong> I pakufizuar para p\u00ebrdorimit.<\/li>\n<li><strong>Jeta e Sh\u00ebrbimit:<\/strong> 6 muaj nga fillimi i p\u00ebrdorimit.<\/li>\n<\/ul>\n<p><strong>P\u00ebrdorimi:<\/strong> E p\u00ebrputhshme me serit\u00eb M-, MO-, MOD t\u00eb pastruesve t\u00eb ujit. Ndryshoni parafiltrat \u00e7do 6 muaj ose m\u00eb her\u00ebt n\u00ebse shpejt\u00ebsia e rrjedh\u00ebs s\u00eb ujit reduktohet.<\/p>\n","protected":false},"featured_media":2763,"comment_status":"open","ping_status":"closed","template":"","meta":[],"product_cat":[15,74],"product_tag":[],"class_list":{"0":"post-2934","1":"product","2":"type-product","3":"status-publish","4":"has-post-thumbnail","6":"product_cat-uncategorized","7":"product_cat-fisheku","9":"first","10":"instock","11":"shipping-taxable","12":"product-type-simple","13":"add-to-wishlist-after_add_to_cart"},"_links":{"self":[{"href":"https:\/\/priofiltersalbania.al\/index.php\/wp-json\/wp\/v2\/product\/2934","targetHints":{"allow":["GET"]}}],"collection":[{"href":"https:\/\/priofiltersalbania.al\/index.php\/wp-json\/wp\/v2\/product"}],"about":[{"href":"https:\/\/priofiltersalbania.al\/index.php\/wp-json\/wp\/v2\/types\/product"}],"replies":[{"embeddable":true,"href":"https:\/\/priofiltersalbania.al\/index.php\/wp-json\/wp\/v2\/comments?post=2934"}],"wp:featuredmedia":[{"embeddable":true,"href":"https:\/\/priofiltersalbania.al\/index.php\/wp-json\/wp\/v2\/media\/2763"}],"wp:attachment":[{"href":"https:\/\/priofiltersalbania.al\/index.php\/wp-json\/wp\/v2\/media?parent=2934"}],"wp:term":[{"taxonomy":"product_cat","embeddable":true,"href":"https:\/\/priofiltersalbania.al\/index.php\/wp-json\/wp\/v2\/product_cat?post=2934"},{"taxonomy":"product_tag","embeddable":true,"href":"https:\/\/priofiltersalbania.al\/index.php\/wp-json\/wp\/v2\/product_tag?post=2934"}],"curies":[{"name":"wp","href":"https:\/\/api.w.org\/{rel}","templated":true}]}}