{"id":2935,"date":"2024-09-09T13:30:14","date_gmt":"2024-09-09T13:30:14","guid":{"rendered":"https:\/\/priofiltersalbania.al\/?post_type=product&#038;p=2935"},"modified":"2024-09-12T22:14:26","modified_gmt":"2024-09-12T22:14:26","slug":"fisheku-k870","status":"publish","type":"product","link":"https:\/\/priofiltersalbania.al\/index.php\/product\/fisheku-k870\/","title":{"rendered":"Fisheku K870"},"content":{"rendered":"<p>Prio\u00ae K870 Para-filtri i bllokut t\u00eb karbonit t\u00eb kokosit<\/p>\n<p>Para-filtri i karbonit t\u00eb aktivizuar<\/p>\n<p>&nbsp;<\/p>\n<p>&nbsp;<\/p>\n<p>Bllok karboni p\u00ebr t\u00eb reduktuar klorin e lir\u00eb, kloraminat, shijen dhe er\u00ebn e klorit.<\/p>\n<p>Reduktimi efektiv i:<\/p>\n<p>&#8211; papast\u00ebrtit\u00eb, r\u00ebra dhe sedimentet<\/p>\n<p>&#8211; shije dhe er\u00eb, duke p\u00ebrfshir\u00eb shijen dhe er\u00ebn e klorit<\/p>\n<p>&#8211; ndot\u00ebs t\u00eb tjer\u00eb*<\/p>\n<p>E p\u00ebrputhshme me t\u00eb gjitha serit\u00eb M-, MO-, MOD t\u00eb pastruesve t\u00eb ujit.<\/p>\n<p>P\u00ebrb\u00ebrja: fishek i shtypur (i sinterizuar) me bllok karboni aktiv i b\u00ebr\u00eb nga l\u00ebvozhga e kokosit me cil\u00ebsi t\u00eb lart\u00eb.<\/p>\n<p>Temperatura e ujit operativ: +2 &#8230; +35 \u00b0 \u0421<\/p>\n<p>Presioni i ujit t\u00eb furnizimit: nga 0,14 n\u00eb 0,80 MPa<\/p>\n<p>Presioni maksimal i menj\u00ebhersh\u00ebm i hyrjes (goditja hidraulike): 1.6 MPa<\/p>\n<p>Shkalla e rekomanduar e filtrimit: deri n\u00eb 2 l \/ min.<\/p>\n<p>Shkalla e pastrimit (n\u00eb p\u00ebrputhje me nivelin e klorit t\u00eb lir\u00eb): deri n\u00eb 99%<\/p>\n<p>Afati i ruajtjes (para p\u00ebrdorimit): 3 vjet nga data e prodhimit<\/p>\n<p>Jeta e sh\u00ebrbimit*: 6 muaj nga fillimi i p\u00ebrdorimit<\/p>\n<p>*Ndryshoni parafiltrat e disponuesh\u00ebm \u00e7do 6 muaj ose m\u00eb her\u00ebt n\u00ebse v\u00ebreni nj\u00eb reduktim t\u00eb duksh\u00ebm t\u00eb shpejt\u00ebsis\u00eb s\u00eb rrjedh\u00ebs s\u00eb ujit.<\/p>\n","protected":false},"excerpt":{"rendered":"<p>Prio\u00ae K870 Para-filtri i bllokut t\u00eb karbonit t\u00eb kokosit Para-filtri i karbonit t\u00eb aktivizuar &nbsp; &nbsp; Bllok karboni p\u00ebr t\u00eb reduktuar klorin e lir\u00eb, kloraminat, shijen dhe er\u00ebn e klorit. Reduktimi efektiv i: &#8211; papast\u00ebrtit\u00eb, r\u00ebra dhe sedimentet &#8211; shije dhe er\u00eb, duke p\u00ebrfshir\u00eb shijen dhe er\u00ebn e klorit &#8211; ndot\u00ebs t\u00eb tjer\u00eb* E p\u00ebrputhshme [&hellip;]<\/p>\n","protected":false},"featured_media":2760,"comment_status":"open","ping_status":"closed","template":"","meta":[],"product_cat":[15,74],"product_tag":[],"class_list":{"0":"post-2935","1":"product","2":"type-product","3":"status-publish","4":"has-post-thumbnail","6":"product_cat-uncategorized","7":"product_cat-fisheku","9":"first","10":"instock","11":"shipping-taxable","12":"product-type-simple","13":"add-to-wishlist-after_add_to_cart"},"_links":{"self":[{"href":"https:\/\/priofiltersalbania.al\/index.php\/wp-json\/wp\/v2\/product\/2935","targetHints":{"allow":["GET"]}}],"collection":[{"href":"https:\/\/priofiltersalbania.al\/index.php\/wp-json\/wp\/v2\/product"}],"about":[{"href":"https:\/\/priofiltersalbania.al\/index.php\/wp-json\/wp\/v2\/types\/product"}],"replies":[{"embeddable":true,"href":"https:\/\/priofiltersalbania.al\/index.php\/wp-json\/wp\/v2\/comments?post=2935"}],"wp:featuredmedia":[{"embeddable":true,"href":"https:\/\/priofiltersalbania.al\/index.php\/wp-json\/wp\/v2\/media\/2760"}],"wp:attachment":[{"href":"https:\/\/priofiltersalbania.al\/index.php\/wp-json\/wp\/v2\/media?parent=2935"}],"wp:term":[{"taxonomy":"product_cat","embeddable":true,"href":"https:\/\/priofiltersalbania.al\/index.php\/wp-json\/wp\/v2\/product_cat?post=2935"},{"taxonomy":"product_tag","embeddable":true,"href":"https:\/\/priofiltersalbania.al\/index.php\/wp-json\/wp\/v2\/product_tag?post=2935"}],"curies":[{"name":"wp","href":"https:\/\/api.w.org\/{rel}","templated":true}]}}