{"id":2936,"date":"2024-09-09T13:30:52","date_gmt":"2024-09-09T13:30:52","guid":{"rendered":"https:\/\/priofiltersalbania.al\/?post_type=product&#038;p=2936"},"modified":"2024-09-12T22:14:26","modified_gmt":"2024-09-12T22:14:26","slug":"fisheku-k880","status":"publish","type":"product","link":"https:\/\/priofiltersalbania.al\/index.php\/product\/fisheku-k880\/","title":{"rendered":"Fisheku K880"},"content":{"rendered":"<p>Prio\u00ae K880 Blloku i karbonit t\u00eb kokosit dhe ri-mineralizimi i ujit pas filtrit<\/p>\n<p>Postfilt\u00ebr dhe kondicioner me karbon t\u00eb aktivizuar.<\/p>\n<p>Blloku i karbonit t\u00eb kokosit dhe ri-mineralizimi i ujit t\u00eb kondicionuar pas filtrit<\/p>\n<p>p\u00ebrmir\u00ebson shijen dhe largon er\u00ebn, rimineralizon ujin*<\/p>\n<p>E p\u00ebrputhshme me t\u00eb gjitha serit\u00eb MO-, MOD t\u00eb pastruesve t\u00eb ujit.<\/p>\n<p>P\u00ebrb\u00ebrja: Faza e par\u00eb: bllok karboni aktiv i shtypur (i sinterizuar) i b\u00ebr\u00eb nga l\u00ebvozhga e kokosit me cil\u00ebsi t\u00eb lart\u00eb.<\/p>\n<p>Faza e dyt\u00eb: p\u00ebrzierje e mineraleve natyrale pjes\u00ebrisht t\u00eb tretshme p\u00ebr t\u00eb p\u00ebrmir\u00ebsuar karakteristikat e tij organoleptike.<\/p>\n<p>Temperatura e ujit operativ: +2 &#8230; +35 \u00b0 \u0421<\/p>\n<p>Presioni i ujit t\u00eb furnizimit: nga 0,14 n\u00eb 0,80 MPa<\/p>\n<p>Presioni maksimal i menj\u00ebhersh\u00ebm i hyrjes (goditja hidraulike): 1.6 MPa<\/p>\n<p>Shkalla e rekomanduar e filtrimit: deri n\u00eb 2 l \/ min.<\/p>\n<p>Shkalla e pastrimit (n\u00eb p\u00ebrputhje me nivelin e klorit t\u00eb lir\u00eb): deri n\u00eb 99%<\/p>\n<p>Afati i ruajtjes (para p\u00ebrdorimit): 3 vjet nga data e prodhimit<\/p>\n<p>Jeta e sh\u00ebrbimit*: 12 muaj nga fillimi i p\u00ebrdorimit<\/p>\n<p>*Ndryshojeni postfiltrin e disponuesh\u00ebm \u00e7do 12 muaj ose m\u00eb her\u00ebt n\u00ebse v\u00ebreni nj\u00eb reduktim t\u00eb duksh\u00ebm t\u00eb shpejt\u00ebsis\u00eb s\u00eb rrjedh\u00ebs s\u00eb ujit.<\/p>\n","protected":false},"excerpt":{"rendered":"<div class=\"flex max-w-full flex-col flex-grow\">\n<div class=\"min-h-[20px] text-message flex w-full flex-col items-end gap-2 whitespace-normal break-words [.text-message+&amp;]:mt-5\" dir=\"auto\" data-message-author-role=\"assistant\" data-message-id=\"5f9745a8-5317-4acc-88ad-454486da3c7b\">\n<div class=\"flex w-full flex-col gap-1 empty:hidden first:pt-[3px]\">\n<div class=\"markdown prose w-full break-words dark:prose-invert light\">\n<p><strong>Prio\u00ae K880<\/strong> \u00ebsht\u00eb nj\u00eb post-filtrues dhe kondicioner q\u00eb kombinon karbonin e aktivizuar me ri-mineralizimin e ujit.<\/p>\n<p><strong>Karakteristikat:<\/strong><\/p>\n<ul>\n<li><strong>Funksioni:<\/strong> P\u00ebrmir\u00ebson shijen dhe largon er\u00ebn e pak\u00ebndshme, nd\u00ebrsa ri-mineralizon ujin p\u00ebr t\u00eb p\u00ebrmir\u00ebsuar karakteristikat e tij organoleptike.<\/li>\n<li><strong>P\u00ebrb\u00ebrja:<\/strong>\n<ul>\n<li><strong>Faza e par\u00eb:<\/strong> Bllok karboni aktiv i sinterizuar nga l\u00ebvozhga e kokosit.<\/li>\n<li><strong>Faza e dyt\u00eb:<\/strong> P\u00ebrzierje mineralesh natyrale p\u00ebr ri-mineralizim.<\/li>\n<\/ul>\n<\/li>\n<li><strong>Temperatura e Ujit:<\/strong> +2 &#8230; +35 \u00b0C<\/li>\n<li><strong>Presioni i Ujit:<\/strong> Nga 0,14 n\u00eb 0,80 MPa, me presion maksimal t\u00eb menj\u00ebhersh\u00ebm prej 1.6 MPa.<\/li>\n<li><strong>Shkalla e Filtrimit:<\/strong> Deri n\u00eb 2 l \/ min.<\/li>\n<li><strong>Shkalla e Pastrimit:<\/strong> Deri n\u00eb 99% p\u00ebr klorin e lir\u00eb.<\/li>\n<li><strong>Afati i Ruajtjes:<\/strong> 3 vjet para p\u00ebrdorimit.<\/li>\n<li><strong>Jeta e Sh\u00ebrbimit:<\/strong> 12 muaj nga fillimi i p\u00ebrdorimit.<\/li>\n<\/ul>\n<p><strong>P\u00ebrdorimi:<\/strong> E p\u00ebrputhshme me serit\u00eb MO- dhe MOD t\u00eb pastruesve t\u00eb ujit. Ndryshoni post-filtrin \u00e7do 12 muaj ose m\u00eb her\u00ebt n\u00ebse shpejt\u00ebsia e rrjedh\u00ebs s\u00eb ujit reduktohet ndjesh\u00ebm.<\/p>\n<\/div>\n<\/div>\n<\/div>\n<\/div>\n<div class=\"mt-1 flex gap-3 empty:hidden -ml-2\">\n<div class=\"items-center justify-start rounded-xl p-1 flex\">\n<div class=\"flex items-center\"><button class=\"rounded-lg text-token-text-secondary hover:bg-token-main-surface-secondary\" aria-label=\"Read Aloud\"><\/button><button class=\"rounded-lg text-token-text-secondary hover:bg-token-main-surface-secondary\" aria-label=\"Copy\"><\/button><button class=\"rounded-lg text-token-text-secondary hover:bg-token-main-surface-secondary\" aria-label=\"Regenerate\"><\/button><\/p>\n<div class=\"flex\"><\/div>\n<div class=\"flex items-center pb-0\">\n<div class=\"[&amp;_svg]:h-full [&amp;_svg]:w-full icon-md h-4 w-4\"><\/div>\n<p><span class=\"overflow-hidden text-clip whitespace-nowrap text-sm\">4o mini<\/span><\/div>\n<\/div>\n<\/div>\n<\/div>\n","protected":false},"featured_media":2770,"comment_status":"open","ping_status":"closed","template":"","meta":[],"product_cat":[15,74],"product_tag":[],"class_list":{"0":"post-2936","1":"product","2":"type-product","3":"status-publish","4":"has-post-thumbnail","6":"product_cat-uncategorized","7":"product_cat-fisheku","9":"first","10":"instock","11":"shipping-taxable","12":"product-type-simple","13":"add-to-wishlist-after_add_to_cart"},"_links":{"self":[{"href":"https:\/\/priofiltersalbania.al\/index.php\/wp-json\/wp\/v2\/product\/2936","targetHints":{"allow":["GET"]}}],"collection":[{"href":"https:\/\/priofiltersalbania.al\/index.php\/wp-json\/wp\/v2\/product"}],"about":[{"href":"https:\/\/priofiltersalbania.al\/index.php\/wp-json\/wp\/v2\/types\/product"}],"replies":[{"embeddable":true,"href":"https:\/\/priofiltersalbania.al\/index.php\/wp-json\/wp\/v2\/comments?post=2936"}],"wp:featuredmedia":[{"embeddable":true,"href":"https:\/\/priofiltersalbania.al\/index.php\/wp-json\/wp\/v2\/media\/2770"}],"wp:attachment":[{"href":"https:\/\/priofiltersalbania.al\/index.php\/wp-json\/wp\/v2\/media?parent=2936"}],"wp:term":[{"taxonomy":"product_cat","embeddable":true,"href":"https:\/\/priofiltersalbania.al\/index.php\/wp-json\/wp\/v2\/product_cat?post=2936"},{"taxonomy":"product_tag","embeddable":true,"href":"https:\/\/priofiltersalbania.al\/index.php\/wp-json\/wp\/v2\/product_tag?post=2936"}],"curies":[{"name":"wp","href":"https:\/\/api.w.org\/{rel}","templated":true}]}}