{"id":2939,"date":"2024-09-09T13:32:36","date_gmt":"2024-09-09T13:32:36","guid":{"rendered":"https:\/\/priofiltersalbania.al\/?post_type=product&#038;p=2939"},"modified":"2024-09-12T22:14:26","modified_gmt":"2024-09-12T22:14:26","slug":"fisheku-k866","status":"publish","type":"product","link":"https:\/\/priofiltersalbania.al\/index.php\/product\/fisheku-k866\/","title":{"rendered":"Fisheku K866"},"content":{"rendered":"<p>Prio\u00ae K866 Japanese Toray Production High-Production NSF Element i Aprovuar 75 GPD i membran\u00ebs s\u00eb osmoz\u00ebs s\u00eb kund\u00ebrt<\/p>\n<p>Elementi i membran\u00ebs s\u00eb osmoz\u00ebs s\u00eb kund\u00ebrt Prio\u00ae K866 Japanese Toray NSF i miratuar 600 GPD<\/p>\n<p>P\u00ebrdoret p\u00ebr sistemet:<\/p>\n<p>Prio MOD620<\/p>\n<p>Prio MO580<\/p>\n<p>Prio MO530<\/p>\n<p>&nbsp;<\/p>\n<p>Si i ri \u00e7do dit\u00eb!<\/p>\n<p>Ndryshe nga filtrat n\u00eb linj\u00eb me shum\u00eb faza me fishek\u00eb, sistemi i osmoz\u00ebs s\u00eb kund\u00ebrt nuk thith dhe mban papast\u00ebrtit\u00eb brenda. Membrana ndan ujin e past\u00ebr nga l\u00ebnd\u00ebt e ngurta t\u00eb tretura dhe grimcat e tjera t\u00eb refuzuara q\u00eb zbresin n\u00eb kullues.<\/p>\n<p>K\u00ebshtu, R.O. sistemi \u00ebsht\u00eb &#8220;si i ri&#8221; \u00e7do dit\u00eb! Mbetet i past\u00ebr dhe jep uj\u00eb t\u00eb past\u00ebr t\u00eb sigurt pa rrezikun e ndotjes s\u00eb tij dyt\u00ebsore.<\/p>\n<p><strong>Rreth R.O. Filtrimi<\/strong><\/p>\n<p>Osmoza e kund\u00ebrt \u00ebsht\u00eb aktualisht metoda m\u00eb e avancuar por natyrale e pastrimit t\u00eb ujit. Membrana gjysm\u00eb e p\u00ebrshkueshme lejon q\u00eb vet\u00ebm uji t\u00eb kaloj\u00eb dhe refuzon gjith\u00e7ka tjet\u00ebr.<\/p>\n<p>R.O. Uji i trajtuar nuk p\u00ebrmban klor, metale t\u00eb r\u00ebnda, l\u00ebnd\u00eb t\u00eb ngurta dhe jone t\u00eb tjera t\u00eb tretura, baktere dhe viruse. Ky uj\u00eb \u00ebsht\u00eb i sigurt dhe freskues, nuk k\u00ebrkon zierje dhe \u00ebsht\u00eb nj\u00eb zgjedhje e mir\u00eb p\u00ebr t\u00eb gjitha llojet e p\u00ebrdorimit duke p\u00ebrfshir\u00eb ushqimin e foshnj\u00ebs s\u00eb porsalindur.<\/p>\n<p>Mos b\u00ebni gabim, ky proces osmoz\u00eb \u00ebsht\u00eb aq i natyrsh\u00ebm sa mund t\u00eb jet\u00eb, pasi n\u00eb thelb \u00ebsht\u00eb i nj\u00ebjt\u00eb me at\u00eb n\u00eb \u00e7do qeliz\u00eb t\u00eb gjall\u00eb n\u00eb Tok\u00eb. Membrana qelizore lejon vet\u00ebm at\u00eb q\u00eb duhet t\u00eb kaloj\u00eb dhe refuzon gjith\u00e7ka t\u00eb huaj.<\/p>\n<p>K\u00ebto dit\u00eb, gjeniu njer\u00ebzor e riprodhoi k\u00ebt\u00eb proces natyror n\u00eb nj\u00eb pajisje nanoteknologjike shum\u00eb t\u00eb sofistikuar pik\u00ebrisht n\u00eb lavamanin tuaj.<\/p>\n<p>Asnj\u00eb magji, pa pretendime t\u00eb paprovuara &#8211; thjesht shkenc\u00eb e past\u00ebr! Osmoza e kund\u00ebrt p\u00ebrdoret kudo kur nevojitet uj\u00eb i v\u00ebrtet\u00eb i past\u00ebr, jo pretendime: nga prodhimi farmaceutik deri te furnizimi me uj\u00eb i stacionit hap\u00ebsinor, nga impiantet komunale t\u00eb shkrip\u00ebzimit t\u00eb ujit me nj\u00eb zon\u00eb shum\u00eb milion\u00ebshe deri te kompletet e shp\u00ebtimit t\u00eb anijeve detare.<\/p>\n","protected":false},"excerpt":{"rendered":"<p>Elementi <strong>Prio\u00ae K866<\/strong> i prodhuar nga <strong>Toray<\/strong> n\u00eb Japoni dhe i miratuar nga <strong>NSF<\/strong> ofron pastrim t\u00eb avancuar p\u00ebr sistemet <strong>Prio MOD620<\/strong>, <strong>Prio MO580<\/strong>, dhe <strong>Prio MO530<\/strong>. Me kapacitet prej <strong>600 GPD<\/strong>, ai ndan ujin e past\u00ebr nga papast\u00ebrtit\u00eb dhe mbetet i past\u00ebr \u00e7do dit\u00eb, duke ofruar uj\u00eb t\u00eb sigurt dhe t\u00eb fresk\u00ebt p\u00ebr p\u00ebrdorim t\u00eb zakonsh\u00ebm.<\/p>\n","protected":false},"featured_media":2756,"comment_status":"open","ping_status":"closed","template":"","meta":[],"product_cat":[15,74],"product_tag":[],"class_list":{"0":"post-2939","1":"product","2":"type-product","3":"status-publish","4":"has-post-thumbnail","6":"product_cat-uncategorized","7":"product_cat-fisheku","9":"first","10":"instock","11":"shipping-taxable","12":"product-type-simple","13":"add-to-wishlist-after_add_to_cart"},"_links":{"self":[{"href":"https:\/\/priofiltersalbania.al\/index.php\/wp-json\/wp\/v2\/product\/2939","targetHints":{"allow":["GET"]}}],"collection":[{"href":"https:\/\/priofiltersalbania.al\/index.php\/wp-json\/wp\/v2\/product"}],"about":[{"href":"https:\/\/priofiltersalbania.al\/index.php\/wp-json\/wp\/v2\/types\/product"}],"replies":[{"embeddable":true,"href":"https:\/\/priofiltersalbania.al\/index.php\/wp-json\/wp\/v2\/comments?post=2939"}],"wp:featuredmedia":[{"embeddable":true,"href":"https:\/\/priofiltersalbania.al\/index.php\/wp-json\/wp\/v2\/media\/2756"}],"wp:attachment":[{"href":"https:\/\/priofiltersalbania.al\/index.php\/wp-json\/wp\/v2\/media?parent=2939"}],"wp:term":[{"taxonomy":"product_cat","embeddable":true,"href":"https:\/\/priofiltersalbania.al\/index.php\/wp-json\/wp\/v2\/product_cat?post=2939"},{"taxonomy":"product_tag","embeddable":true,"href":"https:\/\/priofiltersalbania.al\/index.php\/wp-json\/wp\/v2\/product_tag?post=2939"}],"curies":[{"name":"wp","href":"https:\/\/api.w.org\/{rel}","templated":true}]}}