{"id":2940,"date":"2024-09-09T13:33:05","date_gmt":"2024-09-09T13:33:05","guid":{"rendered":"https:\/\/priofiltersalbania.al\/?post_type=product&#038;p=2940"},"modified":"2024-09-12T22:14:25","modified_gmt":"2024-09-12T22:14:25","slug":"fisheku-k867","status":"publish","type":"product","link":"https:\/\/priofiltersalbania.al\/index.php\/product\/fisheku-k867\/","title":{"rendered":"Fisheku K867"},"content":{"rendered":"<p>P\u00ebr Expert Osmos, Praktic Osmos<\/p>\n<p>Fisheku me membran\u00eb me osmoz\u00eb t\u00eb kund\u00ebrt p\u00ebr sistemet me osmoz\u00eb t\u00eb kund\u00ebrt Expert, Praktic<\/p>\n<p>Fisheku i ri Uji K867 \u00ebsht\u00eb nj\u00eb element filtri q\u00eb hiqet shpejt q\u00eb p\u00ebrmban nj\u00eb membran\u00eb me p\u00ebrzgjedhje t\u00eb lart\u00eb t\u00eb gjenerat\u00ebs s\u00eb fundit t\u00eb filmit t\u00eb p\u00ebrb\u00ebr\u00eb polimer t\u00eb prodhuar nga Toray Industries Inc., Japoni.<\/p>\n<p>P\u00ebrdoret n\u00eb sistemet e m\u00ebposhtme t\u00eb osmoz\u00ebs s\u00eb kund\u00ebrt:<\/p>\n<p>Eksperti Osmos MO520<\/p>\n<p>Eksperti Osmos MO510<\/p>\n<p>Praktic Osmos OU500<\/p>\n<p>Praktic Osmos OU400<\/p>\n<p>Osmos Econic O300<\/p>\n<p>Fal\u00eb membran\u00ebs, arrihet nj\u00eb cil\u00ebsi e patejkalueshme pastrimi: nj\u00eb p\u00ebrmbajtje tipike kripe e mbetur e ujit t\u00eb pastruar (p\u00ebrmish) n\u00eb daljen e membran\u00ebs n\u00eb modalitetin e vendosur prej 9 ppm (probabiliteti i besimit 67%), 18 ppm (95%) ( t\u00eb dh\u00ebna nga mir\u00ebmbajtja origjinale ppm 300 ppm, presioni i hyrjes 0,6 MPa, temperatura e ujit 18oC). Deri koh\u00ebt e fundit, parametra t\u00eb till\u00eb t\u00eb pap\u00ebrshkueshm\u00ebris\u00eb s\u00eb membran\u00ebs p\u00ebr kontaminim ishin thjesht t\u00eb paarritsh\u00ebm n\u00eb sistemet e osmoz\u00ebs s\u00eb kund\u00ebrt sht\u00ebpiake.<\/p>\n<p>P\u00ebr m\u00eb tep\u00ebr, kjo membran\u00eb i p\u00ebrket klas\u00ebs s\u00eb membranave me presion t\u00eb ul\u00ebt, e cila ju lejon ta p\u00ebrdorni me sukses edhe n\u00eb kushte me presion t\u00eb ul\u00ebt n\u00eb furnizimin me uj\u00eb (nga 2 atmosfera). Raporti tipik i sasis\u00eb s\u00eb ujit t\u00eb past\u00ebr me sasin\u00eb e ujit t\u00eb shkrir\u00eb n\u00eb kanalizim \u00ebsht\u00eb 1:3, q\u00eb korrespondon me shkall\u00ebn e p\u00ebrzgjedhjes s\u00eb dep\u00ebrtimit prej 25%.<\/p>\n<p>Diamelon K867 me osmoz\u00eb t\u00eb kund\u00ebrt kryen pastrimin m\u00eb t\u00eb plot\u00eb t\u00eb ujit nga papast\u00ebrtit\u00eb mekanike, bakteret dhe viruset, p\u00ebrb\u00ebrjet organike dhe inorganike t\u00eb tretura (pesticidet, nitratet, hekuri i tretur, metalet e r\u00ebnda, etj.). Heq plot\u00ebsisht krip\u00ebrat e ngurt\u00ebsis\u00eb dhe zgjidh problemin e nakit n\u00eb en\u00ebt. Eliminon aromat e pak\u00ebndshme, p\u00ebrmir\u00ebson shijen e ujit.<\/p>\n<ul>\n<li>P\u00ebrdoren vet\u00ebm filtra t\u00eb \u00e7ertifikuar dhe t\u00eb shtuar me ushqim dhe komponent\u00eb t\u00eb tjer\u00eb. Kjo vlen si p\u00ebr mbush\u00ebsin e elementit t\u00eb filtrit, ashtu edhe p\u00ebr materialet dhe pjes\u00ebt e fishekut, me t\u00eb cilin uji i filtruar \u00ebsht\u00eb n\u00eb kontakt.<\/li>\n<\/ul>\n<p>&nbsp;<\/p>\n","protected":false},"excerpt":{"rendered":"<p>Fisheku me membran\u00eb osmoz\u00eb t\u00eb kund\u00ebrt <strong>K867<\/strong> \u00ebsht\u00eb projektuar p\u00ebr sistemet <strong>Expert Osmos<\/strong> dhe <strong>Praktic Osmos<\/strong>, duke ofruar nj\u00eb cil\u00ebsi t\u00eb lart\u00eb pastrimi p\u00ebr ujin e pijsh\u00ebm. I prodhuar nga <strong>Toray Industries Inc.<\/strong> n\u00eb Japoni, membrana e tij e avancuar heq ndot\u00ebsit mekanik\u00eb, bakteret, viruset, dhe p\u00ebrb\u00ebrjet organike dhe inorganike, duke p\u00ebrfshir\u00eb krip\u00ebrat e ngurt\u00ebsis\u00eb dhe metalet e r\u00ebnda. Me nj\u00eb raport filtrimi t\u00eb p\u00ebrmir\u00ebsuar 1:3 dhe aft\u00ebsin\u00eb p\u00ebr t\u00eb funksionuar n\u00eb kushte me presion t\u00eb ul\u00ebt, fisheku K867 siguron uj\u00eb t\u00eb past\u00ebr dhe t\u00eb shijsh\u00ebm, duke eliminuar edhe problemet me nakitin n\u00eb en\u00eb.<\/p>\n","protected":false},"featured_media":2759,"comment_status":"open","ping_status":"closed","template":"","meta":[],"product_cat":[15,74],"product_tag":[],"class_list":{"0":"post-2940","1":"product","2":"type-product","3":"status-publish","4":"has-post-thumbnail","6":"product_cat-uncategorized","7":"product_cat-fisheku","9":"first","10":"instock","11":"shipping-taxable","12":"product-type-simple","13":"add-to-wishlist-after_add_to_cart"},"_links":{"self":[{"href":"https:\/\/priofiltersalbania.al\/index.php\/wp-json\/wp\/v2\/product\/2940","targetHints":{"allow":["GET"]}}],"collection":[{"href":"https:\/\/priofiltersalbania.al\/index.php\/wp-json\/wp\/v2\/product"}],"about":[{"href":"https:\/\/priofiltersalbania.al\/index.php\/wp-json\/wp\/v2\/types\/product"}],"replies":[{"embeddable":true,"href":"https:\/\/priofiltersalbania.al\/index.php\/wp-json\/wp\/v2\/comments?post=2940"}],"wp:featuredmedia":[{"embeddable":true,"href":"https:\/\/priofiltersalbania.al\/index.php\/wp-json\/wp\/v2\/media\/2759"}],"wp:attachment":[{"href":"https:\/\/priofiltersalbania.al\/index.php\/wp-json\/wp\/v2\/media?parent=2940"}],"wp:term":[{"taxonomy":"product_cat","embeddable":true,"href":"https:\/\/priofiltersalbania.al\/index.php\/wp-json\/wp\/v2\/product_cat?post=2940"},{"taxonomy":"product_tag","embeddable":true,"href":"https:\/\/priofiltersalbania.al\/index.php\/wp-json\/wp\/v2\/product_tag?post=2940"}],"curies":[{"name":"wp","href":"https:\/\/api.w.org\/{rel}","templated":true}]}}