{"id":3025,"date":"2024-09-12T21:16:13","date_gmt":"2024-09-12T21:16:13","guid":{"rendered":"https:\/\/priofiltersalbania.al\/?post_type=product&#038;p=3025"},"modified":"2024-10-21T11:13:20","modified_gmt":"2024-10-21T11:13:20","slug":"expert-mod600","status":"publish","type":"product","link":"https:\/\/priofiltersalbania.al\/index.php\/product\/expert-mod600\/","title":{"rendered":"Expert BM920"},"content":{"rendered":"<p><strong>Expert BM920<\/strong><\/p>\n<ul>\n<li>Rrjedha e avancuar e drejtp\u00ebrdrejt\u00eb<\/li>\n<li>Osmoz\u00eb e kund\u00ebrt<\/li>\n<li>Filtrimi i ujit<\/li>\n<li>Sistemi me<\/li>\n<li>Flush automatic<\/li>\n<\/ul>\n<p><strong>Teknologji e re:<\/strong> Rrjedha e drejtp\u00ebrdrejt\u00eb R.O. Filtrim n\u00eb koh\u00eb reale, nuk k\u00ebrkohet rezervuar ruajtjeje<\/p>\n<p><strong>Avantazh i past\u00ebr:<\/strong> Rrjedha e q\u00ebndrueshme e ujit dhe freski e dallueshme e ujit<\/p>\n<p><strong>Efikasitet i pamposhtur:<\/strong> Deri n\u00eb tre her\u00eb m\u00eb pak mbetje uji p\u00ebr gallon uj\u00eb t\u00eb filtruar*<\/p>\n<p>Duke qen\u00eb unik n\u00eb klas\u00ebn e tij, Expert BM920 \u00ebsht\u00eb nj\u00eb sistem pastrimi i ujit t\u00eb nivelit t\u00eb lart\u00eb q\u00eb ofron p\u00ebrpar\u00ebsi t\u00eb shumta<\/p>\n<p><strong>\u00a0<\/strong><strong>Uj\u00eb m\u00eb t\u00eb past\u00ebr<\/strong><\/p>\n<p>Uji i trajtuar nga R.O. \u00a0\u00ebsht\u00eb pa klor, metale t\u00eb r\u00ebnda, l\u00ebnd\u00eb t\u00eb tjera t\u00eb ngurta dhe jone t\u00eb tretura, baktere dhe viruse, madje edhe mikroplastik\u00eb.<\/p>\n<p><strong>P\u00ebrtej Ujit t\u00eb ambalazhuar<\/strong><\/p>\n<p>Sistemi ju jep pothuajse nj\u00eb sasi t\u00eb pakufizuar uji t\u00eb sigurt, t\u00eb past\u00ebr dhe t\u00eb shijsh\u00ebm n\u00eb lavamanin tuaj \u00e7do dit\u00eb.<\/p>\n<p>Hiqni ujin nga lista juaj e blerjeve.<\/p>\n<p><strong>Teknologji moderne dhe inovative<\/strong><\/p>\n<p>&#8211; Filtri i rrjedh\u00ebs s\u00eb drejtp\u00ebrdrejt\u00eb n\u00eb koh\u00eb reale, nuk k\u00ebrkon rezervuar magazinimi<\/p>\n<p>Funksionim plot\u00ebsisht automatik<\/p>\n<p>Kompakt dhe modular<\/p>\n<p><strong>Rrjedhje e fresk\u00ebt<\/strong><\/p>\n<p>Nj\u00eb rrjedhje e thell\u00eb, e q\u00ebndrueshme e ujit disponohet menj\u00ebher\u00eb. Nj\u00eb freski unike e ujit t\u00eb filtruar n\u00eb koh\u00eb reale.<\/p>\n<p>Thjesht prisni q\u00eb rezervuari t\u00eb ngarkohet.<\/p>\n<p>Nuk ka m\u00eb uj\u00eb t\u00eb akumuluar \u00a0nga nj\u00eb rezervuar.<\/p>\n<p><strong>Efikasiteti i paarritsh\u00ebm<\/strong><\/p>\n<p>Deri n\u00eb tre her\u00eb m\u00eb pak mbetje uji p\u00ebr gallon uj\u00eb t\u00eb filtruar p\u00ebr shkak t\u00eb nj\u00eb norme rikuperimi prej 1:1 ose m\u00eb t\u00eb lart\u00eb.<\/p>\n<p>Kurseni n\u00eb t\u00eb gjitha faturat e sh\u00ebrbimeve.<\/p>\n<p><strong>M\u00eb pak kosto t\u00eb p\u00ebrdorimit<\/strong><\/p>\n<p>Shkalla e lart\u00eb e efikasitetit \u00e7on n\u00eb nj\u00eb frekuenc\u00eb m\u00eb t\u00eb ul\u00ebt n\u00eb nevoj\u00ebn p\u00ebr ndryshim filtri.<\/p>\n<p>Sa m\u00eb shum\u00eb t\u00eb p\u00ebrdorni makin\u00ebn tuaj.<\/p>\n<p><em>Ky sistem i filtrimit t\u00eb ujit me an\u00eb t\u00eb osmoz\u00ebs s\u00eb kund\u00ebrt me rrjedhje t\u00eb drejtp\u00ebrdrejt\u00eb kursen tonelata uj\u00eb t\u00eb humbur n\u00eb vit, nd\u00ebrkoh\u00eb q\u00eb zgjidh problemet e mir\u00ebmbajtjes dhe cil\u00ebsis\u00eb s\u00eb ujit t\u00eb sistemeve t\u00eb bazuara n\u00eb rezervuar.<\/em><\/p>\n<p><strong>Rreth filtrimit t\u00eb R.O.<\/strong><\/p>\n<p>Osmoza e kund\u00ebrt \u00ebsht\u00eb aktualisht metoda m\u00eb e avancuar dhe natyrale e pastrimit t\u00eb ujit. Membrana gjysm\u00eb e p\u00ebrshkueshme lejon vet\u00ebm kalimin e ujit dhe favorizon refuzimin e gjith\u00eb pjes\u00ebs tjet\u00ebr.<\/p>\n<p>Uji i trajtuar nga R.O. \u00ebsht\u00eb pa klor, metale t\u00eb r\u00ebnda, l\u00ebnd\u00eb t\u00eb tjera t\u00eb ngurta dhe jone t\u00eb tretur, baktere dhe viruse. Ky uj\u00eb \u00ebsht\u00eb i sigurt dhe freskues, nuk k\u00ebrkon zierje dhe \u00ebsht\u00eb nj\u00eb opsion i mir\u00eb p\u00ebr t\u00eb gjitha llojet e p\u00ebrdorimit, duke p\u00ebrfshir\u00eb ushqimin p\u00ebr t\u00eb sapolindurit.<\/p>\n<p>Mos lejoni ta ngat\u00ebrrojn\u00eb at\u00eb, ky proces osmoz\u00eb \u00ebsht\u00eb absolutisht i natyrsh\u00ebm, pasi n\u00eb thelb \u00ebsht\u00eb i nj\u00ebjti proces q\u00eb kryen \u00e7do qeliz\u00eb e gjall\u00eb n\u00eb Tok\u00eb. Membrana qelizore lejon vet\u00ebm hyrjen e asaj q\u00eb ju nevojitet dhe refuzon gjith\u00e7ka q\u00eb \u00ebsht\u00eb e \u00e7uditshme p\u00ebr t\u00eb.<\/p>\n<p>K\u00ebto dit\u00eb, gjeniu njer\u00ebzor ka arritur t\u00eb riprodhoj\u00eb k\u00ebt\u00eb proces natyror n\u00eb nj\u00eb pajisje nanoteknologjike shum\u00eb t\u00eb sofistikuar q\u00eb arrin deri n\u00eb fund.<\/p>\n<p>Nuk ka magji, nuk ka hamendje, thjesht shkenc\u00eb e past\u00ebr. Osmoza e kund\u00ebrt p\u00ebrdoret kudo ku nevojitet uj\u00eb i past\u00ebr i v\u00ebrtet\u00eb, jo vet\u00ebm brohoritje: nga prodhimi farmaceutik, p\u00ebrmes furnizimit me uj\u00eb t\u00eb stacionit hap\u00ebsinor, te impiantet komunale t\u00eb shkrip\u00ebzimit t\u00eb ujit n\u00eb zona shum\u00eb miliarda dollar\u00ebshe dhe ekipet e shp\u00ebtimit p\u00ebr anijet detare.<\/p>\n<p>&nbsp;<\/p>\n<p><strong>Si funksionon<\/strong><\/p>\n<p>Sistemi zakonisht instalohet n\u00ebn lavamanin e kuzhin\u00ebs me rubinetin e ujit t\u00eb pastruar t\u00eb montuar n\u00eb lavaman ose banak. Ju gjithashtu mund t\u00eb p\u00ebrdorni nj\u00eb rubinet t\u00eb kombinuar nga tregu me nj\u00eb rrug\u00eb ujore t\u00eb integruar p\u00ebr ujin e filtruar.<\/p>\n<p>P\u00ebr t\u00eb marr\u00eb menj\u00ebher\u00eb uj\u00eb t\u00eb past\u00ebr dhe t\u00eb fresk\u00ebt, thjesht hapni rubinetin dhe gjith\u00e7ka tjet\u00ebr do t\u00eb b\u00ebhet automatikisht.<\/p>\n<p><strong>Karakteristikat kryesore<\/strong><\/p>\n<ul>\n<li>Makin\u00eb e vet p\u00ebr pastrimin e ujit, e projektuar nga e para p\u00ebr cil\u00ebsin\u00eb m\u00eb t\u00eb mir\u00eb t\u00eb ujit, e leht\u00eb p\u00ebr t&#8217;u p\u00ebrdorur dhe jo e shtrenjt\u00eb p\u00ebr t&#8217;u mir\u00ebmbajtur<\/li>\n<li>Uji i pijsh\u00ebm i past\u00ebr dhe i sigurt direkt n\u00eb lavamanin tuaj. Nuk do t\u00eb keni m\u00eb nevoj\u00eb t\u00eb transportoni dhe t\u00eb hiqni qafe ujin n\u00eb shishe.<\/li>\n<li>Membrana dhe filtra t\u00eb parainstaluar nga fabrika p\u00ebr instalim m\u00eb t\u00eb shpejt\u00eb dhe m\u00eb t\u00eb leht\u00eb.<\/li>\n<li>Dizajn elegant dhe kompakt.<\/li>\n<li>Funksionimi plot\u00ebsisht automatik:<\/li>\n<li>Vet\u00ebm duke hapur rubinetin do t\u00eb merrni uj\u00eb t\u00eb past\u00ebr n\u00eb \u00e7ast;<\/li>\n<li>fikur dhe shkarkim automatik.<\/li>\n<li>Pompa e fuqishme ndihm\u00ebse rrit presionin e hyrjes p\u00ebr t\u00eb p\u00ebrmir\u00ebsuar rr\u00ebnj\u00ebsisht procesin dhe efektivitetin e I.<\/li>\n<li>Performanc\u00eb e garantuar edhe n\u00eb ambiente me presion t\u00eb ul\u00ebt uji.<\/li>\n<li>Shkarkimi automatik parandalon grumbullimin e katranit dhe mbetjeve n\u00eb sip\u00ebrfaqen e jashtme t\u00eb membran\u00ebs: p\u00ebr performanc\u00eb optimale dhe nj\u00eb membran\u00eb m\u00eb t\u00eb sh\u00ebndetshme.<\/li>\n<li>Mbrojtje e ngadalt\u00eb: N\u00ebse harroni t\u00eb mbyllni rubinetin e ujit t\u00eb past\u00ebr dhe ta lini t\u00eb hapur, p\u00ebr shembull gjat\u00eb nat\u00ebs, pompa automatike do t\u00eb mbyll\u00eb automatikisht sistemin p\u00ebr ju.<\/li>\n<li>Treguesit LED: ndihmojn\u00eb p\u00ebr t\u00eb kuptuar leht\u00ebsisht se cila \u00ebsht\u00eb gjendja e makin\u00ebs I.I.<\/li>\n<li>Pa konfuzion, ndryshim i shpejt\u00eb dhe i leht\u00eb i filtrit: p\u00ebr t\u00eb favorizuar mir\u00ebmbajtjen e rregullt dhe t\u00eb leht\u00eb.<\/li>\n<li>Pika t\u00eb shpejta n\u00eb t\u00eb gjitha pjes\u00ebt p\u00ebr lidhje t\u00eb leht\u00eb t\u00eb tubave.<\/li>\n<li>P\u00ebrfshihet rubineti i projektimit.<\/li>\n<li>Prio automatike e avancuar me pombim. p\u00ebrfshir\u00eb.<\/li>\n<\/ul>\n<p><strong>Nj\u00eb ndryshim i loj\u00ebs:<\/strong><\/p>\n<p>Makin\u00eb e kursimit t\u00eb ujit me rikuperimin m\u00eb efektiv, 1:1 ose rikuperim m\u00eb t\u00eb mir\u00eb<\/p>\n<p>Skema e rrjedhjes direkte, osmoza e kund\u00ebrt me presion t\u00eb lart\u00eb dhe membrana e prodhimit t\u00eb lart\u00eb lejojn\u00eb nj\u00eb reduktim t\u00eb madh t\u00eb sasis\u00eb s\u00eb ujit q\u00eb filtron p\u00ebrmes kullimit gjat\u00eb filtrimit.<\/p>\n<p>Ulni shpenzimet tuaja p\u00ebr pagimin e faturave t\u00eb sh\u00ebrbimeve dhe kurseni burimet ujore t\u00eb planetit Tok\u00eb. Kursimet mund t\u00eb b\u00ebhen aq t\u00eb r\u00ebnd\u00ebsishme sa vet\u00ebm kjo arsye mund t\u00eb ndryshoj\u00eb rregullat e loj\u00ebs p\u00ebr qytete t\u00eb t\u00ebra, p\u00ebr t\u00eb mos p\u00ebrmendur nj\u00eb sht\u00ebpi t\u00eb ve\u00e7ant\u00eb.<\/p>\n<p>Nj\u00ebsit\u00eb konvencionale t\u00eb I.I. t\u00eb pajisura me nj\u00eb rezervuar konsumojn\u00eb nj\u00eb sasi t\u00eb madhe uji p\u00ebr shkak t\u00eb presionit t\u00eb ul\u00ebt dhe membran\u00ebs s\u00eb ul\u00ebt t\u00eb prodhimit. Si rezultat, ata rikuperojn\u00eb vet\u00ebm 5 deri n\u00eb 20 p\u00ebr qind t\u00eb ujit q\u00eb hyn n\u00eb sistem. Pjesa tjet\u00ebr hidhet si uj\u00ebra t\u00eb zeza.<\/p>\n<p>P\u00ebr shembull, nj\u00eb sistem konvencional i osmoz\u00ebs s\u00eb kund\u00ebrt q\u00eb furnizon 5 gallon (19L) uj\u00eb t\u00eb trajtuar n\u00eb dit\u00eb mund t\u00eb shkarkoj\u00eb midis 20 dhe 90 gallon (75-340 L) uj\u00ebra t\u00eb zeza n\u00eb dit\u00eb. Kjo po sjell pasoja katastrofike p\u00ebr Megapolis si Delhi, ku p\u00ebrdorimi n\u00eb shkall\u00eb t\u00eb gjer\u00eb i familjeve t\u00eb I.I. pajisjet kan\u00eb rritur k\u00ebrkes\u00ebn totale p\u00ebr uj\u00eb nga territori i Kryeqytetit Komb\u00ebtar t\u00eb Indis\u00eb, tashm\u00eb i pak\u00ebt n\u00eb vetvete.<\/p>\n<p>P\u00ebrkundrazi, sistemi i osmoz\u00ebs s\u00eb kund\u00ebrt t\u00eb ekspertit BM920 arrin 1:1 ose edhe nj\u00eb shkall\u00eb rikuperimi m\u00eb t\u00eb lart\u00eb, q\u00eb do t\u00eb thot\u00eb se vet\u00ebm 5 gallona ose edhe m\u00eb pak uj\u00ebra t\u00eb zeza do t\u00eb hidhen nga kullimi n\u00eb shembullin e m\u00ebparsh\u00ebm. Kjo p\u00ebrfaq\u00ebson 4 deri n\u00eb 18 her\u00eb m\u00eb pak humbje t\u00eb ujit t\u00eb vler\u00ebsuar dhe kostove p\u00ebrkat\u00ebse<\/p>\n<p>Ndryshe nga filtrat online me shum\u00eb faza me fishek\u00eb, sistemi i osmoz\u00ebs s\u00eb kund\u00ebrt nuk thith ose mban papast\u00ebrtit\u00eb brenda. Membrana ndan ujin e past\u00ebr nga l\u00ebnd\u00ebt e ngurta t\u00eb tretura dhe grimcat e tjera t\u00eb refuzuara q\u00eb zbresin nga kullimi.<\/p>\n<p>Kjo \u00ebsht\u00eb arsyeja pse I.I. sistemi \u00ebsht\u00eb &#8220;si i ri&#8221; \u00e7do dit\u00eb. Mbetet i past\u00ebr duke siguruar uj\u00eb t\u00eb past\u00ebr t\u00eb sigurt pa rrezikun e ndotjes dyt\u00ebsore..<\/p>\n<p><strong>Keni tashm\u00eb nj\u00eb diskualifikues uji p\u00ebr t\u00eb gjith\u00eb sht\u00ebpin\u00eb?<\/strong><\/p>\n<p>At\u00ebher\u00eb mund t\u00eb keni nj\u00eb tepric\u00eb t\u00eb natriumit n\u00eb uj\u00eb pas gjith\u00eb sistemit t\u00eb sht\u00ebpis\u00eb. Uji i trajtuar me rr\u00ebshir\u00eb shk\u00ebmbyese jonesh, megjith\u00ebse i mir\u00eb p\u00ebr tubat dhe pajisjet tuaja, nuk \u00ebsht\u00eb domosdoshm\u00ebrisht i mir\u00eb p\u00ebr trupin tuaj. Nuk konsiderohet si nj\u00eb produkt optimal p\u00ebr nj\u00eb diet\u00eb cil\u00ebsore dhe mund t\u00eb shkaktoj\u00eb hipertension dhe probleme t\u00eb tjera mjek\u00ebsore n\u00ebse konsumohet rregullisht.<\/p>\n<p>P\u00ebrdorni sistemin e filtrimit t\u00eb ujit Expert MOD600 n\u00eb pik\u00ebn e p\u00ebrdorimit p\u00ebr heqjen e tep\u00ebrt t\u00eb joneve Na nga dekalcifikuesi juaj p\u00ebr ta b\u00ebr\u00eb at\u00eb p\u00ebrs\u00ebri t\u00eb sigurt dhe jetik.<\/p>\n<p><strong>Opsioni i funksionimit t\u00eb heshtur<\/strong><\/p>\n<p>Opsionale, mund t\u00eb instaloni nj\u00ebsin\u00eb kryesore t\u00eb filtrimit dhe Pomp\u00ebn Automatike n\u00eb nj\u00eb distanc\u00eb deri n\u00eb 15 metra. Kjo do t\u00eb siguroj\u00eb nj\u00eb funksionim t\u00eb heshtur t\u00eb sistemit n\u00eb kuzhin\u00ebn tuaj. Ju gjithashtu fitoni m\u00eb shum\u00eb hap\u00ebsir\u00eb \u200b\u200bt\u00eb lir\u00eb p\u00ebr en\u00ebt tuaja t\u00eb kuzhin\u00ebs n\u00ebn lavaman. N\u00eb fakt, duke qen\u00eb se nuk ka nj\u00eb tank, ky sistem i fuqish\u00ebm i I.s. b\u00ebhet edhe m\u00eb kompakt.<\/p>\n<p>P\u00ebrve\u00e7 k\u00ebsaj, mos harroni t\u00eb b\u00ebni nj\u00eb ndryshim adekuat t\u00eb filtrit pasi nj\u00ebsia kryesore e filtrimit nuk p\u00ebrmban komponent\u00eb elektrik\u00eb ose kabllo. Kjo e b\u00ebn mir\u00ebmbajtjen t\u00eb leht\u00eb dhe t\u00eb sigurt. Dhe mund t\u00eb mos keni nevoj\u00eb as p\u00ebr nj\u00eb priz\u00eb elektrike n\u00ebn lavaman.<\/p>\n<p><strong>Sistemi i filtrimit n\u00eb 8-10 faza<\/strong><\/p>\n<ul>\n<li>Parafilt\u00ebr blloku polietileni i sedimenteve 5 mikron p\u00ebr t\u00eb filtruar grimcat e pezulluara si dheu, r\u00ebra, oksidi, etj.<\/li>\n<li>Blloku i karbonit p\u00ebr t\u00eb reduktuar klorin e lir\u00eb, kloraminat, shijen dhe arom\u00ebn e klorit.<\/li>\n<li>Prodhimi i lart\u00eb, I.I. element membranor prej 450 gpd p\u00ebr t\u00eb reduktuar l\u00ebnd\u00ebt e ngurta t\u00eb tretura, jonet metalike, bakteret dhe viruset dhe grimcat e tjera t\u00eb pezulluara, deri n\u00eb 0,0001 mikron.<\/li>\n<li>Kombinimi i kondicionerit pas filtrit n\u00eb dy faza.<\/li>\n<\/ul>\n<ul>\n<li><strong>K871<\/strong><\/li>\n<\/ul>\n<p>Parafilt\u00ebr i bllokut t\u00eb sedimenteve t\u00eb polipropilenit prej 5 m<\/p>\n<p>Reduktimi efektiv i:<\/p>\n<ul>\n<li>oksid, papast\u00ebrti, r\u00ebr\u00eb dhe sediment<\/li>\n<li>ndot\u00ebs t\u00eb tjer\u00eb*<\/li>\n<\/ul>\n<ul>\n<li><strong>K870<\/strong><\/li>\n<\/ul>\n<p>Coco Coco Coco&#8217;s Block Prefilter<\/p>\n<p>Reduktimi efektiv i:<\/p>\n<ul>\n<li>papast\u00ebrtia, r\u00ebra dhe sedimentet<\/li>\n<li>shije dhe er\u00eb, duke p\u00ebrfshir\u00eb arom\u00ebn dhe arom\u00ebn e klorit<\/li>\n<li>ndot\u00ebs t\u00eb tjer\u00eb*<\/li>\n<li><\/li>\n<li><strong>K858<\/strong><\/li>\n<\/ul>\n<p>Elementi membranor i prodhimit t\u00eb lart\u00eb I.<\/p>\n<p>Reduktimi efektiv i:<\/p>\n<ul>\n<li>l\u00ebnd\u00eb t\u00eb ngurta pezull<\/li>\n<li>Jonet e tretura<\/li>\n<li>bakteret dhe viruset<\/li>\n<li>ndot\u00ebs t\u00eb tjer\u00eb*<\/li>\n<li><\/li>\n<li><strong>K880<\/strong><\/li>\n<\/ul>\n<p>Kokosi i kokosit dhe blloku i postfilterit me kondicioner uji rimineralizues<\/p>\n<ul>\n<li>P\u00ebrmir\u00ebson shijen dhe largon er\u00ebn, duke rimineralizuar ujin*<\/li>\n<\/ul>\n<p><strong>Sistemi \u00a0p\u00ebrfshin:<\/strong><\/p>\n<p>Pomp\u00eb automatike e avancuar e p\u00ebrforcimit me shkarkim automatik<\/p>\n<p>Nj\u00ebsia e filtrimit me shum\u00eb faza me prodhim t\u00eb lart\u00eb I.<\/p>\n<p>Dizajni Griff<\/p>\n<p>Kompleti i instalimit<\/p>\n<p><strong>\u00c7far\u00eb e b\u00ebn t\u00eb ve\u00e7ant\u00eb<\/strong><\/p>\n<p>Ju keni nj\u00eb arsye: R.O. \u00a0makina \u00ebsht\u00eb projektuar n\u00eb m\u00ebnyr\u00eb t\u00eb p\u00ebrsosur, miq\u00ebsore me mjedisin, e leht\u00eb p\u00ebr t&#8217;u p\u00ebrdorur dhe jasht\u00ebzakonisht efektive dhe e dobishme.<\/p>\n<ul>\n<li>Sistemi i rrjedh\u00ebs s\u00eb drejtp\u00ebrdrejt\u00eb p\u00ebr t\u00eb patur menj\u00ebher\u00eb nj\u00eb rrjedhje, intensive dhe t\u00eb q\u00ebndrueshme t\u00eb ujit t\u00eb filtruar.<\/li>\n<li>Kursimi i uj\u00ebrave t\u00eb zeza: kursen ton\u00eb uj\u00ebra t\u00eb zeza n\u00eb vit n\u00eb krahasim me sistemet konvencionale.<\/li>\n<li>Element membranor me prodhim t\u00eb lart\u00eb (450 gpd) p\u00ebr t\u00eb minimizuar m\u00eb tej koston e pron\u00ebsis\u00eb.<\/li>\n<li>Mbrojtja nga mungesa e hyrjes s\u00eb ujit.<\/li>\n<li>Membrana e v\u00ebrtet\u00eb e I. me shkall\u00eb t\u00eb lart\u00eb t\u00eb refuzimit t\u00eb folis\u00eb origjinale Toray prodhuar n\u00eb Japoni.<\/li>\n<li>Ndryshimi i sigurt, i shpejt\u00eb dhe i leht\u00eb i filtrit p\u00ebr shkak t\u00eb ndarjes s\u00eb t\u00eb gjith\u00eb komponent\u00ebve elektrik\u00eb t\u00eb nj\u00ebsis\u00eb s\u00eb filtrimit q\u00eb p\u00ebrdoruesi mund t\u00eb mbaj\u00eb.<\/li>\n<li>Nj\u00eb num\u00ebr postfiltrash opsional\u00eb t\u00eb disponuesh\u00ebm: me qymyr, me remineralizim, me alkalinim, me mineral schungite antibakterial katalitik natyral p\u00ebr kondicionimin e ujit dhe p\u00ebrmir\u00ebsimin e shijes.<\/li>\n<li>I p\u00ebrshtatsh\u00ebm p\u00ebr nd\u00ebrmarrje tregtare (restorante t\u00eb vogla, hotele, etj.).<\/li>\n<li>Zhurm\u00eb e ul\u00ebt.<\/li>\n<\/ul>\n<p><strong>Merrni nj\u00eb opsion t\u00eb dyt\u00eb t\u00eb linj\u00ebs falas t\u00eb ujit t\u00eb past\u00ebr<\/strong><\/p>\n<p>Nj\u00eb rrip shtes\u00eb me dantella T-kafaz \u00ebsht\u00eb p\u00ebrfshir\u00eb n\u00eb komplet q\u00eb mund t\u00eb p\u00ebrdoret p\u00ebr t\u00eb marr\u00eb nj\u00eb linj\u00eb t\u00eb dyt\u00eb t\u00eb ujit t\u00eb past\u00ebr q\u00eb shkon n\u00eb nj\u00eb pik\u00eb tjet\u00ebr p\u00ebrdorimi (si p.sh. nj\u00eb lavaman n\u00eb nj\u00eb banj\u00eb ose nj\u00eb makin\u00eb akulli n\u00eb nj\u00eb frigorifer).<\/p>\n<p><strong>Sistemi i par\u00eb i ndarjes s\u00eb filtrave n\u00eb bot\u00eb<\/strong><\/p>\n<p>&nbsp;<\/p>\n<p>Ky sistem filtrimi p\u00ebrb\u00ebhet nga dy nj\u00ebsi: nj\u00eb nj\u00ebsi inovative e kontrollit dixhital me tregues LED, shkarkim automatik dhe nj\u00eb pomp\u00eb ndihm\u00ebse t\u00eb fuqishme, dhe I.R me prodhim t\u00eb lart\u00eb. membrana filtruese dhe filtra.<\/p>\n<p>&nbsp;<\/p>\n<p>S\u00eb bashku ato sigurojn\u00eb kapacitetin e rrjedh\u00ebs s\u00eb drejtp\u00ebrdrejt\u00eb t\u00eb ujit t\u00eb filtruar n\u00eb koh\u00eb reale, duke eliminuar nevoj\u00ebn p\u00ebr nj\u00eb rezervuar uji si\u00e7 gjendet zakonisht n\u00eb sistemet konvencionale, instalim fleksib\u00ebl, siguri dhe leht\u00ebsi n\u00eb mir\u00ebmbajtje.<\/p>\n<p>&nbsp;<\/p>\n<p><strong>Avantazhet e Inversit t\u00eb Flukseve Direkte<\/strong><\/p>\n<p>&nbsp;<\/p>\n<p>Fal\u00eb membran\u00ebs s\u00eb tij me prodhim t\u00eb lart\u00eb dhe pomp\u00ebs s\u00eb fuqishme, ky sistem nuk k\u00ebrkon nj\u00eb rezervuar magazinimi. \u00cbsht\u00eb n\u00eb gjendje t\u00eb prodhoj\u00eb nj\u00eb rrjedh\u00eb t\u00eb fort\u00eb t\u00eb ujit t\u00eb past\u00ebr n\u00eb koh\u00eb reale. P\u00ebrve\u00e7 k\u00ebsaj, ju mund t\u00eb shijoni pastrim m\u00eb t\u00eb mir\u00eb dhe m\u00eb pak uj\u00eb t\u00eb derdhur p\u00ebrmes kanalit.<\/p>\n<p>&nbsp;<\/p>\n<ul>\n<li>Freskia e ujit t\u00eb filtruar n\u00eb koh\u00eb reale. Nuk ka m\u00eb uj\u00eb t\u00eb eg\u00ebr nga nj\u00eb rezervuar.<\/li>\n<li>Instalim kompakt q\u00eb favorizon kursimin e hap\u00ebsir\u00ebs pasi nuk keni nevoj\u00eb p\u00ebr rezervuar.<\/li>\n<li>Ndaloni hap\u00ebsir\u00ebn e lir\u00eb n\u00ebn lavaman p\u00ebr t\u00eb gjitha produktet e pastrimit n\u00eb kuzhin\u00ebn tuaj.<\/li>\n<li>Cil\u00ebsi m\u00eb e mir\u00eb e pastrimit t\u00eb ujit p\u00ebr shkak t\u00eb nj\u00eb shkalle m\u00eb t\u00eb mir\u00eb t\u00eb refuzimit t\u00eb ndot\u00ebsve.<\/li>\n<li>O. membrana funksionon m\u00eb mir\u00eb kur \u00ebsht\u00eb n\u00ebn presion t\u00eb lart\u00eb.<\/li>\n<li>Kurseni para, p\u00ebrve\u00e7 burimeve ujore t\u00eb planetit tok\u00eb.<\/li>\n<li>N\u00eb p\u00ebrgjith\u00ebsi, harxhohet deri n\u00eb tre her\u00eb m\u00eb pak uj\u00eb p\u00ebr gallon uj\u00eb t\u00eb filtruar, krahasuar me sistemin konvencional t\u00eb rezervuar\u00ebve. Kjo p\u00ebr shkak t\u00eb shkall\u00ebs m\u00eb t\u00eb lart\u00eb t\u00eb efikasitetit.<\/li>\n<li>Prodhim praktikisht i pakufizuar i ujit t\u00eb filtruar.<\/li>\n<li>Nd\u00ebrsa sistemet konvencionale t\u00eb rezervuarit jan\u00eb t\u00eb kufizuara nga kapaciteti i rezervuarit dhe k\u00ebrkojn\u00eb koh\u00eb t\u00eb gjat\u00eb pritjeje p\u00ebr t\u00eb mbushur rezervuarin, nj\u00eb sistem i rrjedh\u00ebs s\u00eb drejtp\u00ebrdrejt\u00eb kufizohet vet\u00ebm nga shkalla e filtrimit t\u00eb membran\u00ebs.<\/li>\n<li>Rrjedhje e menj\u00ebhershme dhe e q\u00ebndrueshme e ujit filtrues. Nuk varet nga sa i mbushur \u00ebsht\u00eb rezervuari.<\/li>\n<li>Ai gjithashtu lejon nj\u00eb aplikim komercial.<\/li>\n<li>Kosto m\u00eb e ul\u00ebt e pron\u00ebsis\u00eb p\u00ebr shkak t\u00eb jet\u00ebgjat\u00ebsis\u00eb s\u00eb gjat\u00eb t\u00eb parafiltrave dhe membran\u00ebs, e cila nga ana tjet\u00ebr \u00ebsht\u00eb rezultat i nj\u00eb norme m\u00eb t\u00eb lart\u00eb efikasiteti: parafiltrat dhe membrana trajtojn\u00eb m\u00eb pak uj\u00eb p\u00ebr \u00e7do gallon filtrimi t\u00eb prodhuar.<\/li>\n<li>Kjo kursen kapacitetin e parafiltrave duke siguruar ndryshim m\u00eb pak t\u00eb shpesht\u00eb dhe pastrim m\u00eb t\u00eb mir\u00eb.<\/li>\n<li>Numri m\u00eb i vog\u00ebl i komponent\u00ebve favorizon besueshm\u00ebri m\u00eb t\u00eb mir\u00eb dhe leht\u00ebson mir\u00ebmbajtjen.<\/li>\n<\/ul>\n<p>Nj\u00ebsia e saj inovative e kontrolluar n\u00eb m\u00ebnyr\u00eb elektronike siguron funksionim plot\u00ebsisht automatik: thjesht hapni dhe mbyllni rubinetin dhe gjith\u00e7ka tjet\u00ebr do t\u00eb b\u00ebhet automatikisht. Filtrojeni ujin tuaj menj\u00ebher\u00eb n\u00eb \u00e7do koh\u00eb.<\/p>\n<p>Mbetje ultra t\u00eb ul\u00ebta nga\u00a0 Galeria 1 e Ujit t\u00eb Filtruar<\/p>\n<p>Sistemi i rrjedh\u00ebs s\u00eb drejtp\u00ebrdrejt\u00eb Expert MOD600 ju kursen tonelata uj\u00ebra t\u00eb zeza n\u00eb vit p\u00ebr shkak t\u00eb shkall\u00ebs s\u00eb lart\u00eb t\u00eb efikasitetit. Kontrolloni krahasimin e detajuar m\u00eb posht\u00eb p\u00ebr t\u00eb par\u00eb se si ky sistem ju lejon t\u00eb kurseni para n\u00eb fatur\u00ebn tuaj t\u00eb sh\u00ebrbimeve.<\/p>\n<p><strong>\u00c7far\u00eb ka n\u00eb kuti<\/strong><\/p>\n<p>(1) Pomp\u00eb automatike automatike ndihm\u00ebse e shkarkimit automatik<\/p>\n<p>(1) Nj\u00ebsia e rrjedhjes s\u00eb I.<\/p>\n<p>(1) P\u00ebrshtat\u00ebs i valvul\u00ebs s\u00eb topit (I konfiguruesh\u00ebm nga p\u00ebrdoruesi n\u00eb 3-8o x 3-8. x 1-4, 1-2o x 1-2. x 1-4-&#8216; ose 1-2- x 3-8o x 1- -4)<\/p>\n<p>(1) Rrotull shiriti teflon<\/p>\n<p>(1) Griff (n\u00eb var\u00ebsi t\u00eb SKU dhe tregut)<\/p>\n<p>(1) gjerdan kullimi<\/p>\n<p>(1) \u00c7el\u00ebs anglisht<\/p>\n<p>(26 ft \/ 8 m) Tub uji 1\/4.<\/p>\n<p>(1) 1-1-4-1-1\/4.<\/p>\n<p>(1) T-clace ose lidh\u00ebs n\u00eb Y prej 1\/4o x 1-4o x 1-4.<\/p>\n<p>&nbsp;<\/p>\n","protected":false},"excerpt":{"rendered":"<p>Expert BM920 Rrjedha e avancuar e drejtp\u00ebrdrejt\u00eb Osmoz\u00eb e kund\u00ebrt Filtrimi i ujit Sistemi me Flush automatic Teknologji e re: Rrjedha e drejtp\u00ebrdrejt\u00eb R.O. Filtrim n\u00eb koh\u00eb reale, nuk k\u00ebrkohet rezervuar ruajtjeje Avantazh i past\u00ebr: Rrjedha e q\u00ebndrueshme e ujit dhe freski e dallueshme e ujit Efikasitet i pamposhtur: Deri n\u00eb tre her\u00eb m\u00eb pak [&hellip;]<\/p>\n","protected":false},"featured_media":2782,"comment_status":"open","ping_status":"closed","template":"","meta":[],"product_cat":[15,73],"product_tag":[],"class_list":{"0":"post-3025","1":"product","2":"type-product","3":"status-publish","4":"has-post-thumbnail","6":"product_cat-uncategorized","7":"product_cat-expert","9":"first","10":"instock","11":"shipping-taxable","12":"product-type-simple","13":"add-to-wishlist-after_add_to_cart"},"_links":{"self":[{"href":"https:\/\/priofiltersalbania.al\/index.php\/wp-json\/wp\/v2\/product\/3025","targetHints":{"allow":["GET"]}}],"collection":[{"href":"https:\/\/priofiltersalbania.al\/index.php\/wp-json\/wp\/v2\/product"}],"about":[{"href":"https:\/\/priofiltersalbania.al\/index.php\/wp-json\/wp\/v2\/types\/product"}],"replies":[{"embeddable":true,"href":"https:\/\/priofiltersalbania.al\/index.php\/wp-json\/wp\/v2\/comments?post=3025"}],"wp:featuredmedia":[{"embeddable":true,"href":"https:\/\/priofiltersalbania.al\/index.php\/wp-json\/wp\/v2\/media\/2782"}],"wp:attachment":[{"href":"https:\/\/priofiltersalbania.al\/index.php\/wp-json\/wp\/v2\/media?parent=3025"}],"wp:term":[{"taxonomy":"product_cat","embeddable":true,"href":"https:\/\/priofiltersalbania.al\/index.php\/wp-json\/wp\/v2\/product_cat?post=3025"},{"taxonomy":"product_tag","embeddable":true,"href":"https:\/\/priofiltersalbania.al\/index.php\/wp-json\/wp\/v2\/product_tag?post=3025"}],"curies":[{"name":"wp","href":"https:\/\/api.w.org\/{rel}","templated":true}]}}