{"id":3026,"date":"2024-09-12T21:20:47","date_gmt":"2024-09-12T21:20:47","guid":{"rendered":"https:\/\/priofiltersalbania.al\/?post_type=product&#038;p=3026"},"modified":"2024-10-21T11:13:53","modified_gmt":"2024-10-21T11:13:53","slug":"expert-sm900","status":"publish","type":"product","link":"https:\/\/priofiltersalbania.al\/index.php\/product\/expert-sm900\/","title":{"rendered":"Expert SM900"},"content":{"rendered":"<p><strong>Expert SM900<\/strong><\/p>\n<p><strong>N\u00ebse jeni duke p\u00ebrdorur ende uj\u00eb n\u00eb shishe p\u00ebr t\u00eb pir\u00eb sot, do t\u00eb b\u00ebni nj\u00eb investim t\u00eb zgjuar q\u00eb ju kursen para n\u00eb afat t\u00eb gjat\u00eb dhe \u00ebsht\u00eb m\u00eb i mir\u00eb p\u00ebr mjedisin.<\/strong><\/p>\n<p><strong>B\u00ebhuni m\u00eb mir\u00eb se cil\u00ebsia e ujit n\u00eb shishe pa shishe!<\/strong><strong>\u00a0<\/strong><\/p>\n<p>Sistemet e filtrimit t\u00eb ujit me osmoz\u00eb t\u00eb kund\u00ebrt t\u00eb mbytjes s\u00eb holl\u00eb me nj\u00eb rezervuar magazinimi<\/p>\n<p>Sistemet e holl\u00eb t\u00eb nivelit t\u00eb lart\u00eb t\u00eb filtrimit t\u00eb ujit me osmoz\u00eb t\u00eb kund\u00ebrt me nj\u00eb rezervuar depozitimi, filtrim me 7 faza, 75 gpd t\u00eb kapsuluar R.O. elementi i membran\u00ebs dhe pompa p\u00ebrforcuese e integruar opsionale p\u00ebr t&#8217;u instaluar n\u00ebn lavamanin e kuzhin\u00ebs p\u00ebr ujin m\u00eb t\u00eb past\u00ebr dhe m\u00eb t\u00eb sigurt n\u00eb sht\u00ebpin\u00eb tuaj<\/p>\n<p>Osmoz\u00eb e kund\u00ebrt<\/p>\n<p>Depozita e ruajtjes<\/p>\n<p>Pomp\u00eb Opsionale<\/p>\n<p>Filtrim me 7 faza<\/p>\n<p>Filtrat me ndryshim t\u00eb shpejt\u00eb<\/p>\n<p>2 L\/min<\/p>\n<p><strong>Rreth R.O. Filtrimi<\/strong><\/p>\n<p>Osmoza e kund\u00ebrt \u00ebsht\u00eb aktualisht metoda m\u00eb e avancuar por m\u00eb e natyrshme e pastrimit t\u00eb ujit. Membrana gjysm\u00eb e p\u00ebrshkueshme lejon q\u00eb vet\u00ebm uji t\u00eb kaloj\u00eb dhe refuzon gjith\u00e7ka tjet\u00ebr.<\/p>\n<p>R.O. Uji i trajtuar nuk p\u00ebrmban klor, metale t\u00eb r\u00ebnda, l\u00ebnd\u00eb t\u00eb tjera t\u00eb ngurta dhe jone t\u00eb tretura, baktere dhe viruse. Ky uj\u00eb \u00ebsht\u00eb i sigurt dhe freskues, nuk k\u00ebrkon zierje dhe \u00ebsht\u00eb nj\u00eb zgjedhje e mir\u00eb p\u00ebr t\u00eb gjitha llojet e p\u00ebrdorimit duke p\u00ebrfshir\u00eb ushqimin e foshnj\u00ebs s\u00eb porsalindur.<\/p>\n<p>Mos b\u00ebni gabim, ky proces osmoz\u00eb \u00ebsht\u00eb aq i natyrsh\u00ebm sa mund t\u00eb jet\u00eb, pasi n\u00eb thelb \u00ebsht\u00eb i nj\u00ebjt\u00eb me at\u00eb n\u00eb \u00e7do qeliz\u00eb t\u00eb gjall\u00eb n\u00eb Tok\u00eb. Membrana qelizore lejon vet\u00ebm at\u00eb q\u00eb duhet t\u00eb kaloj\u00eb dhe refuzon gjith\u00e7ka t\u00eb huaj.<\/p>\n<p>K\u00ebto dit\u00eb gjeniu njer\u00ebzor riprodhoi k\u00ebt\u00eb proces natyror n\u00eb nj\u00eb pajisje nanoteknologjike shum\u00eb t\u00eb sofistikuar pik\u00ebrisht n\u00eb lavamanin tuaj.<\/p>\n<p>Asnj\u00eb magji, pa pretendime t\u00eb paprovuara &#8211; thjesht shkenc\u00eb e past\u00ebr! Osmoza e kund\u00ebrt p\u00ebrdoret kudo kur nevojitet uj\u00eb i v\u00ebrtet\u00eb i past\u00ebr, jo pretendime: nga prodhimi farmaceutik deri te furnizimi me uj\u00eb i stacionit hap\u00ebsinor, nga impiantet komunale t\u00eb shkrip\u00ebzimit t\u00eb ujit me nj\u00eb zon\u00eb shum\u00eb milion\u00ebshe deri te kompletet e shp\u00ebtimit t\u00eb anijeve detare.<\/p>\n<p><strong>P\u00ebrtej cil\u00ebsis\u00eb s\u00eb ujit n\u00eb shishe<\/strong><\/p>\n<p>Sistemet eksperte t\u00eb osmoz\u00ebs s\u00eb kund\u00ebrt t\u00eb seris\u00eb MO ofrojn\u00eb uj\u00eb t\u00eb sigurt, t\u00eb past\u00ebr dhe q\u00eb sjell g\u00ebzim n\u00eb sht\u00ebpin\u00eb tuaj, \u00e7do dit\u00eb.<\/p>\n<p>Nuk ka m\u00eb nevoj\u00eb p\u00ebr t\u00eb transportuar dhe asgj\u00ebsuar ujin n\u00eb shishe!<\/p>\n<p>E shk\u00eblqyeshme p\u00ebr pije, akullb\u00ebr\u00ebs, pije, kafe dhe \u00e7aj, p\u00ebrgatitje dhe gatim ushqimi, sporte, etj.<\/p>\n<p>K\u00ebto R.O. sistemet heqin er\u00ebn dhe substancat m\u00eb t\u00eb d\u00ebmshme si jonet e metaleve t\u00eb r\u00ebnda dhe l\u00ebnd\u00ebt e ngurta totale t\u00eb tretura nga uji i rubinetit duke e b\u00ebr\u00eb at\u00eb t\u00eb shijsh\u00ebm, t\u00eb fresk\u00ebt dhe jet\u00ebsor. Ato ofrojn\u00eb nj\u00eb p\u00ebrvoj\u00eb t\u00eb past\u00ebr, freskuese pa shije t\u00eb metaleve t\u00eb r\u00ebnda, g\u00eblqeres ose klorit.<strong>\u00a0<\/strong><\/p>\n<p><strong>Si funksionon<\/strong><\/p>\n<p>Sistemi zakonisht montohet n\u00ebn lavamanin e kuzhin\u00ebs me rubinetin e ujit t\u00eb pastruar t\u00eb instaluar n\u00eb lavaman ose kuvert\u00eb. Mund t\u00eb p\u00ebrdoret gjithashtu nj\u00eb rubinet i kombinuar i disponuesh\u00ebm n\u00eb treg me rrug\u00eb ujore t\u00eb integruar p\u00ebr uj\u00eb t\u00eb filtruar.<\/p>\n<p>P\u00ebr t\u00eb marr\u00eb uj\u00eb t\u00eb fresk\u00ebt dhe t\u00eb past\u00ebr n\u00eb \u00e7ast, thjesht hapni rubinetin dhe gjith\u00e7ka tjet\u00ebr do t\u00eb kryhet automatikisht.<\/p>\n<p><strong>\u00c7far\u00eb e b\u00ebn at\u00eb t\u00eb ve\u00e7ant\u00eb<\/strong><\/p>\n<p>R.O. sistem filtrimi q\u00eb \u00ebsht\u00eb i projektuar n\u00eb m\u00ebnyr\u00eb t\u00eb p\u00ebrsosur, miq\u00ebsor ndaj mjedisit dhe jasht\u00ebzakonisht i dobish\u00ebm<\/p>\n<p>R.O. Membrana me shkall\u00eb t\u00eb lart\u00eb refuzimi t\u00eb flet\u00ebs origjinale Toray e prodhuar n\u00eb Japoni.<\/p>\n<p>Dizajn i holl\u00eb dhe modern q\u00eb kursen hap\u00ebsir\u00eb, pamje dhe ndjesi premium.<\/p>\n<p>Zhurm\u00eb zero ose e ul\u00ebt.<\/p>\n<p>Filtri i kapsuluar dhe element\u00ebt e membran\u00ebs me nd\u00ebrrim t\u00eb shpejt\u00eb p\u00ebr mir\u00ebmbajtje m\u00eb t\u00eb leht\u00eb.<\/p>\n<p>Konsumi zero ose i ul\u00ebt i energjis\u00eb.<\/p>\n<p>Rubinet me dizajn premium.<\/p>\n<p>Filtra dhe membrana t\u00eb parainstaluara nga fabrika, valvula e p\u00ebrshtat\u00ebsit t\u00eb tee-it n\u00eb mbar\u00eb bot\u00ebn, pajisje t\u00eb shpejta shtyt\u00ebse p\u00ebr t&#8217;u lidhur, etj. p\u00ebr konfigurim m\u00eb t\u00eb shpejt\u00eb dhe m\u00eb t\u00eb leht\u00eb dhe p\u00ebrdorim t\u00eb p\u00ebrshtatsh\u00ebm.<\/p>\n<p>Opsionet e rezervuarit t\u00eb ruajtjes 3.2, 4 ose 5 gallon.<\/p>\n<p><strong>Pomp\u00eb p\u00ebrforcuese e integruar<\/strong><\/p>\n<p>R.O m\u00eb kompakte gjith\u00ebp\u00ebrfshir\u00ebse, pa kompromis. makin\u00eb me pomp\u00eb p\u00ebrforcuese n\u00eb treg.<\/p>\n<p>Rrit presionin p\u00ebr t\u00eb p\u00ebrmir\u00ebsuar rr\u00ebnj\u00ebsisht performanc\u00ebn dhe efektivitetin e R.O. nj\u00ebsi n\u00eb t\u00eb tre fushat kryesore: rrit rrjedh\u00ebn e ujit t\u00eb filtruar (shkalla e prodhimit), rrit shkall\u00ebn e refuzimit (p\u00ebrmir\u00ebson cil\u00ebsin\u00eb e pastrimit t\u00eb ujit), rrit shkall\u00ebn e rikuperimit (ul sasin\u00eb e uj\u00ebrave t\u00eb zeza).<\/p>\n<p>Zgjat jet\u00ebgjat\u00ebsin\u00eb e sh\u00ebrbimit t\u00eb membran\u00ebs dhe parafiltrit p\u00ebr shkak t\u00eb rritjes s\u00eb shkall\u00ebs s\u00eb rikuperimit.<\/p>\n<p>Ndryshimi i elementeve t\u00eb filtrit dhe membran\u00ebs s\u00eb kapsuluar \u00ebsht\u00eb nj\u00eb pun\u00eb e leht\u00eb!<\/p>\n<p>Pajisje t\u00eb shpejta me shtytje p\u00ebr t&#8217;u lidhur p\u00ebr lidhje t\u00eb lehta t\u00eb tubave<\/p>\n<p>P\u00ebrfshihet rubineti me dizajn premium<\/p>\n<p>Depozita magazinimi t\u00eb nivelit t\u00eb lart\u00eb 3.2, 4 ose 5 gallon p\u00ebr t\u00eb zgjedhur<\/p>\n<p><strong>Merrni nj\u00eb opsion t\u00eb dyt\u00eb t\u00eb linj\u00ebs s\u00eb ujit t\u00eb past\u00ebr falas<\/strong><\/p>\n<p>N\u00eb komplet p\u00ebrfshihet nj\u00eb pajisje shtes\u00eb e bashkimit q\u00eb mund t\u00eb p\u00ebrdoret p\u00ebr t\u00eb marr\u00eb nj\u00eb linj\u00eb t\u00eb dyt\u00eb uji t\u00eb past\u00ebr q\u00eb shkon n\u00eb pik\u00ebn tjet\u00ebr t\u00eb p\u00ebrdorimit (si p.sh. nj\u00eb lavaman n\u00eb nj\u00eb banj\u00eb ose akullb\u00ebr\u00ebs n\u00eb frigorifer).<\/p>\n<p><strong>Sistemi i filtrimit me shum\u00eb faza<\/strong><\/p>\n<p>Filt\u00ebr\u00a0 10&#8243; n\u00eb linj\u00eb p\u00ebr t\u00eb pastruar ujin e ftoht\u00eb nga grimcat mekanike: ndryshku, r\u00ebra, llumi, etj.<\/p>\n<p>Filt\u00ebr K161 polipropileni \u00a0(rezin\u00eb) jo i endur 5 mikron<\/p>\n<p>Para-filtri i bllokut polifonik sedimenti 5 mikron1 p\u00ebr t\u00eb filtruar grimcat e pezulluara si balta, r\u00ebra, ndryshku, etj.<\/p>\n<p>Bllok karboni p\u00ebr t\u00eb reduktuar klorin e lir\u00eb, kloraminat, shijen dhe er\u00ebn e klorit.<\/p>\n<p>75 gpd R.O. element i membran\u00ebs p\u00ebr t\u00eb reduktuar l\u00ebnd\u00ebt e ngurta t\u00eb tretura, jonet metalike, bakteret dhe viruset dhe grimcat e tjera t\u00eb pezulluara deri n\u00eb 0.0001 mikron.<\/p>\n<p>Pas filtrit t\u00eb kombinuar me dy faza t\u00eb kondicionimit t\u00eb ujit.<\/p>\n<ul>\n<li><strong>K871\u00b9 <\/strong><\/li>\n<\/ul>\n<p>Para-filtri i bllokut t\u00eb sedimentit 5 \u03bcm<\/p>\n<p>Reduktimi efektiv i:<\/p>\n<ul>\n<li>ndryshk, balt\u00eb, r\u00ebr\u00eb dhe sediment<\/li>\n<li>ndot\u00ebs t\u00eb tjer\u00eb*<\/li>\n<\/ul>\n<p><strong>K870<\/strong><\/p>\n<p>Para-filtri i karbonit t\u00eb kokosit K870<\/p>\n<p>Para-filtri i bllokut t\u00eb karbonit t\u00eb kokosit<\/p>\n<p>Reduktimi efektiv i:<\/p>\n<ul>\n<li>papast\u00ebrtit\u00eb, r\u00ebra dhe sedimentet<\/li>\n<li>shije dhe er\u00eb, duke p\u00ebrfshir\u00eb shijen dhe er\u00ebn e klorit<\/li>\n<li>ndot\u00ebs t\u00eb tjer\u00eb*<\/li>\n<\/ul>\n<p><strong>K866<\/strong><\/p>\n<p>75 gpd R.O. Elementi i membran\u00ebs K866<\/p>\n<p>75 gpd R.O. Elementi i membran\u00ebs<\/p>\n<p>Reduktimi efektiv i:<\/p>\n<ul>\n<li>l\u00ebnd\u00eb t\u00eb ngurta pezull<\/li>\n<li>jonet e tretura<\/li>\n<li>bakteret dhe viruset<\/li>\n<li>ndot\u00ebs t\u00eb tjer\u00eb<\/li>\n<li><\/li>\n<\/ul>\n<p><strong>K880<\/strong><\/p>\n<p>Blloku i karbonit t\u00eb kokosit dhe kondicionimi i ujit t\u00eb rimineralizimit pas filtrit K880<\/p>\n<p>Blloku i karbonit t\u00eb kokosit dhe remineralizimi i ujit t\u00eb kondicionuar pas filtrit<\/p>\n<ul>\n<li>p\u00ebrmir\u00ebson shijen dhe largon er\u00ebn, rimineralizon ujin*<\/li>\n<\/ul>\n<p><strong>\u00a0<\/strong><strong>Seti p\u00ebrfshin:<\/strong><\/p>\n<p>Nj\u00ebsia e filtrimit me shum\u00eb faza me R.O. Membrana dhe pompa p\u00ebrforcuese e integruar 2<\/p>\n<p>Depozita e ruajtjes<\/p>\n<p>Rubinet \u00a0projektuesi<\/p>\n<p>Kompleti i instalimit<\/p>\n<p>1 Vet\u00ebm p\u00ebr modelet pa pomp\u00eb.<\/p>\n<p>2 Vet\u00ebm p\u00ebr modelet me pomp\u00eb.<\/p>\n<p><strong>\u00c7far\u00eb ka n\u00eb Kuti<\/strong><\/p>\n<p>(1) Nj\u00ebsi filtrimi me shum\u00eb faza me filtra t\u00eb instaluar<\/p>\n<p>(1) Rezervuari i ruajtjes me valvul rezervuari<\/p>\n<p>(1) Valvula topike e p\u00ebrshtat\u00ebsit universal n\u00eb mbar\u00eb bot\u00ebn (G1\/2\u201d &#8211; G3\/8\u201d &#8211; UNEF 9\/16\u201d-24 &#8211; JG 1\/4\u201d)<\/p>\n<p>(1) Rrotull shiriti Teflon<\/p>\n<p>(1) Rubineti<\/p>\n<p>(1) Tubin e kullimit<\/p>\n<p>(1) \u00e7el\u00ebs<\/p>\n<p>(1) Valvula e kontrollit t\u00eb bashkimit \u00bc&#8221;.<\/p>\n<p>(2) \u00bc\u201d montim i bashkimit<\/p>\n<p>(26 ft\/ 8 m) Tub uji \u00bc\u201d<\/p>\n<p>(1) Furnizimi me energji elektrike (p\u00ebr modelet me pomp\u00eb)<\/p>\n<p>Udh\u00ebzuesi i p\u00ebrdoruesit<\/p>\n","protected":false},"excerpt":{"rendered":"<p>Expert SM900 N\u00ebse jeni duke p\u00ebrdorur ende uj\u00eb n\u00eb shishe p\u00ebr t\u00eb pir\u00eb sot, do t\u00eb b\u00ebni nj\u00eb investim t\u00eb zgjuar q\u00eb ju kursen para n\u00eb afat t\u00eb gjat\u00eb dhe \u00ebsht\u00eb m\u00eb i mir\u00eb p\u00ebr mjedisin. B\u00ebhuni m\u00eb mir\u00eb se cil\u00ebsia e ujit n\u00eb shishe pa shishe!\u00a0 Sistemet e filtrimit t\u00eb ujit me osmoz\u00eb t\u00eb [&hellip;]<\/p>\n","protected":false},"featured_media":3027,"comment_status":"open","ping_status":"closed","template":"","meta":[],"product_cat":[15,73],"product_tag":[],"class_list":{"0":"post-3026","1":"product","2":"type-product","3":"status-publish","4":"has-post-thumbnail","6":"product_cat-uncategorized","7":"product_cat-expert","9":"first","10":"instock","11":"shipping-taxable","12":"product-type-simple","13":"add-to-wishlist-after_add_to_cart"},"_links":{"self":[{"href":"https:\/\/priofiltersalbania.al\/index.php\/wp-json\/wp\/v2\/product\/3026","targetHints":{"allow":["GET"]}}],"collection":[{"href":"https:\/\/priofiltersalbania.al\/index.php\/wp-json\/wp\/v2\/product"}],"about":[{"href":"https:\/\/priofiltersalbania.al\/index.php\/wp-json\/wp\/v2\/types\/product"}],"replies":[{"embeddable":true,"href":"https:\/\/priofiltersalbania.al\/index.php\/wp-json\/wp\/v2\/comments?post=3026"}],"wp:featuredmedia":[{"embeddable":true,"href":"https:\/\/priofiltersalbania.al\/index.php\/wp-json\/wp\/v2\/media\/3027"}],"wp:attachment":[{"href":"https:\/\/priofiltersalbania.al\/index.php\/wp-json\/wp\/v2\/media?parent=3026"}],"wp:term":[{"taxonomy":"product_cat","embeddable":true,"href":"https:\/\/priofiltersalbania.al\/index.php\/wp-json\/wp\/v2\/product_cat?post=3026"},{"taxonomy":"product_tag","embeddable":true,"href":"https:\/\/priofiltersalbania.al\/index.php\/wp-json\/wp\/v2\/product_tag?post=3026"}],"curies":[{"name":"wp","href":"https:\/\/api.w.org\/{rel}","templated":true}]}}