{"id":3030,"date":"2024-09-12T21:34:13","date_gmt":"2024-09-12T21:34:13","guid":{"rendered":"https:\/\/priofiltersalbania.al\/?post_type=product&#038;p=3030"},"modified":"2024-10-21T11:04:02","modified_gmt":"2024-10-21T11:04:02","slug":"prio-extro-to600","status":"publish","type":"product","link":"https:\/\/priofiltersalbania.al\/index.php\/product\/prio-extro-to600\/","title":{"rendered":"Prio ExtRO RO600"},"content":{"rendered":"<p><strong>ExtRO TO600<\/strong><\/p>\n<p><strong>Sistemi i filtrimit t\u00eb ujit me osmoz\u00eb t\u00eb kund\u00ebrt t\u00eb banakut me shp\u00eblarje automatike<\/strong><\/p>\n<p>Sistemi i filtrimit t\u00eb ujit me osmoz\u00eb t\u00eb kund\u00ebrt t\u00eb banakut t\u00eb nivelit t\u00eb lart\u00eb me nj\u00eb en\u00eb, parafilt\u00ebr karboni dhe 95 gpd R.O. element i membran\u00ebs. Ve\u00e7orit\u00eb p\u00ebrfshijn\u00eb pomp\u00ebn p\u00ebrforcuese t\u00eb integruar, shp\u00eblarjen automatike, filtrat e ndryshuesh\u00ebm t\u00eb \u00e7erek rrotullimit, dizajnin q\u00eb kursen hap\u00ebsir\u00eb, treguesit LED me njoftime p\u00ebr ndryshimin e fishekut.<\/p>\n<ul>\n<li>Osmoz\u00eb e kund\u00ebrt<\/li>\n<li>Pomp\u00eb p\u00ebrforcuese<\/li>\n<li>Fishek\u00eb bajonet\u00eb<\/li>\n<li>En\u00eb 2L \/ 68 fl.oz.<\/li>\n<\/ul>\n<p><strong>Shtamba me uj\u00eb t\u00eb past\u00ebr Gjithmon\u00eb brenda mund\u00ebsive<\/strong><\/p>\n<p>Shijoni shijen e jasht\u00ebzakonshme t\u00eb ushqimit, zbuloni arom\u00ebn autentike t\u00eb \u00e7ajit ose kafes\u00eb, impresiononi mysafir\u00ebt tuaj me kuba akulli t\u00eb past\u00ebr kristal, ose thjesht shijoni nj\u00eb gll\u00ebnjk\u00eb uj\u00eb t\u00eb past\u00ebr, me leht\u00ebsi n\u00eb maj\u00eb t\u00eb gishtave.<\/p>\n<p><strong>Jepni kontributin tuaj p\u00ebr t\u00eb shp\u00ebtuar planetin ton\u00eb<\/strong><\/p>\n<p>Kurseni xhepin tuaj si dhe planetin ton\u00eb: ulni shpenzimet tuaja n\u00eb m\u00ebnyr\u00eb dramatike duke kaluar nga uji i ambalazhuar n\u00eb nj\u00eb pastrues uji t\u00eb brendsh\u00ebm dhe zvog\u00ebloni ndikimin mjedisor t\u00eb gjurm\u00ebs s\u00eb karbonit t\u00eb shisheve t\u00eb ujit dhe plastik\u00ebs n\u00eb vendgrumbullime.<\/p>\n<p><strong>Si funksionon<\/strong><\/p>\n<p>Montoni sistemin pran\u00eb lavamanit t\u00eb kuzhin\u00ebs dhe uji i pastruar do t\u00eb mblidhet n\u00eb en\u00eb. Fusni en\u00eb n\u00eb daljen e ujit t\u00eb nj\u00ebsis\u00eb dhe pastrimi do t\u00eb filloj\u00eb automatikisht. Sapo kana t\u00eb mbushet ose t\u00eb hiqet manualisht, rrjedha e ujit do t\u00eb ndaloj\u00eb.<\/p>\n<p>Ky sistem \u00ebsht\u00eb shum\u00eb i leht\u00eb p\u00ebr t&#8217;u p\u00ebrdorur: uji i past\u00ebr \u00ebsht\u00eb i arritsh\u00ebm sa her\u00eb q\u00eb ju nevojitet. Mbushja e plot\u00eb e en\u00ebs (2L\/68 fl.oz.) zgjat m\u00eb pak se 7 minuta.<\/p>\n<p><strong>\u00c7far\u00eb e b\u00ebn at\u00eb t\u00eb ve\u00e7ant\u00eb<\/strong><\/p>\n<ul>\n<li>O. sistem filtrimi q\u00eb \u00ebsht\u00eb i projektuar n\u00eb m\u00ebnyr\u00eb t\u00eb p\u00ebrsosur, miq\u00ebsor ndaj mjedisit dhe jasht\u00ebzakonisht i dobish\u00ebm<\/li>\n<li>O. Membrana me shkall\u00eb t\u00eb lart\u00eb refuzimi t\u00eb flet\u00ebs origjinale Toray e prodhuar n\u00eb Japoni.<\/li>\n<li>Leht\u00eb dhe e shpejt\u00eb: shtamba me uj\u00eb t\u00eb past\u00ebr gjithmon\u00eb pran\u00eb<\/li>\n<li>Shp\u00eblarje automatike p\u00ebr performanc\u00eb t\u00eb lart\u00eb<\/li>\n<li>Dizajn i holl\u00eb dhe modern q\u00eb kursen hap\u00ebsir\u00eb, pamje dhe ndjesi premium.<\/li>\n<li>Ndryshohen leht\u00ebsisht filtrat e rrotullimit \u00e7erek, nuk k\u00ebrkohen mjete<\/li>\n<li>Konsumi i ul\u00ebt i energjis\u00eb.<\/li>\n<li>Vet\u00eb-operues<\/li>\n<li>Filtra dhe membrana t\u00eb parainstaluara nga fabrika, valvula e p\u00ebrshtat\u00ebsit t\u00eb tee-it n\u00eb mbar\u00eb bot\u00ebn, pajisje t\u00eb shpejta shtyt\u00ebse p\u00ebr t&#8217;u lidhur, etj. p\u00ebr konfigurim m\u00eb t\u00eb shpejt\u00eb dhe m\u00eb t\u00eb leht\u00eb dhe p\u00ebrdorim t\u00eb p\u00ebrshtatsh\u00ebm.<\/li>\n<li>Treguesi LED i jet\u00ebgjat\u00ebsis\u00eb s\u00eb filtrave<\/li>\n<li>Zhurm\u00eb e ul\u00ebt<\/li>\n<\/ul>\n<p>&nbsp;<\/p>\n<p><strong>Pomp\u00eb p\u00ebrforcuese e integruar<\/strong><\/p>\n<p>Rrit presionin p\u00ebr t\u00eb p\u00ebrmir\u00ebsuar rr\u00ebnj\u00ebsisht performanc\u00ebn dhe efektivitetin e R.O. nj\u00ebsi n\u00eb t\u00eb tre fushat kryesore: rrit rrjedh\u00ebn e ujit t\u00eb filtruar (shkalla e prodhimit), rrit shkall\u00ebn e refuzimit (p\u00ebrmir\u00ebson cil\u00ebsin\u00eb e pastrimit t\u00eb ujit), rrit shkall\u00ebn e rikuperimit (ul sasin\u00eb e uj\u00ebrave t\u00eb zeza).<\/p>\n<p>Zgjat jet\u00ebn e sh\u00ebrbimit t\u00eb membran\u00ebs dhe parafiltrit p\u00ebr shkak t\u00eb rritjes s\u00eb shkall\u00ebs s\u00eb rikuperimit.<\/p>\n<p>Kryen nj\u00eb sekuenc\u00eb t\u00eb fuqishme t\u00eb shp\u00eblarjes automatike p\u00ebr t&#8217;i mbajtur t\u00eb brendshmet t\u00eb pastra dhe t\u00eb sigurta.<\/p>\n<p>&nbsp;<\/p>\n<p><strong>Karakteristikat e dobishme<\/strong><\/p>\n<p>Ky sistem \u00ebsht\u00eb krijuar p\u00ebr t\u00eb qen\u00eb efektiv, t\u00ebrheq\u00ebs dhe i leht\u00eb p\u00ebr t&#8217;u p\u00ebrdorur<\/p>\n<p>P\u00ebrshtat\u00ebs World Power i p\u00ebrfshir\u00eb<\/p>\n<p>Fishek\u00eb filtri me \u00e7erek rrotullim bajonet\u00eb p\u00ebr nd\u00ebrrim t\u00eb leht\u00eb<\/p>\n<p>Treguesit LED t\u00eb jet\u00ebgjat\u00ebsis\u00eb s\u00eb mbetur t\u00eb filtrave<\/p>\n<p>Shtamb\u00eb e sigurt p\u00ebr lavastovilje<\/p>\n<p><strong>Sistemi i filtrimit me shum\u00eb faza<\/strong><\/p>\n<ul>\n<li>Bllok karboni p\u00ebr t\u00eb reduktuar sedimentet, klorin e lir\u00eb, kloraminat, shijen dhe er\u00ebn e klorit.<\/li>\n<li>95 gpd R.O. element i membran\u00ebs p\u00ebr t\u00eb reduktuar l\u00ebnd\u00ebt e ngurta t\u00eb tretura, jonet metalike, bakteret dhe viruset dhe grimcat e tjera t\u00eb pezulluara deri n\u00eb 0.0001 mikron.<\/li>\n<li><strong>K890<\/strong><\/li>\n<\/ul>\n<p>Para-filtri i sedimentit dhe karbonit t\u00eb kokosit<\/p>\n<p>Para-filtri i sedimentit dhe karbonit t\u00eb kokosit<\/p>\n<p>Reduktimi efektiv i:<\/p>\n<ul>\n<li>papast\u00ebrtit\u00eb, r\u00ebra dhe sedimentet<\/li>\n<li>shije dhe er\u00eb, duke p\u00ebrfshir\u00eb shijen dhe er\u00ebn e klorit<\/li>\n<li>ndot\u00ebs t\u00eb tjer\u00eb*<\/li>\n<\/ul>\n<p>&nbsp;<\/p>\n<ul>\n<li><strong>K860<\/strong><\/li>\n<\/ul>\n<p>95 gpd R.O. Elementi i membran\u00ebs<\/p>\n<p>Reduktimi efektiv i:<\/p>\n<ul>\n<li>l\u00ebnd\u00eb t\u00eb ngurta pezull<\/li>\n<li>jonet e tretura<\/li>\n<li>bakteret dhe viruset<\/li>\n<li>ndot\u00ebs t\u00eb tjer\u00eb*<\/li>\n<\/ul>\n<p><strong>Seti p\u00ebrfshin:<\/strong><\/p>\n<ul>\n<li>Nj\u00ebsia e filtrimit me shum\u00eb faza me R.O. Membrane dhe pomp\u00eb p\u00ebrforcuese e integruar<\/li>\n<li>En\u00eb<\/li>\n<li>Kompleti i instalimit<\/li>\n<\/ul>\n<p><strong>\u00c7far\u00eb ka n\u00eb Kuti<\/strong><\/p>\n<p>(1) Nj\u00ebsi filtrimi me shum\u00eb faza me filtra t\u00eb instaluar<\/p>\n<p>(1) En\u00eb 2L \/ 68 fl.oz.<\/p>\n<p>(1) Valvula topike e p\u00ebrshtat\u00ebsit universal n\u00eb mbar\u00eb bot\u00ebn (G1\/2\u201d &#8211; G3\/8\u201d &#8211; UNEF 9\/16\u201d-24 &#8211; JG 1\/4\u201d)<\/p>\n<p>(1) P\u00ebrshtat\u00ebs i fuqis\u00eb bot\u00ebrore<\/p>\n<p>(1) Rrotull shiriti Teflon<\/p>\n<p>(1) Tubi e kullimit<\/p>\n<p>(1) \u00e7el\u00ebs<\/p>\n<p>(1) Spina e tavolin\u00ebs s\u00eb pun\u00ebs<\/p>\n<p>(1) Valvula e kontrollit t\u00eb bashkimit \u00bc&#8221;.<\/p>\n<p>(2) \u00bc&#8221; montim shtyt\u00ebs p\u00ebr lidhje me b\u00ebrryl t\u00eb trungut<\/p>\n<p>(26 ft\/ 8 m) Tub uji \u00bc\u201d<\/p>\n<p>&nbsp;<\/p>\n","protected":false},"excerpt":{"rendered":"<p>ExtRO TO600 Sistemi i filtrimit t\u00eb ujit me osmoz\u00eb t\u00eb kund\u00ebrt t\u00eb banakut me shp\u00eblarje automatike Sistemi i filtrimit t\u00eb ujit me osmoz\u00eb t\u00eb kund\u00ebrt t\u00eb banakut t\u00eb nivelit t\u00eb lart\u00eb me nj\u00eb en\u00eb, parafilt\u00ebr karboni dhe 95 gpd R.O. element i membran\u00ebs. Ve\u00e7orit\u00eb p\u00ebrfshijn\u00eb pomp\u00ebn p\u00ebrforcuese t\u00eb integruar, shp\u00eblarjen automatike, filtrat e ndryshuesh\u00ebm t\u00eb [&hellip;]<\/p>\n","protected":false},"featured_media":2731,"comment_status":"open","ping_status":"closed","template":"","meta":[],"product_cat":[15],"product_tag":[],"class_list":{"0":"post-3030","1":"product","2":"type-product","3":"status-publish","4":"has-post-thumbnail","6":"product_cat-uncategorized","8":"first","9":"instock","10":"shipping-taxable","11":"product-type-simple","12":"add-to-wishlist-after_add_to_cart"},"_links":{"self":[{"href":"https:\/\/priofiltersalbania.al\/index.php\/wp-json\/wp\/v2\/product\/3030","targetHints":{"allow":["GET"]}}],"collection":[{"href":"https:\/\/priofiltersalbania.al\/index.php\/wp-json\/wp\/v2\/product"}],"about":[{"href":"https:\/\/priofiltersalbania.al\/index.php\/wp-json\/wp\/v2\/types\/product"}],"replies":[{"embeddable":true,"href":"https:\/\/priofiltersalbania.al\/index.php\/wp-json\/wp\/v2\/comments?post=3030"}],"wp:featuredmedia":[{"embeddable":true,"href":"https:\/\/priofiltersalbania.al\/index.php\/wp-json\/wp\/v2\/media\/2731"}],"wp:attachment":[{"href":"https:\/\/priofiltersalbania.al\/index.php\/wp-json\/wp\/v2\/media?parent=3030"}],"wp:term":[{"taxonomy":"product_cat","embeddable":true,"href":"https:\/\/priofiltersalbania.al\/index.php\/wp-json\/wp\/v2\/product_cat?post=3030"},{"taxonomy":"product_tag","embeddable":true,"href":"https:\/\/priofiltersalbania.al\/index.php\/wp-json\/wp\/v2\/product_tag?post=3030"}],"curies":[{"name":"wp","href":"https:\/\/api.w.org\/{rel}","templated":true}]}}