{"id":3031,"date":"2024-09-12T21:38:26","date_gmt":"2024-09-12T21:38:26","guid":{"rendered":"https:\/\/priofiltersalbania.al\/?post_type=product&#038;p=3031"},"modified":"2024-09-12T21:38:27","modified_gmt":"2024-09-12T21:38:27","slug":"prio-bravo-t100","status":"publish","type":"product","link":"https:\/\/priofiltersalbania.al\/index.php\/product\/prio-bravo-t100\/","title":{"rendered":"Prio Bravo T100"},"content":{"rendered":"<p><strong>Bravo T100<\/strong><\/p>\n<p>Filt\u00ebr uji &#8220;I gjithi \u2013 n\u00eb &#8211; nj\u00eb&#8221; me ultrafiltrim<\/p>\n<ul>\n<li>Filtrim me shum\u00eb faza me cil\u00ebsi t\u00eb lart\u00eb<\/li>\n<li>Element filtri me ndryshim t\u00eb leht\u00eb<\/li>\n<li>Konfigurim i shpejt\u00eb pa mjete<\/li>\n<li>P\u00ebrshtatet me \u00e7do rubinet<\/li>\n<li>Dizajni i bukur p\u00ebrputhet me \u00e7do stil kuzhine<\/li>\n<\/ul>\n<p>Filtri t\u00ebrheq\u00ebs, t\u00eb gjitha-n\u00eb-nj\u00eb, n\u00eb banak, me faz\u00eb filtrimi t\u00eb sedimentit, faz\u00ebn e thithjes s\u00eb karbonit t\u00eb aktivizuar nga l\u00ebvozhga e kokosit dhe faz\u00ebn p\u00ebrfundimtare t\u00eb membran\u00ebs ultrafiltruese 0,01 mikron p\u00ebr filtrim dhe kondicionim t\u00eb p\u00ebrsosur t\u00eb ujit, me elementin e filtrit t\u00eb ndryshimit t\u00eb menj\u00ebhersh\u00ebm t\u00eb bajonet\u00ebs me \u00e7erek kthese.<\/p>\n<p><strong>Zgjedhje ideale p\u00ebr apartamente me qira (dhe \u00e7do apartament tjet\u00ebr).<\/strong><\/p>\n<p>Instaloni at\u00eb n\u00eb pak minuta pa mjete dhe pa prekur nj\u00eb gj\u00eb n\u00eb kuvert\u00ebn e lavamanit ose sistemin hidraulik dhe filloni t\u00eb shijoni menj\u00ebher\u00eb ujin e shijsh\u00ebm dhe t\u00eb sigurt.<\/p>\n<p>P\u00ebrfshihet diverter me shum\u00eb funksione q\u00eb p\u00ebrshtatet pothuajse me \u00e7do rubinet t\u00eb lavamanit t\u00eb kuzhin\u00ebs. Ju nuk keni nevoj\u00eb t\u00eb montoni filtrin sa her\u00eb q\u00eb keni nevoj\u00eb p\u00ebr uj\u00eb t\u00eb past\u00ebr. Instaloni diverterin nj\u00eb her\u00eb n\u00eb rubinet dhe p\u00ebrdorni valvul\u00ebn e tij shum\u00ebfunksionale \u00e7do dit\u00eb p\u00ebr t\u00eb devijuar ujin n\u00eb filt\u00ebr kur keni nevoj\u00eb p\u00ebr uj\u00eb t\u00eb past\u00ebr ose anashkaloni filtrin p\u00ebr t\u00eb marr\u00eb uj\u00eb normal t\u00eb rubinetit. Keni nj\u00eb funksion sp\u00ebrkat\u00ebs dushi si bonus!<\/p>\n<p><strong>Uji i pijsh\u00ebm i sigurt, ndonj\u00ebher\u00eb m\u00eb i mir\u00eb<\/strong><\/p>\n<p>E shk\u00eblqyeshme p\u00ebr t\u00eb pir\u00eb, akullb\u00ebr\u00ebs, pije, kafe dhe \u00e7aj, gatim, sporte dhe madje edhe ushqim t\u00eb foshnj\u00ebs s\u00eb porsalindur.<\/p>\n<p>Bravo Filter Internals<\/p>\n<p><strong>Filtrim i thell\u00eb me shum\u00eb faza:<\/strong><\/p>\n<ul>\n<li>Parafilt\u00ebr polifonik i sedimentit 5 mikron<\/li>\n<li>Karboni i aktivizuar i grimcuar i kokosit<\/li>\n<li>Membrana me fibra t\u00eb uritur me ultrafiltrim<\/li>\n<\/ul>\n<p>Ky filt\u00ebr largon shumic\u00ebn e substancave t\u00eb d\u00ebmshme si klori i lir\u00eb, kloraminat, shijen dhe aromat e klorit nga uji i rubinetit duke e b\u00ebr\u00eb at\u00eb s\u00ebrish t\u00eb shijsh\u00ebm, t\u00eb fresk\u00ebt dhe jetik.<\/p>\n<p>Gjithashtu ndalon shumic\u00ebn e cisteve, baktereve, protist\u00ebve dhe viruseve dhe madje pastron ujin nga mikroplastika dhe poleni.<\/p>\n<p><strong>Membrana me fibra t\u00eb uritur me ultrafiltrim<\/strong><strong>\u00a0<\/strong><\/p>\n<p>Membrana e fibr\u00ebs s\u00eb zbraz\u00ebt ultrafiltruese p\u00ebrdoret n\u00eb Bravo T100<\/p>\n<p>Bravo T100 \u00ebsht\u00eb i vetmi filt\u00ebr uji me fib\u00ebr t\u00eb zbraz\u00ebt ultrafiltrues n\u00eb treg.<strong>\u00a0<\/strong><\/p>\n<p><strong>Filtri m\u00eb i leht\u00eb p\u00ebr t&#8217;u p\u00ebrdorur ende!<\/strong><\/p>\n<p>P\u00ebrfshihet valvula devijuese me shum\u00eb funksione me trokitje e leht\u00eb<\/p>\n<p>Lidhje pa mjete<\/p>\n<p>P\u00ebrshtat\u00ebsit universal\u00eb p\u00ebrshtaten me shumic\u00ebn e rubinetave<\/p>\n<p>Element filtri me kthes\u00eb \u00e7erek, me ndryshim t\u00eb menj\u00ebhersh\u00ebm<\/p>\n<p><strong>Bravo T100 \u00ebsht\u00eb kampion!<\/strong><\/p>\n<p>Ne e kemi b\u00ebr\u00eb k\u00ebt\u00eb filt\u00ebr uji t\u00eb banakut q\u00eb t\u00eb jet\u00eb efektiv, t\u00ebrheq\u00ebs dhe i g\u00ebzuesh\u00ebm.<\/p>\n","protected":false},"excerpt":{"rendered":"<p>Bravo T100 Filt\u00ebr uji &#8220;I gjithi \u2013 n\u00eb &#8211; nj\u00eb&#8221; me ultrafiltrim Filtrim me shum\u00eb faza me cil\u00ebsi t\u00eb lart\u00eb Element filtri me ndryshim t\u00eb leht\u00eb Konfigurim i shpejt\u00eb pa mjete P\u00ebrshtatet me \u00e7do rubinet Dizajni i bukur p\u00ebrputhet me \u00e7do stil kuzhine Filtri t\u00ebrheq\u00ebs, t\u00eb gjitha-n\u00eb-nj\u00eb, n\u00eb banak, me faz\u00eb filtrimi t\u00eb sedimentit, faz\u00ebn [&hellip;]<\/p>\n","protected":false},"featured_media":2796,"comment_status":"open","ping_status":"closed","template":"","meta":[],"product_cat":[15],"product_tag":[],"class_list":{"0":"post-3031","1":"product","2":"type-product","3":"status-publish","4":"has-post-thumbnail","6":"product_cat-uncategorized","8":"first","9":"instock","10":"shipping-taxable","11":"product-type-simple","12":"add-to-wishlist-after_add_to_cart"},"_links":{"self":[{"href":"https:\/\/priofiltersalbania.al\/index.php\/wp-json\/wp\/v2\/product\/3031","targetHints":{"allow":["GET"]}}],"collection":[{"href":"https:\/\/priofiltersalbania.al\/index.php\/wp-json\/wp\/v2\/product"}],"about":[{"href":"https:\/\/priofiltersalbania.al\/index.php\/wp-json\/wp\/v2\/types\/product"}],"replies":[{"embeddable":true,"href":"https:\/\/priofiltersalbania.al\/index.php\/wp-json\/wp\/v2\/comments?post=3031"}],"wp:featuredmedia":[{"embeddable":true,"href":"https:\/\/priofiltersalbania.al\/index.php\/wp-json\/wp\/v2\/media\/2796"}],"wp:attachment":[{"href":"https:\/\/priofiltersalbania.al\/index.php\/wp-json\/wp\/v2\/media?parent=3031"}],"wp:term":[{"taxonomy":"product_cat","embeddable":true,"href":"https:\/\/priofiltersalbania.al\/index.php\/wp-json\/wp\/v2\/product_cat?post=3031"},{"taxonomy":"product_tag","embeddable":true,"href":"https:\/\/priofiltersalbania.al\/index.php\/wp-json\/wp\/v2\/product_tag?post=3031"}],"curies":[{"name":"wp","href":"https:\/\/api.w.org\/{rel}","templated":true}]}}