{"id":3041,"date":"2024-09-12T21:54:25","date_gmt":"2024-09-12T21:54:25","guid":{"rendered":"https:\/\/priofiltersalbania.al\/?post_type=product&#038;p=3041"},"modified":"2024-10-21T11:05:53","modified_gmt":"2024-10-21T11:05:53","slug":"filter-10-ne-linje","status":"publish","type":"product","link":"https:\/\/priofiltersalbania.al\/index.php\/product\/filter-10-ne-linje\/","title":{"rendered":"Line 10&#8243;"},"content":{"rendered":"","protected":false},"excerpt":{"rendered":"<p>Filt\u00ebr uji 10 in\u00e7 Slimline me streh\u00eb transparente p\u00ebr filtrimin e sedimentit n\u00eb linj\u00eb<\/p>\n<p>Filtri \u00ebsht\u00eb krijuar p\u00ebr t\u00eb pastruar ujin e ftoht\u00eb nga grimcat mekanike: ndryshku, r\u00ebra, llumi, etj.<\/p>\n<p>Korrigjon ngjyr\u00ebn e ujit dhe zvog\u00eblon turbullir\u00ebn e tij.<\/p>\n<p>Zgjat jet\u00ebn e pajisjeve sht\u00ebpiake dhe pajisjeve hidraulike. Ai p\u00ebrmir\u00ebson cil\u00ebsin\u00eb e ujit t\u00eb pijsh\u00ebm dhe vepron si nj\u00eb parafilt\u00ebr p\u00ebr pajisjet e pastrimit t\u00eb ujit.<\/p>\n<p>Fisheku i pastrimit mekanik i b\u00ebr\u00eb nga polipropileni me madh\u00ebsi karakteristike t\u00eb poreve prej 0.02 mikron.<\/p>\n<p>Antibakterial<\/p>\n<p>P\u00ebrmbajtja: polipropilen jo i endur 0.02 mikron<\/p>\n<p>Temperatura e funksionimit: +2 &#8211; +35 \u043e\u0421<\/p>\n<p>Shkalla e rekomanduar e filtrimit t\u00eb ujit: deri n\u00eb 4 l\/min.<\/p>\n<p>Shkalla e largimit t\u00eb grimcave mekanike m\u00eb t\u00eb m\u00ebdha se 0.02 mikron: deri n\u00eb 99%<\/p>\n<p>Afati i ruajtjes (deri n\u00eb instalim): i pakufizuar<\/p>\n<p>Jet\u00ebgjat\u00ebsia: 6 muaj<\/p>\n","protected":false},"featured_media":2791,"comment_status":"open","ping_status":"closed","template":"","meta":[],"product_cat":[15,72],"product_tag":[],"class_list":{"0":"post-3041","1":"product","2":"type-product","3":"status-publish","4":"has-post-thumbnail","6":"product_cat-uncategorized","7":"product_cat-filter","9":"first","10":"instock","11":"shipping-taxable","12":"product-type-simple","13":"add-to-wishlist-after_add_to_cart"},"_links":{"self":[{"href":"https:\/\/priofiltersalbania.al\/index.php\/wp-json\/wp\/v2\/product\/3041","targetHints":{"allow":["GET"]}}],"collection":[{"href":"https:\/\/priofiltersalbania.al\/index.php\/wp-json\/wp\/v2\/product"}],"about":[{"href":"https:\/\/priofiltersalbania.al\/index.php\/wp-json\/wp\/v2\/types\/product"}],"replies":[{"embeddable":true,"href":"https:\/\/priofiltersalbania.al\/index.php\/wp-json\/wp\/v2\/comments?post=3041"}],"wp:featuredmedia":[{"embeddable":true,"href":"https:\/\/priofiltersalbania.al\/index.php\/wp-json\/wp\/v2\/media\/2791"}],"wp:attachment":[{"href":"https:\/\/priofiltersalbania.al\/index.php\/wp-json\/wp\/v2\/media?parent=3041"}],"wp:term":[{"taxonomy":"product_cat","embeddable":true,"href":"https:\/\/priofiltersalbania.al\/index.php\/wp-json\/wp\/v2\/product_cat?post=3041"},{"taxonomy":"product_tag","embeddable":true,"href":"https:\/\/priofiltersalbania.al\/index.php\/wp-json\/wp\/v2\/product_tag?post=3041"}],"curies":[{"name":"wp","href":"https:\/\/api.w.org\/{rel}","templated":true}]}}